{"id":12,"date":"2016-06-09T10:51:50","date_gmt":"2016-06-09T10:51:50","guid":{"rendered":"https:\/\/bibliotecaetsiibejar.usal.es\/?page_id=12"},"modified":"2023-02-02T12:01:42","modified_gmt":"2023-02-02T12:01:42","slug":"ai","status":"publish","type":"page","link":"https:\/\/bibliotecaetsiibejar.usal.es\/en\/ai\/","title":{"rendered":"Formaci\u00f3n de usuarios"},"content":{"rendered":"<p><\/p>\n<p align=\"justify;\">Sabemos que el mundo de la informaci\u00f3n es muy amplio, incluso si lo restringimos a un \u00e1rea muy espec\u00edfica sigue siendo demasiado grande<\/p>\n<p>Tenemos que saber&#8230;<img loading=\"lazy\" decoding=\"async\" class=\"alignnone wp-image-182\" src=\"https:\/\/bibliotecaetsiibejar.nwcds.usal.es\/wp-content\/uploads\/sites\/111\/2016\/06\/escalera-2-300x85.png\" alt=\"escalera 2\" width=\"752\" height=\"213\" srcset=\"https:\/\/bibliotecaetsiibejar.usal.es\/wp-content\/uploads\/sites\/111\/2016\/06\/escalera-2-300x85.png 300w, https:\/\/bibliotecaetsiibejar.usal.es\/wp-content\/uploads\/sites\/111\/2016\/06\/escalera-2.png 757w\" sizes=\"auto, (max-width: 752px) 100vw, 752px\" \/><\/p>\n<p>Esta p\u00e1gina de nuestra WEB te va a ayudar a realizar todo esto para que seas t\u00fa el que domine a la informaci\u00f3n.Puedes seleccionar los temas que hemos preparado o ver nuestras gu\u00edas en los v\u00eddeos de nuestro canal YouTube, nuestros PDF o Infograf\u00edas.<\/p>\n<div style=\"padding: 1%;float: left;cursor: pointer;width: 30%\">\n<p align=\"center\"><a href=\"https:\/\/bibliotecaetsiibejar.usal.es\/?page_id=232\"><img loading=\"lazy\" decoding=\"async\" class=\"wp-image-1004 aligncenter\" src=\"https:\/\/bibliotecaetsiibejar.nwcds.usal.es\/wp-content\/uploads\/sites\/111\/2016\/07\/boton1-300x91.png\" alt=\"boton1\" width=\"247\" height=\"75\" srcset=\"https:\/\/bibliotecaetsiibejar.usal.es\/wp-content\/uploads\/sites\/111\/2016\/07\/boton1-300x91.png 300w, https:\/\/bibliotecaetsiibejar.usal.es\/wp-content\/uploads\/sites\/111\/2016\/07\/boton1.png 674w\" sizes=\"auto, (max-width: 247px) 100vw, 247px\" \/><\/a><\/p>\n<p align=\"center\"><a href=\"https:\/\/bibliotecaetsiibejar.usal.es\/?page_id=350\"><img loading=\"lazy\" decoding=\"async\" class=\"wp-image-1005 aligncenter\" src=\"https:\/\/bibliotecaetsiibejar.nwcds.usal.es\/wp-content\/uploads\/sites\/111\/2016\/07\/boton2-300x91.png\" alt=\"boton2\" width=\"247\" height=\"75\" \/><\/a><\/p>\n<p align=\"center\"><a href=\"https:\/\/bibliotecaetsiibejar.usal.es\/?page_id=519\"><img loading=\"lazy\" decoding=\"async\" class=\"wp-image-1006 aligncenter\" src=\"https:\/\/bibliotecaetsiibejar.nwcds.usal.es\/wp-content\/uploads\/sites\/111\/2016\/07\/boton3-300x91.png\" alt=\"boton3\" width=\"247\" height=\"75\" \/><\/a><\/p>\n<p align=\"center\">\n<\/div>\n<div style=\"padding: 1%;float: left;width: 30%\">\n<p align=\"center\"><a href=\"https:\/\/bibliotecas.usal.es\/agenda\" target=\"_blank\" rel=\"noopener\"><img loading=\"lazy\" decoding=\"async\" class=\"wp-image-1010 aligncenter\" src=\"https:\/\/bibliotecaetsiibejar.nwcds.usal.es\/wp-content\/uploads\/sites\/111\/2016\/07\/boton9-300x91.png\" alt=\"boton9\" width=\"247\" height=\"75\" \/><\/a><a href=\"https:\/\/bibliotecaetsiibejar.usal.es\/?page_id=352\"><img loading=\"lazy\" decoding=\"async\" class=\"wp-image-1007 aligncenter\" src=\"https:\/\/bibliotecaetsiibejar.nwcds.usal.es\/wp-content\/uploads\/sites\/111\/2016\/07\/boton4-300x91.png\" alt=\"boton4\" width=\"247\" height=\"75\" \/><\/a><\/p>\n<p align=\"center\"><a href=\"https:\/\/bibliotecaetsiibejar.usal.es\/?page_id=1248\"><img loading=\"lazy\" decoding=\"async\" class=\"size-medium wp-image-1235 aligncenter\" src=\"https:\/\/bibliotecaetsiibejar.nwcds.usal.es\/wp-content\/uploads\/sites\/111\/2016\/06\/Glosario-terminos-300x91.png\" alt=\"Glosario terminos\" width=\"247\" height=\"75\" \/><\/a><a href=\"https:\/\/bibliotecaetsiibejar.nwcds.usal.es\/wp-content\/uploads\/sites\/111\/2016\/07\/cdu-clasificacion.pdf\" target=\"_blank\" rel=\"noopener\"><img loading=\"lazy\" decoding=\"async\" class=\"size-medium wp-image-1233 alignnone\" src=\"https:\/\/bibliotecaetsiibejar.nwcds.usal.es\/wp-content\/uploads\/sites\/111\/2016\/06\/clasificacion-de-fuentes-documentales-300x91.png\" alt=\"clasificacion de fuentes documentales\" width=\"247\" height=\"75\" srcset=\"https:\/\/bibliotecaetsiibejar.usal.es\/wp-content\/uploads\/sites\/111\/2016\/06\/clasificacion-de-fuentes-documentales-300x91.png 300w, https:\/\/bibliotecaetsiibejar.usal.es\/wp-content\/uploads\/sites\/111\/2016\/06\/clasificacion-de-fuentes-documentales.png 674w\" sizes=\"auto, (max-width: 247px) 100vw, 247px\" \/><\/a><\/p>\n<\/div>\n<div style=\"padding: 1%;float: left;width: 30%\">\n<p align=\"center\"><a href=\"https:\/\/bibliotecaetsiibejar.usal.es\/?page_id=16\"><img loading=\"lazy\" decoding=\"async\" class=\"wp-image-1008 aligncenter\" src=\"https:\/\/bibliotecaetsiibejar.nwcds.usal.es\/wp-content\/uploads\/sites\/111\/2016\/07\/boton5-1-300x91.png\" alt=\"boton5\" width=\"247\" height=\"75\" \/><\/a><\/p>\n<p align=\"center\"><a href=\"https:\/\/bibliotecaetsiibejar.usal.es\/?page_id=494\"><img loading=\"lazy\" decoding=\"async\" class=\"wp-image-1011 aligncenter\" src=\"https:\/\/bibliotecaetsiibejar.nwcds.usal.es\/wp-content\/uploads\/sites\/111\/2016\/07\/boton12-1-300x91.png\" alt=\"boton12\" width=\"247\" height=\"75\" \/><\/a><\/p>\n<p align=\"center\"><a href=\"https:\/\/bibliotecaetsiibejar.usal.es\/?page_id=1246\"><img loading=\"lazy\" decoding=\"async\" class=\"size-medium wp-image-1234 aligncenter\" src=\"https:\/\/bibliotecaetsiibejar.nwcds.usal.es\/wp-content\/uploads\/sites\/111\/2016\/06\/estarinformado-300x91.png\" alt=\"estarinformado\" width=\"247\" height=\"75\" srcset=\"https:\/\/bibliotecaetsiibejar.usal.es\/wp-content\/uploads\/sites\/111\/2016\/06\/estarinformado-300x91.png 300w, https:\/\/bibliotecaetsiibejar.usal.es\/wp-content\/uploads\/sites\/111\/2016\/06\/estarinformado.png 674w\" sizes=\"auto, (max-width: 247px) 100vw, 247px\" \/><\/a><\/p>\n<p align=\"center\">\n<\/div>\n<p><\/p>","protected":false},"excerpt":{"rendered":"<p>Sabemos que el mundo de la informaci\u00f3n es muy amplio, incluso si lo restringimos a un \u00e1rea muy espec\u00edfica sigue siendo demasiado grande Tenemos que saber&#8230; Esta p\u00e1gina de nuestra WEB te va a ayudar a realizar todo esto para &hellip; <a href=\"https:\/\/bibliotecaetsiibejar.usal.es\/en\/ai\/\">Continued<\/a><\/p>\n","protected":false},"author":134,"featured_media":0,"parent":0,"menu_order":0,"comment_status":"closed","ping_status":"closed","template":"","meta":{"footnotes":""},"class_list":["post-12","page","type-page","status-publish","hentry"],"aioseo_notices":[],"_links":{"self":[{"href":"https:\/\/bibliotecaetsiibejar.usal.es\/en\/wp-json\/wp\/v2\/pages\/12","targetHints":{"allow":["GET"]}}],"collection":[{"href":"https:\/\/bibliotecaetsiibejar.usal.es\/en\/wp-json\/wp\/v2\/pages"}],"about":[{"href":"https:\/\/bibliotecaetsiibejar.usal.es\/en\/wp-json\/wp\/v2\/types\/page"}],"author":[{"embeddable":true,"href":"https:\/\/bibliotecaetsiibejar.usal.es\/en\/wp-json\/wp\/v2\/users\/134"}],"replies":[{"embeddable":true,"href":"https:\/\/bibliotecaetsiibejar.usal.es\/en\/wp-json\/wp\/v2\/comments?post=12"}],"version-history":[{"count":2,"href":"https:\/\/bibliotecaetsiibejar.usal.es\/en\/wp-json\/wp\/v2\/pages\/12\/revisions"}],"predecessor-version":[{"id":2828,"href":"https:\/\/bibliotecaetsiibejar.usal.es\/en\/wp-json\/wp\/v2\/pages\/12\/revisions\/2828"}],"wp:attachment":[{"href":"https:\/\/bibliotecaetsiibejar.usal.es\/en\/wp-json\/wp\/v2\/media?parent=12"}],"curies":[{"name":"wp","href":"https:\/\/api.w.org\/{rel}","templated":true}]}}