{"id":1225,"date":"2016-07-19T09:38:53","date_gmt":"2016-07-19T07:38:53","guid":{"rendered":"https:\/\/bibliotecaetsiibejar.usal.es\/?page_id=1225"},"modified":"2016-07-19T09:38:53","modified_gmt":"2016-07-19T07:38:53","slug":"mapa-web","status":"publish","type":"page","link":"https:\/\/bibliotecaetsiibejar.usal.es\/en\/mapa-web\/","title":{"rendered":"Mapa de sitio"},"content":{"rendered":"<div style=\"float: left;width: 50%\">\n<ul>\n<li><a href=\"https:\/\/bibliotecaetsiibejar.usal.es\/\"><span style=\"font-size: x-large\">Inicio<\/span><\/a><\/li>\n<li><a href=\"https:\/\/bibliotecaetsiibejar.usal.es\/?page_id=10\"><span style=\"font-size: x-large\">Nosotros<\/span><\/a>\n<ul>\n<li><a href=\"http:\/\/sabus.usal.es\/pdf\/Normativa_Prestamo.pdf\" target=\"_blank\" rel=\"noopener\">Pr\u00e9stamo de fondo bibliogr\u00e1fico USAL<\/a><\/li>\n<li><a href=\"http:\/\/sabus.usal.es\/pdf\/reglamento_port.pdf\" target=\"_blank\" rel=\"noopener\">Pr\u00e9stamo de port\u00e1tiles USAL<\/a><\/li>\n<li><a href=\"http:\/\/sabus.usal.es\/pdf\/reglamento_port.pdf\" target=\"_blank\" rel=\"noopener\">Pr\u00e9stamo de lectores electr\u00f3nicos USAL<\/a><\/li>\n<li><a href=\"http:\/\/sabus.usal.es\/pdf\/Reg_Uso_Bibliotecas_2011.pdf\" target=\"_blank\" rel=\"noopener\">Reglamento de uso de bibliotecas de la USAL<\/a><\/li>\n<li><a href=\"http:\/\/sabus.usal.es\/pdf\/Adenda_Reglamentos.pdf\" target=\"_blank\" rel=\"noopener\">Incumplimiento de normativa<\/a><\/li>\n<\/ul>\n<\/li>\n<li><a href=\"https:\/\/bibliotecaetsiibejar.usal.es\/?page_id=12\"><span style=\"font-size: x-large\">Formaci\u00f3n<\/span><\/a>\n<ul>\n<li><a href=\"https:\/\/bibliotecaetsiibejar.usal.es\/?page_id=232\">Empieza<\/a><\/li>\n<li><a href=\"https:\/\/bibliotecaetsiibejar.usal.es\/?page_id=350\">Sobre buscadores<\/a><\/li>\n<li><a href=\"https:\/\/bibliotecaetsiibejar.usal.es\/?page_id=519\">Gestores bibliogr\u00e1ficos<\/a><\/li>\n<li><a href=\"https:\/\/bibliotecaetsiibejar.usal.es\/?page_id=352\">C\u00f3mo citar<\/a><\/li>\n<li><a href=\"https:\/\/bibliotecaetsiibejar.usal.es\/?page_id=16\">Trabajos in\u00e9ditos<\/a><\/li>\n<li><a href=\"https:\/\/bibliotecaetsiibejar.nwcds.usal.es\/wp-content\/uploads\/sites\/111\/2016\/07\/cdu-clasificacion.pdf\" target=\"_blank\" rel=\"noopener\">Clasificaci\u00f3n de fuentes documentales<\/a><\/li>\n<li><a href=\"https:\/\/bibliotecaetsiibejar.usal.es\/?page_id=494\">Recursos lengua inglesa<\/a><\/li>\n<li><a href=\"https:\/\/bibliotecaetsiibejar.usal.es\/?page_id=1246\">Acceso abierto<\/a><\/li>\n<\/ul>\n<\/li>\n<li><a href=\"https:\/\/bibliotecaetsiibejar.usal.es\/?page_id=2\"><span style=\"font-size: x-large\">Cat\u00e1logos<\/span><\/a><\/li>\n<\/ul>\n<\/div>\n<div style=\"float: left;width: 50%\">\n<ul>\n<li><a href=\"https:\/\/bibliotecaetsiibejar.usal.es\/?page_id=16\"><span style=\"font-size: x-large\">Investigadores<\/span><\/a>\n<ul>\n<li><a href=\"https:\/\/bibliotecaetsiibejar.usal.es\/?page_id=1350\">Elaboraci\u00f3n de trabajos cient\u00edficos<\/a><\/li>\n<li><a href=\"https:\/\/bibliotecaetsiibejar.usal.es\/?page_id=352\">Citas y bibliograf\u00eda<\/a><\/li>\n<li><a href=\"https:\/\/bibliotecaetsiibejar.usal.es\/?page_id=519\">Gestores bibliogr\u00e1ficos<\/a><\/li>\n<li><a href=\"https:\/\/bibliotecaetsiibejar.usal.es\/?page_id=1611\">Acreditaci\u00f3n<\/a><\/li>\n<li><a href=\"https:\/\/bibliotecaetsiibejar.usal.es\/?page_id=1246\">Acceso abierto<\/a><\/li>\n<li><a href=\"https:\/\/bibliotecaetsiibejar.usal.es\/?page_id=1502\">Publicaci\u00f3n e identificaci\u00f3n<\/a><\/li>\n<li><a href=\"https:\/\/bibliotecaetsiibejar.usal.es\/?page_id=1702\">\u00cdndice de citas y factor de impacto<\/a><\/li>\n<li><a href=\"https:\/\/bibliotecaetsiibejar.usal.es\/?page_id=1882\">Propiedad intelectual<\/a><\/li>\n<li><a href=\"https:\/\/bibliotecaetsiibejar.usal.es\/?page_id=2013\">Datos estructurados en abierto<\/a><\/li>\n<\/ul>\n<\/li>\n<li><a href=\"https:\/\/bibliotecaetsiibejar.usal.es\/?page_id=14\"><span style=\"font-size: x-large\">Servicios<\/span><\/a>\n<ul>\n<li><a href=\"https:\/\/bibliotecaetsiibejar.usal.es\/?page_id=425\">Pr\u00e9stamo<\/a><\/li>\n<li><a href=\"https:\/\/bibliotecaetsiibejar.usal.es\/?page_id=469\">Espacios y equipos<\/a><\/li>\n<li><a href=\"https:\/\/bibliotecaetsiibejar.usal.es\/?page_id=645\">Mi biblioteca<\/a><\/li>\n<li><a href=\"https:\/\/bibliotecaetsiibejar.usal.es\/?page_id=650\">Tecnolog\u00eda<\/a><\/li>\n<li><a href=\"https:\/\/bibliotecaetsiibejar.usal.es\/?page_id=656\">Servicio de informaci\u00f3n y referencia<\/a><\/li>\n<li><a href=\"https:\/\/bibliotecaetsiibejar.usal.es\/?page_id=658\">Desideratas<\/a><\/li>\n<li><a href=\"https:\/\/bibliotecaetsiibejar.usal.es\/?page_id=752\">Formulario<\/a><\/li>\n<li><a href=\"https:\/\/bibliotecaetsiibejar.usal.es\/?page_id=12\">Formaci\u00f3n<\/a><\/li>\n<li><a href=\"https:\/\/bibliotecaetsiibejar.usal.es\/?page_id=754\">Estar informado<\/a><\/li>\n<\/ul>\n<\/li>\n<li><a href=\"https:\/\/bibliotecaetsiibejar.usal.es\/?page_id=18\"><span style=\"font-size: x-large\">Enlaces de inter\u00e9s<\/span><\/a><\/li>\n<\/ul>\n<\/div>\n","protected":false},"excerpt":{"rendered":"<p>Inicio Nosotros Pr\u00e9stamo de fondo bibliogr\u00e1fico USAL Pr\u00e9stamo de port\u00e1tiles USAL Pr\u00e9stamo de lectores electr\u00f3nicos USAL Reglamento de uso de bibliotecas de la USAL Incumplimiento de normativa Formaci\u00f3n Empieza Sobre buscadores Gestores bibliogr\u00e1ficos C\u00f3mo citar Trabajos in\u00e9ditos Clasificaci\u00f3n de fuentes &hellip; <a href=\"https:\/\/bibliotecaetsiibejar.usal.es\/en\/mapa-web\/\">Continued<\/a><\/p>\n","protected":false},"author":134,"featured_media":0,"parent":0,"menu_order":0,"comment_status":"closed","ping_status":"closed","template":"","meta":{"footnotes":""},"class_list":["post-1225","page","type-page","status-publish","hentry"],"aioseo_notices":[],"_links":{"self":[{"href":"https:\/\/bibliotecaetsiibejar.usal.es\/en\/wp-json\/wp\/v2\/pages\/1225","targetHints":{"allow":["GET"]}}],"collection":[{"href":"https:\/\/bibliotecaetsiibejar.usal.es\/en\/wp-json\/wp\/v2\/pages"}],"about":[{"href":"https:\/\/bibliotecaetsiibejar.usal.es\/en\/wp-json\/wp\/v2\/types\/page"}],"author":[{"embeddable":true,"href":"https:\/\/bibliotecaetsiibejar.usal.es\/en\/wp-json\/wp\/v2\/users\/134"}],"replies":[{"embeddable":true,"href":"https:\/\/bibliotecaetsiibejar.usal.es\/en\/wp-json\/wp\/v2\/comments?post=1225"}],"version-history":[{"count":0,"href":"https:\/\/bibliotecaetsiibejar.usal.es\/en\/wp-json\/wp\/v2\/pages\/1225\/revisions"}],"wp:attachment":[{"href":"https:\/\/bibliotecaetsiibejar.usal.es\/en\/wp-json\/wp\/v2\/media?parent=1225"}],"curies":[{"name":"wp","href":"https:\/\/api.w.org\/{rel}","templated":true}]}}