{"id":1246,"date":"2016-07-19T12:34:10","date_gmt":"2016-07-19T10:34:10","guid":{"rendered":"https:\/\/bibliotecaetsiibejar.usal.es\/?page_id=1246"},"modified":"2023-02-02T12:18:46","modified_gmt":"2023-02-02T12:18:46","slug":"estar-informado-2-2","status":"publish","type":"page","link":"https:\/\/bibliotecaetsiibejar.usal.es\/en\/estar-informado-2-2\/","title":{"rendered":"Acceso abierto &#8211; Open Access &#8211; OA"},"content":{"rendered":"<p><\/p>\n<div style=\"padding: 10px;float: left;width: 22%\" align=\"left\"><a href=\"https:\/\/bibliotecaetsiibejar.nwcds.usal.es\/wp-content\/uploads\/sites\/111\/2016\/07\/Sin-nombre.png\" target=\"_blank\" rel=\"noopener\"><img loading=\"lazy\" decoding=\"async\" class=\"wp-image-1944 aligncenter\" src=\"https:\/\/bibliotecaetsiibejar.nwcds.usal.es\/wp-content\/uploads\/sites\/111\/2016\/07\/Sin-nombre-300x225.png\" alt=\"Sin nombre\" width=\"367\" height=\"275\" \/><\/a><\/div>\n<div style=\"padding: 10px;float: left;width: 22%\" align=\"left\"><a href=\"https:\/\/bibliotecaetsiibejar.nwcds.usal.es\/wp-content\/uploads\/sites\/111\/2016\/07\/Sin-nombre2-1.png\" target=\"_blank\" rel=\"noopener\"><img loading=\"lazy\" decoding=\"async\" class=\"size-medium wp-image-1949 aligncenter\" src=\"https:\/\/bibliotecaetsiibejar.nwcds.usal.es\/wp-content\/uploads\/sites\/111\/2016\/07\/Sin-nombre2-300x225.png\" alt=\"Sin nombre2\" width=\"300\" height=\"225\" \/><\/a><\/div>\n<div style=\"padding: 10px;float: left;width: 22%\" align=\"left\"><a href=\"https:\/\/bibliotecaetsiibejar.nwcds.usal.es\/wp-content\/uploads\/sites\/111\/2016\/07\/Sin-nombre3-1.png\" target=\"_blank\" rel=\"noopener\"><img loading=\"lazy\" decoding=\"async\" class=\"size-medium wp-image-1950 aligncenter\" src=\"https:\/\/bibliotecaetsiibejar.nwcds.usal.es\/wp-content\/uploads\/sites\/111\/2016\/07\/Sin-nombre3-300x225.png\" alt=\"Sin nombre3\" width=\"300\" height=\"225\" \/><\/a><\/div>\n<div style=\"padding: 10px;float: left;width: 22%\" align=\"left\"><a href=\"https:\/\/bibliotecaetsiibejar.nwcds.usal.es\/wp-content\/uploads\/sites\/111\/2016\/07\/Sin-nombre4-1.png\" target=\"_blank\" rel=\"noopener\"><img loading=\"lazy\" decoding=\"async\" class=\"size-medium wp-image-1951 aligncenter\" src=\"https:\/\/bibliotecaetsiibejar.nwcds.usal.es\/wp-content\/uploads\/sites\/111\/2016\/07\/Sin-nombre4-300x225.png\" alt=\"Sin nombre4\" width=\"300\" height=\"225\" \/><\/a><\/div>\n<div style=\"padding: 0px 10px 10px 10px;float: left;width: 22%;text-align: center\" align=\"left\">\n<p style=\"text-align: center\">Qu\u00e9 es un repositorio institucional.<\/p>\n<h3 style=\"text-align: center\">Mandatos Recolectores<\/h3>\n<p style=\"text-align: justify\"><strong><span style=\"text-decoration: underline\">El OA comienza<\/span><\/strong> en 1991 con el repositorio <a href=\"https:\/\/arxiv.org\/\" target=\"_blank\" rel=\"noopener\">arXiv<\/a>. Su desarrollo m\u00e1s pleno ser\u00e1 en el 2002, a\u00f1o en el que este modelo de publicaci\u00f3n es conocido internacionalmente por las siguientes declaraciones.<\/p>\n<p style=\"text-align: justify\"><a href=\"https:\/\/bibliotecaetsiibejar.nwcds.usal.es\/wp-content\/uploads\/sites\/111\/2016\/07\/1-Iniciativa-de-Budapest-para-el-Acceso-Abierto-ok.pdf\" target=\"_blank\" rel=\"noopener\">2002 &#8211; BOAI &#8211; Budapest OA Initiative [es].<\/a><\/p>\n<p style=\"text-align: justify\"><a href=\"https:\/\/bibliotecaetsiibejar.nwcds.usal.es\/wp-content\/uploads\/sites\/111\/2016\/07\/2-2003-Declaracion-de-Bethesda-sobre-Publicacion-de-Acceso-Abierto.pdf\" target=\"_blank\" rel=\"noopener\">2003 Declaraci\u00f3n de Bethesda sobre Publicaci\u00f3n de Acceso Abierto.<\/a><\/p>\n<p style=\"text-align: justify\"><a href=\"https:\/\/bibliotecaetsiibejar.nwcds.usal.es\/wp-content\/uploads\/sites\/111\/2016\/07\/3-2003-Berlin_sp.pdf\" target=\"_blank\" rel=\"noopener\">2003 Declaraci\u00f3n de Berl\u00edn sobre Acceso Abierto.<\/a><\/p>\n<p style=\"text-align: justify\"><a href=\"https:\/\/bibliotecaetsiibejar.nwcds.usal.es\/wp-content\/uploads\/sites\/111\/2016\/07\/4-declaracion_de_la_alhambra-2010.pdf\" target=\"_blank\" rel=\"noopener\">2010 Declaraci\u00f3n de la Alhambra.<\/a><\/p>\n<p style=\"text-align: center\"><strong>RECOLECTORES<\/strong><br \/>\n<strong> Y REGISTRO<\/strong><\/p>\n<p style=\"text-align: justify\"><img loading=\"lazy\" decoding=\"async\" class=\"alignnone size-medium wp-image-2002\" src=\"https:\/\/bibliotecaetsiibejar.nwcds.usal.es\/wp-content\/uploads\/sites\/111\/2016\/07\/gredos-1-300x188.png\" alt=\"gredos\" width=\"300\" height=\"188\" srcset=\"https:\/\/bibliotecaetsiibejar.usal.es\/wp-content\/uploads\/sites\/111\/2016\/07\/gredos-1-300x188.png 300w, https:\/\/bibliotecaetsiibejar.usal.es\/wp-content\/uploads\/sites\/111\/2016\/07\/gredos-1.png 640w\" sizes=\"auto, (max-width: 300px) 100vw, 300px\" \/><\/p>\n<p style=\"text-align: justify\">Repositorio Universidad de Salamanca.<\/p>\n<p style=\"text-align: justify\"><a href=\"http:\/\/recolecta.fecyt.es\/\" target=\"_blank\" rel=\"noopener\">RECOLECTA o Recolector de Ciencia Abierta<\/a> es una plataforma que agrupa a todos los repositorios cient\u00edficos nacionales y que provee de servicios a los gestores de repositorios, a los investigadores y a los agentes implicados en la elaboraci\u00f3n de pol\u00edticas (decisores p\u00fablicos).<\/p>\n<p style=\"text-align: justify\"><a href=\"https:\/\/www.openaire.eu\/\" target=\"_blank\" rel=\"noopener\">OpenAIRE<\/a> ofrece acceso libre y gratuito a documentos sobre la investigaci\u00f3n financiada por la UE. Especialmente en materia de salud, energ\u00eda, medio amiente, tecnolog\u00eda de la informaci\u00f3n y las comunicaciones, infraestructuras de investigaci\u00f3n, ciencias sociales&#8230;RECIENTEMENTE HA ASUMIDO la infraestructura de<br \/>\nDriver una plataforma europea que ha ofrecido durante 6 a\u00f1os libre acceso a m\u00e1s de 295 repositorios digitales junto a otros servicios para investigadores, administradores y p\u00fablico en general.<\/p>\n<p style=\"text-align: justify\"><a href=\"http:\/\/oaister.worldcat.org\/\" target=\"_blank\" rel=\"noopener\">OAIster<\/a> es un cat\u00e1logo colectivo de la OCLC con millones de recursos de libre acceso. Su objetico es la recolecci\u00f3n de recursos que tienen base en el protocolo OAI-PMH (OAI-PMH). Hoy en d\u00eda, OAIster incluye m\u00e1s de 30 millones de m\u00e1s de 1.500 colaboradores. Este cat\u00e1logo permite que su trabajo cient\u00edfico en Acceso Libre sea visible en todo el mundo.<\/p>\n<p style=\"text-align: justify\"><a href=\"http:\/\/www.europeana.eu\/portal\/es\" target=\"_blank\" rel=\"noopener\">Europeana<\/a> comenz\u00f3 siendo un proyecto de Biblioteca Digital Europea, en este momento contiene gran parte del patrimonio art\u00edstico europeo. Este portal est\u00e1 implicado en el nuevo concepto Open Linked Data en su sitio Labs. Este concepto es un nuevo salto para la investigaci\u00f3n cient\u00edfica ya que pretende que los datos de investigaci\u00f3n, entre otros, est\u00e9n disponibles y puedan ser reutilizados de forma libre. Esto es una garant\u00eda para la veracidad de las investigaciones.<\/p>\n<p style=\"text-align: justify\"><a href=\"http:\/\/roar.eprints.org\/\">ROAR<\/a> es el registro de Repositorios Open Access. Permite encontrar un repositorio por localizaci\u00f3n, tipo, software y a\u00f1o. Ofrece visualizar el crecimiento de un repositorio y su posici\u00f3n actual. Con tecnolog\u00eda Open Data. En el siguiente <a href=\"https:\/\/bibliotecaetsiibejar.nwcds.usal.es\/wp-content\/uploads\/sites\/111\/2016\/07\/5-Browse-by-Country-Registry-of-Open-Access-Repositories.pdf\" target=\"_blank\" rel=\"noopener\">PDF<\/a>\u00a0podr\u00e1 ver los 162 repositorios en Espa\u00f1a tras realizar una consulta al buscador de ROAR. Este mismo documento\u00a0tiene un enlace en cada repositorio para conocer su actividad.<\/p>\n<p style=\"text-align: justify\"><a href=\"https:\/\/scholar.google.es\/\">GOOGLE ACAD\u00c9MICO<\/a><\/p>\n<\/div>\n<div style=\"padding: 0px 10px 10px 10px;float: left;width: 22%;text-align: center\" align=\"left\">\n<p style=\"text-align: center\">Conserva tus derechos de autor frente a las editoriales.<\/p>\n<h3>\n<br \/>Pol\u00edticas OA<\/h3>\n<p><strong>Uni\u00f3n Europea<\/strong><\/p>\n<p style=\"text-align: justify\">Dentro del 7\u00ba Programa Marco de Investigaci\u00f3n, Desarrollo Tecnol\u00f3gico e Innovaci\u00f3n de la Comisi\u00f3n Europea (2007-2013) requiere que todos los art\u00edculos de investigaci\u00f3n revisados por PARES o manuscritos finales de investigaci\u00f3n sean depositados en l\u00ednea.<\/p>\n<p style=\"text-align: justify\">Horizonte 2020, donde se consolida el principio de que todos los art\u00edculos producidos con financiaci\u00f3n europea tendr\u00e1n que ser accesibles en abierto a partir de 2014, sea por publicaci\u00f3n en acceso abierto o difusi\u00f3n, despu\u00e9s de un embargo limitado, en repositorios de acceso abierto.<\/p>\n<p><strong>Espa\u00f1a<\/strong><\/p>\n<p style=\"text-align: justify\">Ley 14\/2011, de 1 de junio, de la Ciencia, la Tecnolog\u00eda y la Innovaci\u00f3n. Art.37 &#8211; Todos los investigadores cuya actividad haya sido financiada mayoritariamente con los Presupuestos Generales del Estado est\u00e1n obligados a publicar en acceso abierto una versi\u00f3n electr\u00f3nica de los contenidos aceptados para publicaci\u00f3n en publicaciones de investigaci\u00f3n.<\/p>\n<p style=\"text-align: justify\">Real Decreto 99\/2011, de 10 de febrero de 2011 por el que se regulan las ense\u00f1anzas oficiales de doctorado, en su art\u00edculo 14.5, establece que: \u201cUna vez aprobada la tesis doctoral, la universidad se ocupar\u00e1 de su archivo en formato electr\u00f3nico abierto en un repositorio institucional y remitir\u00e1, en formato electr\u00f3nico, un ejemplar de la misma as\u00ed como toda la informaci\u00f3n complementaria que fuera necesaria al Ministerio de Educaci\u00f3n a los efectos oportunos.\u201d<\/p>\n<p style=\"text-align: justify\"><img loading=\"lazy\" decoding=\"async\" class=\"size-full wp-image-1982 aligncenter\" src=\"https:\/\/bibliotecaetsiibejar.nwcds.usal.es\/wp-content\/uploads\/sites\/111\/2016\/07\/oa.gif\" alt=\"oa\" width=\"135\" height=\"75\" \/><\/p>\n<p style=\"text-align: justify\"><strong>Universidad de Salamanca.<\/strong> El Consejo de Gobierno aprob\u00f3 hoy, 27 de febrero, la adhesi\u00f3n de la Universidad de Salamanca a la Declaraci\u00f3n de Berl\u00edn sobre el Acceso Abierto al Conocimiento en Ciencias y Humanidades, que ya han suscrito m\u00e1s de 250 instituciones de todo el mundo.<br \/>\nLa Declaraci\u00f3n de Berl\u00edn fue aprobada el 22 de octubre de 2003. Seg\u00fan se afirmaba en el documento resultante, la Declaraci\u00f3n de Berl\u00edn se redact\u00f3 para promover la Internet como el instrumento funcional que sirviera de base global del conocimiento cient\u00edfico y reflexi\u00f3n humana, y para especificar las medidas a tener en cuenta por los encargados de las pol\u00edticas de investigaci\u00f3n, y por las instituciones cient\u00edficas, agencias de financiamiento, bibliotecas, archivos y museos.<\/p>\n<\/div>\n<div style=\"padding: 0px 10px 10px 10px;float: left;width: 22%;text-align: center\" align=\"left\">\n<p style=\"text-align: center\">Como cumplir los mandatos de acceso abierto.<\/p>\n<h3 style=\"text-align: center\">\n<br \/>Servicios OA<\/h3>\n<p style=\"text-align: justify\"><strong>Sherpa-Romeo<\/strong> permite realizar b\u00fasquedas para encontrar las restricciones de acceso abierto en revistas y editoriales seg\u00fan el siguiente c\u00f3digo de colores:<\/p>\n<table>\n<tbody>\n<tr>\n<td bgcolor=\"#A9F5A9\"><a href=\"http:\/\/www.sherpa.ac.uk\/romeo\/browse.php?colour=green&amp;la=es&amp;fIDnum=|&amp;mode=simple\" target=\"_blank\" rel=\"noopener\">Verde<\/a><\/td>\n<td>Se puede archivar el pre-print\u00a0<em>y<\/em>\u00a0el post-print o versi\u00f3n de editor\/PDF<\/td>\n<\/tr>\n<tr>\n<td bgcolor=\"#81F7F3\"><a href=\"http:\/\/www.sherpa.ac.uk\/romeo\/browse.php?colour=blue&amp;la=es&amp;fIDnum=|&amp;mode=simple\" target=\"_blank\" rel=\"noopener\">Azul<\/a><\/td>\n<td>Puede archivar el post-print (ie la versi\u00f3n final posterior a la revisi\u00f3n por pares) o versi\u00f3n de editor\/PDF<\/td>\n<\/tr>\n<tr>\n<td bgcolor=\"#F3F781\"><a href=\"http:\/\/www.sherpa.ac.uk\/romeo\/browse.php?colour=yellow&amp;la=es&amp;fIDnum=|&amp;mode=simple\" target=\"_blank\" rel=\"noopener\">Amarillo<\/a><\/td>\n<td>Puede archivar el pre-print (ie la versi\u00f3n previa a la revisi\u00f3n por pares)<\/td>\n<\/tr>\n<tr>\n<td bgcolor=\"#FFFFFF\"><a href=\"http:\/\/www.sherpa.ac.uk\/romeo\/browse.php?colour=white&amp;la=es&amp;fIDnum=|&amp;mode=simple\" target=\"_blank\" rel=\"noopener\">Blanco<\/a><\/td>\n<td>El archivo no est\u00e1 formalmente admitido<\/td>\n<\/tr>\n<\/tbody>\n<\/table>\n<p style=\"text-align: justify\"><strong>Sherpa-Juliet<\/strong> es una base de datos con informaci\u00f3n actualizada relativa a las pol\u00edticas de los proveedores de fondos y sus requisitos en materia de acceso abierto, publicaci\u00f3n y el archivo.<\/p>\n<p style=\"text-align: justify\"><strong>DULCINEA<\/strong> es un proyecto cuyo objetivo es conocer las pol\u00edticas editoriales de las revistas espa\u00f1olas respecto al acceso a sus archivos, los derechos de explotaci\u00f3n y licencias de publicaci\u00f3n, y c\u00f3mo estos pueden afectar a su posterior auto-archivo en repositorios institucionales o tem\u00e1ticos. Las revistas se clasifican por colores siguiendo la taxonom\u00eda de SHERPA\/ROMEO<\/p>\n<\/div>\n<div style=\"padding: 0px;float: left;width: 22%;text-align: center\" align=\"left\">\n<p style=\"text-align: center\">\nVersiones de art\u00edculos<br \/>\ncient\u00edficos<\/p>\n<p><\/p>\n<h3 style=\"text-align: center\">\n<br \/>Publicaci\u00f3n- M\u00e9trica<\/h3>\n<p style=\"text-align: justify\">Existen dos y no son excluyentes.<br \/>\n<span style=\"text-decoration: underline\">V\u00cdA VERDE<\/span> o autoarchivo. Es un dep\u00f3sito gratuito que ha podido ser enviado para su evaluaci\u00f3n. El acceso puede estar sujeto a un periodo de embargo fijado por la politiva editorial.<br \/>\n<span style=\"text-decoration: underline\">V\u00cdA DORADA<\/span> responde a la publicaci\u00f3n open Access de forma integral.<br \/>\nPuede ver las condiciones de publicaci\u00f3n de cada revista en el servicio que ofrece Sherpa-Romeo<\/p>\n<p style=\"text-align: justify\">El <span style=\"text-decoration: underline\">CSIC<\/span> plantea <span style=\"text-decoration: underline\">preguntas sobre OA<\/span> y explica como publicar en algunas revistas de ciencias en acceso abierto. Explica tambi\u00e9n sobre subvenciones para publicar. <a href=\"https:\/\/bibliotecaetsiibejar.nwcds.usal.es\/wp-content\/uploads\/sites\/111\/2016\/07\/6-FAQS_-Apoyo-a-la-publicacion-en-Acceso-Abierto-OA.pdf\">PDF<\/a><\/p>\n<p style=\"text-align: justify\"><strong>DOAJ.<\/strong> Directorio que indexa y ofrece acceso a art\u00edculos de revistas OA tras haber sido revisadas mediante peer-review.<br \/>\nEnlace art\u00edculo peer-review.<\/p>\n<p>&nbsp;<\/p>\n<p style=\"text-align: justify\"><strong>Derechos de autor en OA.<\/strong><br \/>\n<span style=\"text-decoration: underline\">Si publica en GREDOS<\/span> la licencia que acepta es \u00a0\u00a0<img loading=\"lazy\" decoding=\"async\" class=\"alignnone size-full wp-image-1992\" src=\"https:\/\/bibliotecaetsiibejar.nwcds.usal.es\/wp-content\/uploads\/sites\/111\/2016\/07\/oa2.png\" alt=\"oa2\" width=\"118\" height=\"41\" \/><br \/>\n<span style=\"text-decoration: underline\">Sobre Creative Commons y otras licencias<\/span> a elegir para que respeten su propiedad tal como usted elija para sus trabajos puede ver nuestra p\u00e1gina <a href=\"https:\/\/bibliotecaetsiibejar.usal.es\/?page_id=1882\">sobre propiedad<\/a><\/p>\n<p style=\"text-align: justify\">Puede <strong>consultar la m\u00e9trica<\/strong> de sus art\u00edculos en muchos de los repositorios en los que aparezca como autor. Tambi\u00e9n es posible con el programa de descarga gratuita realizado por Anne-Wil Harzing, <a href=\"http:\/\/www.harzing.com\/resources\/publish-or-perish\">Publish or Perish<\/a><\/p>\n<p style=\"text-align: justify\"><span style=\"text-decoration: underline\">Art\u00edculos relacionados con m\u00e9trica y acceso abierto<\/span>:<\/p>\n<p style=\"text-align: justify\">Google Scholar como herramienta para la evaluaci\u00f3n cient\u00edfica. <a href=\"https:\/\/bibliotecaetsiibejar.nwcds.usal.es\/wp-content\/uploads\/sites\/111\/2016\/07\/8-metrica-oa2.pdf\" target=\"_blank\" rel=\"noopener\">link<\/a><br \/>\nEl \u00edndice-H y Google Acad\u00e9mico: una simbiosis cienciom\u00e9trica inclusiva. <a href=\"https:\/\/bibliotecaetsiibejar.nwcds.usal.es\/wp-content\/uploads\/sites\/111\/2016\/07\/7-metrica-oa1.pdf\" target=\"_blank\" rel=\"noopener\">Link<\/a><\/p>\n<p style=\"text-align: justify\"><a href=\"https:\/\/bibliotecaetsiibejar.nwcds.usal.es\/wp-content\/uploads\/sites\/111\/2016\/07\/Manual-Buenas_Practica_Revistas_Academicas.pdf\">Buenas pr\u00e1cticas de OA<\/a><br \/>\nEste documento es parte del estudio \u201cBuenas Pr\u00e1cticas y Pol\u00edticas Editoriales Open Access para Publicaciones Acad\u00e9micas en L\u00ednea en Latinoam\u00e9rica\u201d, y acompa\u00f1a al informe sobre \u201cPol\u00edticas Editoriales de Publicaciones Acad\u00e9micas en Latinoam\u00e9rica\u201d,<\/p>\n<\/div>\n<p><\/p>","protected":false},"excerpt":{"rendered":"<p>Qu\u00e9 es un repositorio institucional. Mandatos Recolectores El OA comienza en 1991 con el repositorio arXiv. Su desarrollo m\u00e1s pleno ser\u00e1 en el 2002, a\u00f1o en el que este modelo de publicaci\u00f3n es conocido internacionalmente por las siguientes declaraciones. 2002 &hellip; <a href=\"https:\/\/bibliotecaetsiibejar.usal.es\/en\/estar-informado-2-2\/\">Continued<\/a><\/p>\n","protected":false},"author":134,"featured_media":0,"parent":0,"menu_order":0,"comment_status":"closed","ping_status":"closed","template":"","meta":{"footnotes":""},"class_list":["post-1246","page","type-page","status-publish","hentry"],"aioseo_notices":[],"_links":{"self":[{"href":"https:\/\/bibliotecaetsiibejar.usal.es\/en\/wp-json\/wp\/v2\/pages\/1246","targetHints":{"allow":["GET"]}}],"collection":[{"href":"https:\/\/bibliotecaetsiibejar.usal.es\/en\/wp-json\/wp\/v2\/pages"}],"about":[{"href":"https:\/\/bibliotecaetsiibejar.usal.es\/en\/wp-json\/wp\/v2\/types\/page"}],"author":[{"embeddable":true,"href":"https:\/\/bibliotecaetsiibejar.usal.es\/en\/wp-json\/wp\/v2\/users\/134"}],"replies":[{"embeddable":true,"href":"https:\/\/bibliotecaetsiibejar.usal.es\/en\/wp-json\/wp\/v2\/comments?post=1246"}],"version-history":[{"count":1,"href":"https:\/\/bibliotecaetsiibejar.usal.es\/en\/wp-json\/wp\/v2\/pages\/1246\/revisions"}],"predecessor-version":[{"id":2840,"href":"https:\/\/bibliotecaetsiibejar.usal.es\/en\/wp-json\/wp\/v2\/pages\/1246\/revisions\/2840"}],"wp:attachment":[{"href":"https:\/\/bibliotecaetsiibejar.usal.es\/en\/wp-json\/wp\/v2\/media?parent=1246"}],"curies":[{"name":"wp","href":"https:\/\/api.w.org\/{rel}","templated":true}]}}