{"id":1248,"date":"2016-07-19T12:34:23","date_gmt":"2016-07-19T10:34:23","guid":{"rendered":"https:\/\/bibliotecaetsiibejar.usal.es\/?page_id=1248"},"modified":"2016-07-19T12:34:23","modified_gmt":"2016-07-19T10:34:23","slug":"glosario-de-terminos","status":"publish","type":"page","link":"https:\/\/bibliotecaetsiibejar.usal.es\/en\/glosario-de-terminos\/","title":{"rendered":"Glosario de t\u00e9rminos"},"content":{"rendered":"<p style=\"text-align: justify\">Nuestro glosario pretende acercar a nuestros usuarios a la biblioteca. Por lo que las definiciones ofrecidas son cotidianas, incluso coloquiales.<\/p>\n<p style=\"text-align: justify\"><strong>Acceso abierto.<\/strong> Tendencia que comienza en la \u00faltima d\u00e9cada del siglo XX para que las investigaciones y sus conclusiones puedan ser difundidas con independencia de costes econ\u00f3micos a\u00f1adidos.<\/p>\n<p style=\"text-align: justify\"><strong>AI<\/strong>. V. Alfabetizaci\u00f3n informacional.<\/p>\n<p style=\"text-align: justify\">Alfabetizaci\u00f3n en informaci\u00f3n. V. Alfabetizaci\u00f3n informacional.<\/p>\n<p style=\"text-align: justify\"><strong>Alfabetizaci\u00f3n informacional.<\/strong> Todas las medidas que permiten aprender y actualizar los conocimientos en el uso de la informaci\u00f3n. Aunque la informaci\u00f3n sea corriente y pueda rodearnos, en un tanto por ciento amplio de opciones no recuperamos lo que responde a nuestra necesidad informativa. Es preciso conocer nuestra necesidad, materializarla en una b\u00fasqueda bibliogr\u00e1fica y saber en qu\u00e9 buscador de los existentes realizarla, ser selectivo y seleccionar lo que realmente necesitamos adem\u00e1s de usar esa informaci\u00f3n de forma correcta y \u00e9tica. La biblioteca tiene las claves para ense\u00f1ar cada uno de esos procesos.<\/p>\n<p style=\"text-align: justify\"><strong>Aparato bibliogr\u00e1fico<\/strong>. Secci\u00f3n en un trabajo cient\u00edfico que da a conocer los trabajos previos que han servido para su redacci\u00f3n. La redacci\u00f3n bibliogr\u00e1fica no es dif\u00edcil, pero si est\u00e1 ce\u00f1ida a unas normas de realizaci\u00f3n.<\/p>\n<p style=\"text-align: justify\"><strong>Asiento bibliogr\u00e1fico.<\/strong> V. Registro bibliogr\u00e1fico.<\/p>\n<p style=\"text-align: justify\"><strong>Base de Datos.<\/strong> BD. Plataforma tecnol\u00f3gica que re\u00fane diversos tipos de recursos, art\u00edculos, ponencias, congresos, tesis, informes de una materia o var\u00edas, lo que ser\u00eda en este \u00faltimo caso una BD multidisciplinar.<\/p>\n<p style=\"text-align: justify\"><strong>Biblioteca.<\/strong> Espacio de estudio, ubicaci\u00f3n y difusi\u00f3n de recursos en cualquier formato existente. La biblioteca universitaria es un servicio m\u00e1s para los usuarios de la instituci\u00f3n acad\u00e9mica que est\u00e1 centrada en la ense\u00f1anza, docencia e investigaci\u00f3n.<\/p>\n<p style=\"text-align: justify\"><strong>Bibliotecario.<\/strong> Profesional de la informaci\u00f3n con las habilidades necesarias para el control de la informaci\u00f3n contenida en los recursos habidos en su lugar de trabajo.<\/p>\n<p style=\"text-align: justify\"><strong>BUCLE<\/strong>. Bibliotecas Universitarias de Castilla y Le\u00f3n. Consorcio de bibliotecas en Castilla y Le\u00f3n que permite entre otros servicios el acceso a informaci\u00f3n que ser\u00eda dif\u00edcil adquirir en un solo centro.<\/p>\n<p style=\"text-align: justify\"><strong>B\u00fasquedas bibliogr\u00e1ficas<\/strong>. Consulta a un cat\u00e1logo o servicio de informaci\u00f3n cient\u00edfica en l\u00ednea para encontrar un recurso pertinente a una necesidad informativa. Actualmente las b\u00fasquedas no responden a una interrogaci\u00f3n en texto libre por lo que es necesario conocer los datos precisos del recurso que queramos encontrar. Por ejemplo, un cat\u00e1logo no reconoce un primer art\u00edculo, en el caso de tener que encontrar un libro titulado \u201cla f\u00edsica y sus respuestas\u201d no introducir\u00edamos en el campo t\u00edtulo el art\u00edculo \u201cla\u201d. Si deseas encontrar libros de un tema concreto y no controlas la materia exacta a la que pertenece realiza primero una b\u00fasqueda por palabra clave. Un autor siempre debe introducirse por sus apellidos.<\/p>\n<p style=\"text-align: justify\"><strong>CDU<\/strong> (Clasificaci\u00f3n Decimal Universal).<\/p>\n<p style=\"text-align: justify\"><strong>CI2.<\/strong> V. Competencias inform\u00e1ticas e informacionales.<\/p>\n<p style=\"text-align: justify\"><strong>CIELO<\/strong>. Plataforma USAL de libros electr\u00f3nicos.<\/p>\n<p style=\"text-align: justify\"><strong>Cita.<\/strong> Reconocimiento de autor\u00eda a una frase o extracto de otro trabajo utilizado en uno de redacci\u00f3n propia. Sigue normas de realizaci\u00f3n.<\/p>\n<p style=\"text-align: justify\"><strong>Clasificaci\u00f3n tem\u00e1tica<\/strong>. Lenguaje controlado que utilizamos para asignar un c\u00f3digo a un \u00e1rea de conocimiento.<\/p>\n<p style=\"text-align: justify\"><strong>Competencias inform\u00e1ticas e informacionales<\/strong>. Avance de la alfabetizaci\u00f3n informacional que a\u00f1ade al aprendizaje en el uso de la informaci\u00f3n la tecnolog\u00eda de vanguardia.<\/p>\n<p style=\"text-align: justify\"><strong>Control de la informaci\u00f3n<\/strong>. Mecanismo axioma de la organizaci\u00f3n y estructura de la informaci\u00f3n actual. Ser\u00eda imposible acceder a los recursos si no existiera ese control. Por lo que una b\u00fasqueda bibliogr\u00e1fica o de recursos bibliogr\u00e1ficos, aunque pudiera parecer sencilla tiene una t\u00e9cnica que un bibliotecario te puede ense\u00f1ar.<\/p>\n<p style=\"text-align: justify\"><strong>Gestor bibliogr\u00e1fico<\/strong>. Herramienta que utilizamos para el control de la informaci\u00f3n que utilicemos. Existen distintos gestores con distintos servicios. En la mayor\u00eda podemos realizar b\u00fasquedas, generar citas y referencias bibliogr\u00e1ficas o crear grupos de investigaci\u00f3n con los que compartir recursos.<\/p>\n<p style=\"text-align: justify\"><strong>GREDOS<\/strong>. Repositorio USAL.<\/p>\n<p style=\"text-align: justify\"><strong>Libro Electr\u00f3nico.<\/strong> Recurso con contenido multimedia de posible lectura en red o descargable siempre que nuestro dispositivo tenga la licencia de uso para su lectura.<\/p>\n<p style=\"text-align: justify\"><strong>Materia.<\/strong> Clasificaci\u00f3n dentro de las \u00e1reas del conocimiento. Pertenece a un lenguaje controlado de materias. Sirve para identificar recursos de forma un\u00edvoca por lo que no nos sirve cualquier termino para acceder a la informaci\u00f3n.<\/p>\n<p style=\"text-align: justify\"><strong>Metadato<\/strong>. Etiqueta de informaci\u00f3n que contiene un dato perteneciente a un recurso.<\/p>\n<p style=\"text-align: justify\"><strong>OA<\/strong>. V. Acceso abierto.<\/p>\n<p style=\"text-align: justify\"><strong>OPAC<\/strong> (Online Public Catalog). Cat\u00e1logo en l\u00ednea.<\/p>\n<p style=\"text-align: justify\"><strong>Open Access<\/strong>. V. Acceso abierto.<\/p>\n<p style=\"text-align: justify\"><strong>PI<\/strong>.V. Pr\u00e9stamo interbibliotecario.<\/p>\n<p style=\"text-align: justify\"><strong>Pr\u00e9stamo interbibliotecario<\/strong>. Posibilidad de obtener un recurso en pr\u00e9stamo perteneciente a una instituci\u00f3n distinta a la que seamos usuarios en nuestro pa\u00eds o fuera del mismo en el resto del mundo.<\/p>\n<p style=\"text-align: justify\"><strong>Pr\u00e9stamo intercentro.<\/strong> Posibilidad de recoger un recurso que necesitemos en un campus distinto al nuestro perteneciente a nuestra instituci\u00f3n.<\/p>\n<p style=\"text-align: justify\"><strong>Protocolo Z39.50.<\/strong> Permite la conexi\u00f3n y comunicaci\u00f3n del control de la informaci\u00f3n entre bibliotecas.<\/p>\n<p style=\"text-align: justify\"><strong>REBIUN.<\/strong> Red de Bibliotecas Universitarias en Espa\u00f1a. Estructura organizativa de representaci\u00f3n para los bibliotecarios universitarios en Espa\u00f1a ante otras instituciones y la sociedad. Ofrecer servicios a usuarios tales como un buscador con los recursos de todas las universidades espa\u00f1olas o permite el acceso a documentos que no encontremos en nuestro centro en el resto de Espa\u00f1a. Este \u00faltimo servicio est\u00e1 gestionado por el centro al que cada uno pertenezca.<\/p>\n<p style=\"text-align: justify\"><strong>Recolector<\/strong>. Estructura con interfaz WEB y tecnolog\u00eda en abierto que recoge las comunicaciones cient\u00edficas en abierto de los repositorios que cumplen los est\u00e1ndares y protocolos de acceso abierto.<\/p>\n<p style=\"text-align: justify\"><strong>Registro bibliogr\u00e1fico<\/strong>. Unidad material que da a conocer los datos principales de un recurso o documento.<\/p>\n<p style=\"text-align: justify\"><strong>Repositorio<\/strong>. Plataforma de contenido multimedia perteneciente en la mayor\u00eda de los casos a una instituci\u00f3n acad\u00e9mica para difundir su producci\u00f3n cient\u00edfica en abierto. Las b\u00fasquedas de informaci\u00f3n deben realizarse seg\u00fan \u00edndices de t\u00e9rminos similares establecidos en listas.<\/p>\n<p style=\"text-align: justify\"><strong>Signatura topogr\u00e1fica.<\/strong> Codificaci\u00f3n de un recurso dentro de una sala de biblioteca que da lugar a su colocaci\u00f3n. En la mayor\u00eda de las bibliotecas se utiliza el n\u00famero para la materia del libro seg\u00fan la CDU a\u00f1adiendo las primeras letras del apellido del autor y t\u00edtulo del libro.<\/p>\n<p style=\"text-align: justify\"><strong>Taller informacional<\/strong>. Sesi\u00f3n informativa sobre cualquier aspecto de la alfabetizaci\u00f3n informacional.<\/p>\n<p style=\"text-align: justify\"><strong>Tejuelo<\/strong>. Etiqueta por lo general en el lomo de un libro con la indicaci\u00f3n de su signatura topogr\u00e1fica.<\/p>\n<p style=\"text-align: justify\"><strong>V<\/strong>. (Ver). Dirige al t\u00e9rmino donde encontrar la definici\u00f3n para las siglas indicadas.<\/p>\n","protected":false},"excerpt":{"rendered":"<p>Nuestro glosario pretende acercar a nuestros usuarios a la biblioteca. Por lo que las definiciones ofrecidas son cotidianas, incluso coloquiales. Acceso abierto. Tendencia que comienza en la \u00faltima d\u00e9cada del siglo XX para que las investigaciones y sus conclusiones puedan &hellip; <a href=\"https:\/\/bibliotecaetsiibejar.usal.es\/en\/glosario-de-terminos\/\">Continued<\/a><\/p>\n","protected":false},"author":134,"featured_media":0,"parent":0,"menu_order":0,"comment_status":"closed","ping_status":"closed","template":"","meta":{"footnotes":""},"class_list":["post-1248","page","type-page","status-publish","hentry"],"aioseo_notices":[],"_links":{"self":[{"href":"https:\/\/bibliotecaetsiibejar.usal.es\/en\/wp-json\/wp\/v2\/pages\/1248","targetHints":{"allow":["GET"]}}],"collection":[{"href":"https:\/\/bibliotecaetsiibejar.usal.es\/en\/wp-json\/wp\/v2\/pages"}],"about":[{"href":"https:\/\/bibliotecaetsiibejar.usal.es\/en\/wp-json\/wp\/v2\/types\/page"}],"author":[{"embeddable":true,"href":"https:\/\/bibliotecaetsiibejar.usal.es\/en\/wp-json\/wp\/v2\/users\/134"}],"replies":[{"embeddable":true,"href":"https:\/\/bibliotecaetsiibejar.usal.es\/en\/wp-json\/wp\/v2\/comments?post=1248"}],"version-history":[{"count":0,"href":"https:\/\/bibliotecaetsiibejar.usal.es\/en\/wp-json\/wp\/v2\/pages\/1248\/revisions"}],"wp:attachment":[{"href":"https:\/\/bibliotecaetsiibejar.usal.es\/en\/wp-json\/wp\/v2\/media?parent=1248"}],"curies":[{"name":"wp","href":"https:\/\/api.w.org\/{rel}","templated":true}]}}