{"id":16,"date":"2016-06-09T10:52:42","date_gmt":"2016-06-09T10:52:42","guid":{"rendered":"https:\/\/bibliotecaetsiibejar.usal.es\/?page_id=16"},"modified":"2024-05-24T15:39:35","modified_gmt":"2024-05-24T15:39:35","slug":"buscar-y-encontrar","status":"publish","type":"page","link":"https:\/\/bibliotecaetsiibejar.usal.es\/en\/buscar-y-encontrar\/","title":{"rendered":"Trabajos in\u00e9ditos"},"content":{"rendered":"<p><\/p>\n<div style=\"padding: 10px;float: left;width: 30%;text-align: center\">\n<h2 style=\"text-align: center\">\u00a0<span style=\"color: #800000\">\u201cCon planificaci\u00f3n ahorrar\u00e1s tiempo y esfuerzos\u201d<\/span><\/h2>\n<p style=\"text-align: justify\">Los pilares de la Universidad son la ense\u00f1anza, la docencia y la investigaci\u00f3n. La importancia la investigaci\u00f3n reside en el crecimiento del conocimiento cient\u00edfico que revierte en nuestra sociedad.<br \/>\nLa\u00a0informaci\u00f3n de esta p\u00e1gina es para todos los alumnos que deben culminar sus estudios con un trabajo cient\u00edfico y en especial para aquellos que contin\u00faan su camino junto a la investigaci\u00f3n \u00a0creando ciencia; t\u00e9rmino que la Real Academia de la Lengua Espa\u00f1ola define como \u201cconjunto de conocimientos obtenidos mediante la observaci\u00f3n y el razonamiento. Sistem\u00e1ticamente estructurados y de los que se deducen principios y leyes generales con capacidad predictiva y comprobables experimentales\u201d. Como se\u00f1ala Mu\u00f1oz Guti\u00e9rrez debe ser relevante y estar formulada de manera que pueda ser contrastable emp\u00edricamente .<br \/>\nLa definici\u00f3n anterior entra\u00f1a arduo trabajo y reflexi\u00f3n de cada persona que se enfrenta a un trabajo cient\u00edfico.<\/p>\n<\/div>\n<div style=\"padding: 10px;float: left;width: 42%;text-align: center\">\n<div style=\"float: left;width: 100%;text-align: center\">\n<h2 style=\"text-align: center\"><span style=\"color: #800000\">\u00bfC\u00f3mo puede ayudarte tu biblioteca?<br \/>\n<\/span><\/h2>\n<p>&nbsp;<\/p>\n<p><strong><em><span style=\"color: #993300\">Asesor\u00eda\u00a0para iniciar y elaborar tus trabajos cient\u00edficos<\/span><\/em><\/strong><\/p>\n<p>&nbsp;<\/p>\n<p><em><span style=\"color: #ff6600\"><strong>Asesor\u00eda en b\u00fasquedas bibliogr\u00e1ficas.<\/strong><\/span><\/em><\/p>\n<p>&nbsp;<\/p>\n<p><em><span style=\"color: #800000\"><strong>Orientarte para\u00a0utilizar los trabajos de otros investigadores.<\/strong><\/span><\/em><\/p>\n<p>&nbsp;<\/p>\n<p><em><span style=\"color: #993300\"><strong>Saber como debes proteger tu propio trabajo.<\/strong><\/span><\/em><\/p>\n<p>&nbsp;<\/p>\n<p><em><span style=\"color: #ff6600\"><strong> Te indica las formas de publicaci\u00f3n que existen.<\/strong><\/span><\/em><\/p>\n<p>&nbsp;<\/p>\n<p><em><span style=\"color: #800000\"><strong> Te ofrece l\u00edneas para conocer la rentabilidad de tus trabajos.<\/strong><\/span><\/em><br \/>\n&nbsp;<br \/>\n&nbsp;<\/p>\n<\/div>\n<div style=\"width: 100%;margin-top:50px\" align=\"center\">\n<a href=\"https:\/\/bibliotecaetsiibejar.usal.es\/?page_id=2556\"><img loading=\"lazy\" decoding=\"async\" class=\"aligncenter size-medium wp-image-2617\" src=\"https:\/\/bibliotecaetsiibejar.nwcds.usal.es\/wp-content\/uploads\/sites\/111\/2017\/09\/boton11-300x91.png\" alt=\"\" width=\"400\" height=\"200\" \/><\/a><\/div>\n<\/div>\n<div style=\"padding: 1%;float: left;width: 18%;text-align: center\">\n<div style=\"padding: 5%;clear: left;cursor: pointer;width: 100%\"><a href=\"https:\/\/bibliotecaetsiibejar.usal.es\/?page_id=1350\"><img decoding=\"async\" class=\"alignnone wp-image-1340\" src=\"https:\/\/bibliotecaetsiibejar.nwcds.usal.es\/wp-content\/uploads\/sites\/111\/2016\/06\/boton1-1-1-300x91.png\" alt=\"boton1\" width=\"100%\" srcset=\"https:\/\/bibliotecaetsiibejar.usal.es\/wp-content\/uploads\/sites\/111\/2016\/06\/boton1-1-1-300x91.png 300w, https:\/\/bibliotecaetsiibejar.usal.es\/wp-content\/uploads\/sites\/111\/2016\/06\/boton1-1-1.png 674w\" sizes=\"(max-width: 300px) 100vw, 300px\" \/><\/a><\/div>\n<div style=\"padding: 5%;clear: left;cursor: pointer;width: 100%\"><a href=\"https:\/\/bibliotecaetsiibejar.usal.es\/?page_id=352\"><img decoding=\"async\" class=\"alignnone size-medium wp-image-1341\" src=\"https:\/\/bibliotecaetsiibejar.nwcds.usal.es\/wp-content\/uploads\/sites\/111\/2016\/06\/boton2-2-300x91.png\" alt=\"boton2\" width=\"100%\" height=\"91\" srcset=\"https:\/\/bibliotecaetsiibejar.usal.es\/wp-content\/uploads\/sites\/111\/2016\/06\/boton2-2-300x91.png 300w, https:\/\/bibliotecaetsiibejar.usal.es\/wp-content\/uploads\/sites\/111\/2016\/06\/boton2-2.png 674w\" sizes=\"(max-width: 300px) 100vw, 300px\" \/><\/a><\/div>\n<div style=\"padding: 5%;clear: left;cursor: pointer;width: 100%\"><a href=\"https:\/\/bibliotecaetsiibejar.usal.es\/?page_id=519\"><img decoding=\"async\" class=\"alignnone size-medium wp-image-1342\" src=\"https:\/\/bibliotecaetsiibejar.nwcds.usal.es\/wp-content\/uploads\/sites\/111\/2016\/06\/boton3-1-300x91.png\" alt=\"boton3\" width=\"100%\" srcset=\"https:\/\/bibliotecaetsiibejar.usal.es\/wp-content\/uploads\/sites\/111\/2016\/06\/boton3-1-300x91.png 300w, https:\/\/bibliotecaetsiibejar.usal.es\/wp-content\/uploads\/sites\/111\/2016\/06\/boton3-1.png 674w\" sizes=\"(max-width: 300px) 100vw, 300px\" \/><\/a><\/div>\n<div style=\"padding: 5%;clear: left;cursor: pointer;width: 100%\"><a href=\"https:\/\/bibliotecaetsiibejar.usal.es\/?page_id=1611\"><img decoding=\"async\" class=\"alignnone size-medium wp-image-1343\" src=\"https:\/\/bibliotecaetsiibejar.nwcds.usal.es\/wp-content\/uploads\/sites\/111\/2016\/06\/boton4-2-300x91.png\" alt=\"boton4\" width=\"100%\" srcset=\"https:\/\/bibliotecaetsiibejar.usal.es\/wp-content\/uploads\/sites\/111\/2016\/06\/boton4-2-300x91.png 300w, https:\/\/bibliotecaetsiibejar.usal.es\/wp-content\/uploads\/sites\/111\/2016\/06\/boton4-2.png 674w\" sizes=\"(max-width: 300px) 100vw, 300px\" \/><\/a><\/div>\n<div style=\"padding: 5%;clear: left;cursor: pointer;width: 100%\"><a href=\"https:\/\/bibliotecaetsiibejar.usal.es\/?page_id=1502\"><img decoding=\"async\" class=\"alignnone size-medium wp-image-1344\" src=\"https:\/\/bibliotecaetsiibejar.nwcds.usal.es\/wp-content\/uploads\/sites\/111\/2016\/06\/boton5-1-300x91.png\" alt=\"boton5\" width=\"100%\" srcset=\"https:\/\/bibliotecaetsiibejar.usal.es\/wp-content\/uploads\/sites\/111\/2016\/06\/boton5-1-300x91.png 300w, https:\/\/bibliotecaetsiibejar.usal.es\/wp-content\/uploads\/sites\/111\/2016\/06\/boton5-1.png 674w\" sizes=\"(max-width: 300px) 100vw, 300px\" \/><\/a><\/div>\n<div style=\"padding: 5%;clear: left;cursor: pointer;width: 100%\"><a href=\"https:\/\/bibliotecaetsiibejar.usal.es\/?page_id=1246\"><img loading=\"lazy\" decoding=\"async\" class=\"alignnone size-medium wp-image-1934\" src=\"https:\/\/bibliotecaetsiibejar.nwcds.usal.es\/wp-content\/uploads\/sites\/111\/2016\/06\/boton9-1-300x91.png\" alt=\"boton9\" width=\"300\" height=\"91\" srcset=\"https:\/\/bibliotecaetsiibejar.usal.es\/wp-content\/uploads\/sites\/111\/2016\/06\/boton9-1-300x91.png 300w, https:\/\/bibliotecaetsiibejar.usal.es\/wp-content\/uploads\/sites\/111\/2016\/06\/boton9-1.png 674w\" sizes=\"auto, (max-width: 300px) 100vw, 300px\" \/><\/a><\/div>\n<div style=\"padding: 5%;clear: left;cursor: pointer;width: 100%\"><a href=\"https:\/\/bibliotecaetsiibejar.usal.es\/?page_id=1702\"><img decoding=\"async\" class=\"alignnone size-medium wp-image-1345\" src=\"https:\/\/bibliotecaetsiibejar.nwcds.usal.es\/wp-content\/uploads\/sites\/111\/2016\/06\/boton6-1-1-300x91.png\" alt=\"boton6\" width=\"100%\" \/><\/a><\/div>\n<div style=\"padding: 5%;clear: left;cursor: pointer;width: 100%\"><a href=\"https:\/\/bibliotecaetsiibejar.usal.es\/?page_id=1882\"><img loading=\"lazy\" decoding=\"async\" class=\"alignnone size-medium wp-image-1880\" src=\"https:\/\/bibliotecaetsiibejar.nwcds.usal.es\/wp-content\/uploads\/sites\/111\/2016\/06\/boton7-2-300x91.png\" alt=\"boton7\" width=\"300\" height=\"91\" srcset=\"https:\/\/bibliotecaetsiibejar.usal.es\/wp-content\/uploads\/sites\/111\/2016\/06\/boton7-2-300x91.png 300w, https:\/\/bibliotecaetsiibejar.usal.es\/wp-content\/uploads\/sites\/111\/2016\/06\/boton7-2.png 674w\" sizes=\"auto, (max-width: 300px) 100vw, 300px\" \/><\/a><\/div>\n<div style=\"padding: 5%;clear: left;cursor: pointer;width: 100%\"><a href=\"http:\/\/investigacion.usal.es\/\" target=\"_blank\" rel=\"noopener\"><img decoding=\"async\" class=\"alignnone size-medium wp-image-1347\" src=\"https:\/\/bibliotecaetsiibejar.nwcds.usal.es\/wp-content\/uploads\/sites\/111\/2016\/06\/boton8-2-300x91.png\" alt=\"boton8\" width=\"100%\" \/><\/a><\/div>\n<div style=\"padding: 5%;clear: left;cursor: pointer;width: 100%\"><a href=\"https:\/\/bibliotecaetsiibejar.usal.es\/?page_id=2013\"><img loading=\"lazy\" decoding=\"async\" class=\"alignnone size-medium wp-image-1933\" src=\"https:\/\/bibliotecaetsiibejar.nwcds.usal.es\/wp-content\/uploads\/sites\/111\/2016\/06\/boton10-2-300x91.png\" alt=\"boton10\" width=\"300\" height=\"91\" srcset=\"https:\/\/bibliotecaetsiibejar.usal.es\/wp-content\/uploads\/sites\/111\/2016\/06\/boton10-2-300x91.png 300w, https:\/\/bibliotecaetsiibejar.usal.es\/wp-content\/uploads\/sites\/111\/2016\/06\/boton10-2.png 674w\" sizes=\"auto, (max-width: 300px) 100vw, 300px\" \/><\/a><\/div>\n<\/div>\n<p><\/p>","protected":false},"excerpt":{"rendered":"<p>\u00a0\u201cCon planificaci\u00f3n ahorrar\u00e1s tiempo y esfuerzos\u201d Los pilares de la Universidad son la ense\u00f1anza, la docencia y la investigaci\u00f3n. La importancia la investigaci\u00f3n reside en el crecimiento del conocimiento cient\u00edfico que revierte en nuestra sociedad. La\u00a0informaci\u00f3n de esta p\u00e1gina es &hellip; <a href=\"https:\/\/bibliotecaetsiibejar.usal.es\/en\/buscar-y-encontrar\/\">Continued<\/a><\/p>\n","protected":false},"author":134,"featured_media":0,"parent":0,"menu_order":0,"comment_status":"closed","ping_status":"closed","template":"","meta":{"footnotes":""},"class_list":["post-16","page","type-page","status-publish","hentry"],"aioseo_notices":[],"_links":{"self":[{"href":"https:\/\/bibliotecaetsiibejar.usal.es\/en\/wp-json\/wp\/v2\/pages\/16","targetHints":{"allow":["GET"]}}],"collection":[{"href":"https:\/\/bibliotecaetsiibejar.usal.es\/en\/wp-json\/wp\/v2\/pages"}],"about":[{"href":"https:\/\/bibliotecaetsiibejar.usal.es\/en\/wp-json\/wp\/v2\/types\/page"}],"author":[{"embeddable":true,"href":"https:\/\/bibliotecaetsiibejar.usal.es\/en\/wp-json\/wp\/v2\/users\/134"}],"replies":[{"embeddable":true,"href":"https:\/\/bibliotecaetsiibejar.usal.es\/en\/wp-json\/wp\/v2\/comments?post=16"}],"version-history":[{"count":7,"href":"https:\/\/bibliotecaetsiibejar.usal.es\/en\/wp-json\/wp\/v2\/pages\/16\/revisions"}],"predecessor-version":[{"id":2970,"href":"https:\/\/bibliotecaetsiibejar.usal.es\/en\/wp-json\/wp\/v2\/pages\/16\/revisions\/2970"}],"wp:attachment":[{"href":"https:\/\/bibliotecaetsiibejar.usal.es\/en\/wp-json\/wp\/v2\/media?parent=16"}],"curies":[{"name":"wp","href":"https:\/\/api.w.org\/{rel}","templated":true}]}}