{"id":1611,"date":"2016-07-27T10:37:14","date_gmt":"2016-07-27T08:37:14","guid":{"rendered":"https:\/\/bibliotecaetsiibejar.usal.es\/?page_id=1611"},"modified":"2016-07-27T10:37:14","modified_gmt":"2016-07-27T08:37:14","slug":"acreditacion","status":"publish","type":"page","link":"https:\/\/bibliotecaetsiibejar.usal.es\/en\/acreditacion\/","title":{"rendered":"Acreditaci\u00f3n"},"content":{"rendered":"<div style=\"padding: 10px;float: left;width: 65%;text-align: justify\">\n<p style=\"text-align: justify\">Evaluaci\u00f3n de la investigaci\u00f3n*<\/p>\n<p style=\"text-align: justify\"><a href=\"#primero\">Acreditaci\u00f3n<\/a><\/p>\n<p style=\"text-align: justify\"><a href=\"#segundo\">Sexenios<\/a><\/p>\n<h3 style=\"text-align: justify\">Acreditaci\u00f3n<a name=\"primero\"><\/a><\/h3>\n<p style=\"text-align: justify\"><a href=\"http:\/\/www.boe.es\/diario_boe\/txt.php?id=BOE-A-2015-6705\">El <em>Real Decreto 415\/2015, de 29 de mayo<\/em><\/a><em>, por el que se modifica el <\/em><a href=\"https:\/\/www.boe.es\/buscar\/act.php?id=BOE-A-2007-17492\"><em>Real Decreto 1312\/2007, de 5 de octubre<\/em><\/a><em>, por el que se establece la acreditaci\u00f3n nacional para el acceso a los cuerpos docentes universitarios, se\u00f1ala en su anexo II los m\u00e9ritos evaluables. Copiamos a continuaci\u00f3n el punto 1.<\/em><\/p>\n<ol>\n<li><em> Actividad investigadora<\/em><\/li>\n<\/ol>\n<ul style=\"text-align: justify\">\n<li>Calidad y difusi\u00f3n de resultados de la actividad investigadora: publicaciones cient\u00edficas, creaciones art\u00edsticas profesionales, congresos, conferencias, seminarios, tesis doctorales dirigidas (si no se alegan como m\u00e9ritos de actividad docente).<\/li>\n<li>Calidad y n\u00famero de proyectos competitivos y contratos de investigaci\u00f3n con resultados constatables.<\/li>\n<li>Movilidad: estancias en centros de investigaci\u00f3n con resultados constatables.<\/li>\n<li>Otros m\u00e9ritos investigadores.<\/li>\n<\/ul>\n<div style=\"padding: 5px;float: left;width: 30%;text-align: center\">\n<p style=\"text-align: justify\"><a href=\"https:\/\/bibliotecaetsiibejar.nwcds.usal.es\/wp-content\/uploads\/sites\/111\/2016\/07\/a-RD-415_2015.pdf\"><img loading=\"lazy\" decoding=\"async\" class=\"wp-image-1629 alignnone\" src=\"https:\/\/bibliotecaetsiibejar.nwcds.usal.es\/wp-content\/uploads\/sites\/111\/2016\/07\/pdf-240x300.png\" alt=\"pdf\" width=\"170\" height=\"220\" \/><\/a><\/p>\n<\/div>\n<div style=\"padding: 5px;float: left;width: 30%;text-align: center\"><a href=\"https:\/\/bibliotecaetsiibejar.nwcds.usal.es\/wp-content\/uploads\/sites\/111\/2016\/07\/c-BOE-A-2014-12482.pdf\"><img loading=\"lazy\" decoding=\"async\" class=\" wp-image-1630 alignnone\" src=\"https:\/\/bibliotecaetsiibejar.nwcds.usal.es\/wp-content\/uploads\/sites\/111\/2016\/07\/pdff-240x300.png\" alt=\"pdff\" width=\"170\" height=\"220\" \/><\/a><\/div>\n<div style=\"padding: 5px;float: left;width: 30%;text-align: center\"><a href=\"https:\/\/bibliotecaetsiibejar.nwcds.usal.es\/wp-content\/uploads\/sites\/111\/2016\/07\/b-pep_criterios.pdf\"><img loading=\"lazy\" decoding=\"async\" class=\"wp-image-1631 alignnone\" src=\"https:\/\/bibliotecaetsiibejar.nwcds.usal.es\/wp-content\/uploads\/sites\/111\/2016\/07\/pdfff-240x300.png\" alt=\"pdfff\" width=\"170\" height=\"220\" \/><\/a><\/div>\n<p style=\"text-align: justify;clear: both\">El documento de La ANECA titulado \u201cPrograma de evaluaci\u00f3n de profesorado para la contrataci\u00f3n : principios y orientaciones para la aplicaci\u00f3n de los criterios de evaluaci\u00f3n\u201d. (PDF completo arriba)). Dice en el punto 1.1. sobre Experiencia investigadora: \u201cLa experiencia investigadora se valora hasta un m\u00e1ximo de 60 puntos sobre 100 y, por tanto, se considera el elemento prioritario en la evaluaci\u00f3n para las figuras de PCD y PUP, en especial la demostrable mediante resultados publicados\u201d. El punto 1.1.A. de este trabajo refiere a las publicaciones cient\u00edficas con proceso an\u00f3nimo de revisi\u00f3n por pares y patentes internacionales en explotaci\u00f3n.\u00a0 Si seguimos leyendo en el apartado b para las ense\u00f1anzas t\u00e9cnicas notamos el siguiente p\u00e1rrafo, \u201cb)-<strong>En el campo de las Ense\u00f1anzas T\u00e9cnicas <\/strong>este apartado se valora hasta un m\u00e1ximo de 32 puntos sobre 100. Para obtener la puntuaci\u00f3n m\u00e1xima en este apartado se requiere (como est\u00e1ndar), la aportaci\u00f3n por el solicitante de un m\u00ednimo de 8 publicaciones cient\u00edficas recogidas en Science Citation Index\u201d.<\/p>\n<p style=\"text-align: justify\">Esta gu\u00eda de la ANECA tiene base en la <a href=\"http:\/\/www.boe.es\/diario_boe\/txt.php?id=BOE-A-2014-12482\">Resoluci\u00f3n de 26 de noviembre de 2014<\/a>, de la Comisi\u00f3n Nacional Evaluadora de la Actividad Investigadora, por la que se publican los criterios espec\u00edficos aprobados para cada uno de los campos de evaluaci\u00f3n. (PDF completo). Por sub-\u00e1reas de la ingenier\u00eda en el campo 6 viene a se\u00f1alar como aportaciones preferentes a la investigaci\u00f3n las publicaciones dentro del Journal Citation Reports o JRC.<\/p>\n<p style=\"text-align: justify\">Le recomendamos que utilice un gestor bibliogr\u00e1fico para controlar toda la informaci\u00f3n y documentos que necesite. Es una buena opci\u00f3n\u00a0para estar al d\u00eda, que est\u00e9 al tanto del grupo de investigaci\u00f3n EC3 para la evaluaci\u00f3n de la Ciencia y de la Comunicaci\u00f3n cient\u00edfica y el portal de investigaci\u00f3n de la Universidad de Salamanca.<\/p>\n<h3 style=\"text-align: justify\">Sexenios<a name=\"segundo\"><\/a><\/h3>\n<p style=\"text-align: justify\">Tal como sabes estas convocatorias son anuales. Al final de esta p\u00e1gina el bot\u00f3n de sexenios tiene un enlace a la p\u00e1gina USAL con la informaci\u00f3n m\u00e1s reciente de estas convocatorias.<\/p>\n<p style=\"text-align: justify\">Agencias de evaluaci\u00f3n<\/p>\n<p style=\"text-align: justify\"><a href=\"http:\/\/www.aneca.es\/\">ANECA<\/a>\u00a0(Agencia de Evaluaci\u00f3n de la Calidad y Acreditaci\u00f3n)<\/p>\n<p style=\"text-align: justify\"><a href=\"http:\/\/www.micinn.es\/portal\/site\/MICINN\/menuitem.8ce192e94ba842bea3bc811001432ea0\/?vgnextoid=125f7954e5c71210VgnVCM1000001a04140aRCRD&amp;vgnextchannel=49167acf4b351210VgnVCM1000001034e20aRCRD\">CNEAI<\/a>\u00a0\u00a0(Comisi\u00f3n Nacional Evaluadora de la Actividad Investigadora)<\/p>\n<p style=\"text-align: justify\"><a href=\"http:\/\/www.acsucyl.es\/acsucyl\/opencms\">ACSUCYL<\/a> (Agencia para la Calidad del Sistema Universitario de Castilla y Le\u00f3n)<\/p>\n<p style=\"text-align: justify\">\n<p style=\"text-align: justify\">*La informaci\u00f3n de estas p\u00e1ginas no deja de ser general aunque tiene mayor hincapi\u00e9 para aquellos investigadores de estudios t\u00e9cnicos e ingenier\u00eda.<\/p>\n<\/div>\n<div style=\"padding: 10px;float: right;width: 30%;text-align: justify\">\n<p style=\"text-align: justify\"><a href=\"https:\/\/bibliotecaetsiibejar.usal.es\/?page_id=1702\"><img decoding=\"async\" class=\"size-medium wp-image-1659 aligncenter\" src=\"https:\/\/bibliotecaetsiibejar.nwcds.usal.es\/wp-content\/uploads\/sites\/111\/2016\/07\/1-300x91.png\" alt=\"1\" width=\"60%\" height=\"91\" srcset=\"https:\/\/bibliotecaetsiibejar.usal.es\/wp-content\/uploads\/sites\/111\/2016\/07\/1-300x91.png 300w, https:\/\/bibliotecaetsiibejar.usal.es\/wp-content\/uploads\/sites\/111\/2016\/07\/1.png 674w\" sizes=\"(max-width: 674px) 100vw, 674px\" \/><\/a><\/p>\n<p style=\"text-align: justify\"><a href=\"https:\/\/bibliotecaetsiibejar.usal.es\/?page_id=519\"><img decoding=\"async\" class=\"size-medium wp-image-1661 aligncenter\" src=\"https:\/\/bibliotecaetsiibejar.nwcds.usal.es\/wp-content\/uploads\/sites\/111\/2016\/07\/3-300x91.png\" alt=\"3\" width=\"60%\" height=\"91\" srcset=\"https:\/\/bibliotecaetsiibejar.usal.es\/wp-content\/uploads\/sites\/111\/2016\/07\/3-300x91.png 300w, https:\/\/bibliotecaetsiibejar.usal.es\/wp-content\/uploads\/sites\/111\/2016\/07\/3.png 674w\" sizes=\"(max-width: 300px) 100vw, 300px\" \/><\/a><\/p>\n<p style=\"text-align: justify\"><a href=\"https:\/\/bibliotecaetsiibejar.usal.es\/?page_id=1502\"><img decoding=\"async\" class=\"size-medium wp-image-1660 aligncenter\" src=\"https:\/\/bibliotecaetsiibejar.nwcds.usal.es\/wp-content\/uploads\/sites\/111\/2016\/07\/2-300x91.png\" alt=\"2\" width=\"60%\" height=\"91\" srcset=\"https:\/\/bibliotecaetsiibejar.usal.es\/wp-content\/uploads\/sites\/111\/2016\/07\/2-300x91.png 300w, https:\/\/bibliotecaetsiibejar.usal.es\/wp-content\/uploads\/sites\/111\/2016\/07\/2.png 674w\" sizes=\"(max-width: 300px) 100vw, 300px\" \/><\/a><\/p>\n<p style=\"text-align: justify\"><a href=\"http:\/\/ec3.ugr.es\/layout.php?id=inicio\" target=\"_blank\" rel=\"noopener\"><img decoding=\"async\" class=\"size-medium wp-image-1689 aligncenter\" src=\"https:\/\/bibliotecaetsiibejar.nwcds.usal.es\/wp-content\/uploads\/sites\/111\/2016\/07\/4-300x91.png\" alt=\"4\" width=\"60%\" height=\"91\" srcset=\"https:\/\/bibliotecaetsiibejar.usal.es\/wp-content\/uploads\/sites\/111\/2016\/07\/4-300x91.png 300w, https:\/\/bibliotecaetsiibejar.usal.es\/wp-content\/uploads\/sites\/111\/2016\/07\/4.png 674w\" sizes=\"(max-width: 300px) 100vw, 300px\" \/><\/a><\/p>\n<p style=\"text-align: justify\"><a href=\"http:\/\/investigacion.usal.es\/\" target=\"_blank\" rel=\"noopener\"><img decoding=\"async\" class=\"size-medium wp-image-1694 aligncenter\" src=\"https:\/\/bibliotecaetsiibejar.nwcds.usal.es\/wp-content\/uploads\/sites\/111\/2016\/07\/6-300x91.png\" alt=\"6\" width=\"60%\" height=\"91\" srcset=\"https:\/\/bibliotecaetsiibejar.usal.es\/wp-content\/uploads\/sites\/111\/2016\/07\/6-300x91.png 300w, https:\/\/bibliotecaetsiibejar.usal.es\/wp-content\/uploads\/sites\/111\/2016\/07\/6.png 674w\" sizes=\"(max-width: 300px) 100vw, 300px\" \/><\/a><\/p>\n<p style=\"text-align: justify\"><strong><span style=\"font-size: x-large\">\u201c<span style=\"color: #800000\">Su biblioteca<\/span> le puede ayudar a conocer estos \u00edndices, as\u00ed como asesorarle en cu\u00e1les son las publicaciones de mayor \u00edndice de impacto para publicar. Tambi\u00e9n le indicamos en la pesta\u00f1a de publicaci\u00f3n los criterios de calidad editorial\u201d *.<\/span><\/strong><\/p>\n<\/div>\n","protected":false},"excerpt":{"rendered":"<p>Evaluaci\u00f3n de la investigaci\u00f3n* Acreditaci\u00f3n Sexenios Acreditaci\u00f3n El Real Decreto 415\/2015, de 29 de mayo, por el que se modifica el Real Decreto 1312\/2007, de 5 de octubre, por el que se establece la acreditaci\u00f3n nacional para el acceso a &hellip; <a href=\"https:\/\/bibliotecaetsiibejar.usal.es\/en\/acreditacion\/\">Continued<\/a><\/p>\n","protected":false},"author":134,"featured_media":0,"parent":0,"menu_order":0,"comment_status":"closed","ping_status":"closed","template":"","meta":{"footnotes":""},"class_list":["post-1611","page","type-page","status-publish","hentry"],"aioseo_notices":[],"_links":{"self":[{"href":"https:\/\/bibliotecaetsiibejar.usal.es\/en\/wp-json\/wp\/v2\/pages\/1611","targetHints":{"allow":["GET"]}}],"collection":[{"href":"https:\/\/bibliotecaetsiibejar.usal.es\/en\/wp-json\/wp\/v2\/pages"}],"about":[{"href":"https:\/\/bibliotecaetsiibejar.usal.es\/en\/wp-json\/wp\/v2\/types\/page"}],"author":[{"embeddable":true,"href":"https:\/\/bibliotecaetsiibejar.usal.es\/en\/wp-json\/wp\/v2\/users\/134"}],"replies":[{"embeddable":true,"href":"https:\/\/bibliotecaetsiibejar.usal.es\/en\/wp-json\/wp\/v2\/comments?post=1611"}],"version-history":[{"count":0,"href":"https:\/\/bibliotecaetsiibejar.usal.es\/en\/wp-json\/wp\/v2\/pages\/1611\/revisions"}],"wp:attachment":[{"href":"https:\/\/bibliotecaetsiibejar.usal.es\/en\/wp-json\/wp\/v2\/media?parent=1611"}],"curies":[{"name":"wp","href":"https:\/\/api.w.org\/{rel}","templated":true}]}}