{"id":1702,"date":"2016-07-28T09:47:17","date_gmt":"2016-07-28T07:47:17","guid":{"rendered":"https:\/\/bibliotecaetsiibejar.usal.es\/?page_id=1702"},"modified":"2016-07-28T09:47:17","modified_gmt":"2016-07-28T07:47:17","slug":"indice-de-citas-y-factor-de-impacto","status":"publish","type":"page","link":"https:\/\/bibliotecaetsiibejar.usal.es\/en\/indice-de-citas-y-factor-de-impacto\/","title":{"rendered":"Indice de citas y factor de impacto"},"content":{"rendered":"<div style=\"width: 100%;clear: both;text-align: justify\">\n<p style=\"text-align: justify\">Indicadores a tener en cuenta y herramientas para encontrarlos<\/p>\n<p style=\"text-align: justify\"><a href=\"#primero\">Indicadores<\/a><\/p>\n<p style=\"text-align: justify\"><a href=\"#segundo\">Recursos y herramientas para conocer los indicadores<\/a><\/p>\n<p style=\"text-align: justify\"><a href=\"#tercero\">Busca una publicaci\u00f3n cient\u00edfica por ISSN<\/a><\/p>\n<p style=\"text-align: justify\"><a href=\"#cuarto\">Art\u00edculos recomendados sobre infometr\u00eda<\/a><\/p>\n<\/div>\n<div style=\"padding: 10px;float: left;width: 35%;text-align: justify\">\n<p style=\"text-align: justify\"><a name=\"primero\"><\/a><span style=\"font-size: x-large\">Indicadores<\/span><\/p>\n<p style=\"text-align: justify\"><u>Factor de impacto<\/u>. Es un indicador que nos permite posicionar una revista dentro de su categor\u00eda. Es el \u00edndice m\u00e1s conocido en los procesos de evaluaci\u00f3n.\u00a0 Tambi\u00e9n podemos saber el cuartil (tercil para la ANECA) al que corresponde esa revista.<\/p>\n<p style=\"text-align: justify\">El factor de impacto lo hayamos con la siguiente f\u00f3rmula:<\/p>\n<p><img loading=\"lazy\" decoding=\"async\" class=\"size-medium wp-image-1705 aligncenter\" src=\"https:\/\/bibliotecaetsiibejar.nwcds.usal.es\/wp-content\/uploads\/sites\/111\/2016\/07\/imagen-formula-300x110.png\" alt=\"imagen formula\" width=\"300\" height=\"110\" srcset=\"https:\/\/bibliotecaetsiibejar.usal.es\/wp-content\/uploads\/sites\/111\/2016\/07\/imagen-formula-300x110.png 300w, https:\/\/bibliotecaetsiibejar.usal.es\/wp-content\/uploads\/sites\/111\/2016\/07\/imagen-formula.png 569w\" sizes=\"auto, (max-width: 300px) 100vw, 300px\" \/><\/p>\n<p style=\"text-align: justify\">Los resultados por categor\u00edas podemos encontrarlos en el <a href=\"http:\/\/jcr-incites.fecyt.es\/\" target=\"_blank\" rel=\"noopener\">Journal Citation Reports (JCR).<\/a><\/p>\n<p style=\"text-align: justify\">En este mismo portal introduciendo primer apellido y primera letra del nombre sin puntuaci\u00f3n es posible conocer el n\u00famero de citas recibidas.<\/p>\n<p style=\"text-align: justify\"><u>Cuartil. <\/u>En relaci\u00f3n al factor de impacto en que posici\u00f3n entre la primera a la cuarta encontramos una revista si dividimos el n\u00famero habido para esa categor\u00eda en el JCR entre 4. Si en un \u00e1rea hay 100 revistas ordenadas seg\u00fan orden de impacto, cada cuartil tendr\u00e1 25 revista. La revista n\u00famero 24 estar\u00e1 dentro del primer cuartil.<\/p>\n<p style=\"text-align: justify\"><u>\u00cdndice H<\/u>.\u00a0 Indicador propuesto por J. Hirsch que relaciona los art\u00edculos publicados con las citas recibidas. As\u00ed un autor tendr\u00e1 \u00edndice H igual a 8 si tiene un n\u00famero de 8 art\u00edculos con al menos 8 citas cada uno.<\/p>\n<p style=\"text-align: justify\"><a href=\"http:\/\/miar.ub.edu\/about-icds\" target=\"_blank\" rel=\"noopener\">ICDS<\/a> (\u00cdndice Compuesto de Difusi\u00f3n Secundaria) es un indicador que muestra la visibilidad de la revista en diferentes bases de datos cient\u00edficas de alcance internacional, o en su defecto en repertorios de evaluaci\u00f3n de publicaciones peri\u00f3dicas. Un ICDS elevado significa que la revista est\u00e1 presente en diferentes fuentes de informaci\u00f3n de relevancia internacional. Para el c\u00e1lculo del ICDS se establecen los siguientes criterios. <a href=\"http:\/\/miar.ub.edu\/about-icds\" target=\"_blank\" rel=\"noopener\">M\u00e1s informaci\u00f3n<\/a>. Puede consultarse en la <a href=\"http:\/\/miar.ub.edu\/about-miar\" target=\"_blank\" rel=\"noopener\">base de datos MIAR<\/a><\/p>\n<p style=\"text-align: justify\">Otros datos m\u00e9tricos son los siguientes, factor de impacto en 5 a\u00f1os, FI sin auto-citas, \u00cdndice de inmediatez, Total de citas, Total de publicaciones, Ranking de una revista, Eigenfactor; estos y otros son los que explica el siguiente v\u00eddeo y PDF, este \u00faltimo, trabajo de Rachel Magan para Thomson-Reuters.<\/p>\n<div style=\"width: 40%;float: left\"><\/div>\n<div style=\"width: 40%;float: right\"><a href=\"https:\/\/bibliotecaetsiibejar.nwcds.usal.es\/wp-content\/uploads\/sites\/111\/2016\/07\/d-jcr-mangan.pdf\" target=\"_blank\" rel=\"noopener\"><img loading=\"lazy\" decoding=\"async\" class=\"wp-image-1723 aligncenter\" src=\"https:\/\/bibliotecaetsiibejar.nwcds.usal.es\/wp-content\/uploads\/sites\/111\/2016\/07\/imagen-pdf1-200x300.png\" alt=\"imagen pdf1\" width=\"136\" height=\"200\" \/><\/a><\/div>\n<div style=\"width: 100%;clear: both;text-align: justify\"><\/div>\n<\/div>\n<div style=\"padding: 10px;float: right;width: 60%;text-align: justify\"><a name=\"segundo\"><\/a><span style=\"font-size: x-large\">Recursos y herramientas para conocer estos indicadores.<\/span><\/div>\n<div style=\"padding: 10px;float: right;width: 60%;text-align: justify\"><a href=\"http:\/\/jcr-incites.fecyt.es\/\" target=\"_blank\" rel=\"noopener\">Journal Citation Reports (JCR).<\/a><br \/>\nLa siguiente es una vista del recurso que corresponde al FI de las revistas en la categor\u00eda de ingenier\u00eda industrial.<\/div>\n<div style=\"padding: 10px;float: right;width: 60%;text-align: justify\"><a href=\"http:\/\/jcr-incites.fecyt.es\/\" target=\"_blank\" rel=\"noopener\"><img loading=\"lazy\" decoding=\"async\" class=\"wp-image-1738 aligncenter\" src=\"https:\/\/bibliotecaetsiibejar.nwcds.usal.es\/wp-content\/uploads\/sites\/111\/2016\/07\/imagen-recurso-1-300x270.png\" alt=\"imagen recurso 1\" width=\"200\" height=\"200\" \/><\/a><a href=\"http:\/\/www.scimagojr.com\/\" target=\"_blank\" rel=\"noopener\">Scimago Journal &amp; Country Rank (SJR)<\/a>. Este es un portal de acceso p\u00fablico gratuito con los indicadores basados en las revistas de la base de datos SCOPUS de Elsevier. ES posible analizar por separado o comparar, pa\u00edses, revistas. En 2016 contiene 27 grandes \u00e1reas tem\u00e1ticas con 21500 t\u00edtulos de m\u00e1s de 5000 editores.La plataforma Eselvier explica la raz\u00f3n de estas m\u00e9tricas en el pDF de la WEB titulado: \u201cElsevier. SJR2 indicator\u201d.<\/div>\n<div style=\"padding: 10px;float: right;width: 60%;text-align: justify\"><a href=\"http:\/\/www.scimagojr.com\/\" target=\"_blank\" rel=\"noopener\"><img loading=\"lazy\" decoding=\"async\" class=\"size-medium wp-image-1740 aligncenter\" src=\"https:\/\/bibliotecaetsiibejar.nwcds.usal.es\/wp-content\/uploads\/sites\/111\/2016\/07\/imagen-recurso-2-300x118.png\" alt=\"imagen recurso 2\" width=\"300\" height=\"118\" srcset=\"https:\/\/bibliotecaetsiibejar.usal.es\/wp-content\/uploads\/sites\/111\/2016\/07\/imagen-recurso-2-300x118.png 300w, https:\/\/bibliotecaetsiibejar.usal.es\/wp-content\/uploads\/sites\/111\/2016\/07\/imagen-recurso-2-1024x403.png 1024w, https:\/\/bibliotecaetsiibejar.usal.es\/wp-content\/uploads\/sites\/111\/2016\/07\/imagen-recurso-2-768x302.png 768w, https:\/\/bibliotecaetsiibejar.usal.es\/wp-content\/uploads\/sites\/111\/2016\/07\/imagen-recurso-2-1536x604.png 1536w, https:\/\/bibliotecaetsiibejar.usal.es\/wp-content\/uploads\/sites\/111\/2016\/07\/imagen-recurso-2-1200x472.png 1200w, https:\/\/bibliotecaetsiibejar.usal.es\/wp-content\/uploads\/sites\/111\/2016\/07\/imagen-recurso-2.png 1622w\" sizes=\"auto, (max-width: 300px) 100vw, 300px\" \/><\/a><br \/>\n<a href=\"http:\/\/www.eigenfactor.org\/index.php\" target=\"_blank\" rel=\"noopener\">Eigen Factor<\/a>. An\u00e1lisis bibliom\u00e9trico de las citas seg\u00fan procedan de las revistas m\u00e1s o menos citadas y por tanto m\u00e1s o menos relevantes.<\/div>\n<div style=\"padding: 10px;float: right;width: 50%;text-align: justify\"><a href=\"http:\/\/www.eigenfactor.org\/index.php\" target=\"_blank\" rel=\"noopener\"><img loading=\"lazy\" decoding=\"async\" class=\"size-medium wp-image-1741 aligncenter\" src=\"https:\/\/bibliotecaetsiibejar.nwcds.usal.es\/wp-content\/uploads\/sites\/111\/2016\/07\/imagen-recurso-3-300x227.png\" alt=\"imagen recurso 3\" width=\"300\" height=\"227\" srcset=\"https:\/\/bibliotecaetsiibejar.usal.es\/wp-content\/uploads\/sites\/111\/2016\/07\/imagen-recurso-3-300x227.png 300w, https:\/\/bibliotecaetsiibejar.usal.es\/wp-content\/uploads\/sites\/111\/2016\/07\/imagen-recurso-3-768x581.png 768w, https:\/\/bibliotecaetsiibejar.usal.es\/wp-content\/uploads\/sites\/111\/2016\/07\/imagen-recurso-3.png 868w\" sizes=\"auto, (max-width: 300px) 100vw, 300px\" \/><\/a><br \/>\n<a href=\"http:\/\/www.scielo.org\/php\/level.php?lang=es&amp;component=44&amp;item=25\" target=\"_blank\" rel=\"noopener\">Scielo. Indicadores bibliom\u00e9tricos<\/a><\/div>\n<div style=\"padding: 10px;float: right;width: 60%;text-align: justify\"><a href=\"http:\/\/www.scielo.org\/php\/level.php?lang=es&amp;component=44&amp;item=25\" target=\"_blank\" rel=\"noopener\"><img loading=\"lazy\" decoding=\"async\" class=\"size-medium wp-image-1742 aligncenter\" src=\"https:\/\/bibliotecaetsiibejar.nwcds.usal.es\/wp-content\/uploads\/sites\/111\/2016\/07\/imagen-recurso-4-300x124.png\" alt=\"imagen recurso 4\" width=\"300\" height=\"124\" srcset=\"https:\/\/bibliotecaetsiibejar.usal.es\/wp-content\/uploads\/sites\/111\/2016\/07\/imagen-recurso-4-300x124.png 300w, https:\/\/bibliotecaetsiibejar.usal.es\/wp-content\/uploads\/sites\/111\/2016\/07\/imagen-recurso-4.png 680w\" sizes=\"auto, (max-width: 300px) 100vw, 300px\" \/><\/a><a href=\"https:\/\/scholar.google.com\/citations?view_op=top_venues&amp;vq=es\">Google Scholar Metrics.<\/a> Recoge desde Google acad\u00e9mico las 100 revistas con mayor \u00edndice h en los \u00faltimos 5 a\u00f1os.<\/div>\n<div style=\"padding: 10px;float: right;width: 60%;text-align: justify\"><a href=\"https:\/\/scholar.google.com\/citations?view_op=top_venues&amp;vq=es\" target=\"_blank\" rel=\"noopener\"><img loading=\"lazy\" decoding=\"async\" class=\"size-medium wp-image-1743 aligncenter\" src=\"https:\/\/bibliotecaetsiibejar.nwcds.usal.es\/wp-content\/uploads\/sites\/111\/2016\/07\/imagen-recurso-5-300x102.png\" alt=\"imagen recurso 5\" width=\"300\" height=\"102\" srcset=\"https:\/\/bibliotecaetsiibejar.usal.es\/wp-content\/uploads\/sites\/111\/2016\/07\/imagen-recurso-5-300x102.png 300w, https:\/\/bibliotecaetsiibejar.usal.es\/wp-content\/uploads\/sites\/111\/2016\/07\/imagen-recurso-5-1024x349.png 1024w, https:\/\/bibliotecaetsiibejar.usal.es\/wp-content\/uploads\/sites\/111\/2016\/07\/imagen-recurso-5-768x262.png 768w, https:\/\/bibliotecaetsiibejar.usal.es\/wp-content\/uploads\/sites\/111\/2016\/07\/imagen-recurso-5.png 1159w\" sizes=\"auto, (max-width: 300px) 100vw, 300px\" \/><\/a><a href=\"http:\/\/miar.ub.edu\/about-miar\" target=\"_blank\" rel=\"noopener\">Base de datos MIAR<\/a>. Actualizada anualmente, la base de datos MIAR re\u00fane informaci\u00f3n clave para la identificaci\u00f3n y el an\u00e1lisis de revistas. \u00c9stas se agrupan en grandes \u00e1reas cient\u00edficas \u2013subdivididas a su vez en campos acad\u00e9micos m\u00e1s espec\u00edficos\u2013. El sistema crea una matriz de correspondencia entre las revistas, identificadas por su ISSN y las bases de datos y repertorios que las indizan o incluyen. Adem\u00e1s, se indica el v\u00ednculo a las webs de los editores e instituciones responsables de los repertorios y fuentes siempre que se dispone del mismo.<\/div>\n<div style=\"padding: 10px;float: right;width: 60%;text-align: justify\"><a href=\"http:\/\/miar.ub.edu\/about-miar\" target=\"_blank\" rel=\"noopener\"><img loading=\"lazy\" decoding=\"async\" class=\"size-medium wp-image-1746 aligncenter\" src=\"https:\/\/bibliotecaetsiibejar.nwcds.usal.es\/wp-content\/uploads\/sites\/111\/2016\/07\/imagen-recurso-6-300x165.png\" alt=\"imagen recurso 6\" width=\"300\" height=\"165\" srcset=\"https:\/\/bibliotecaetsiibejar.usal.es\/wp-content\/uploads\/sites\/111\/2016\/07\/imagen-recurso-6-300x165.png 300w, https:\/\/bibliotecaetsiibejar.usal.es\/wp-content\/uploads\/sites\/111\/2016\/07\/imagen-recurso-6-768x422.png 768w, https:\/\/bibliotecaetsiibejar.usal.es\/wp-content\/uploads\/sites\/111\/2016\/07\/imagen-recurso-6.png 863w\" sizes=\"auto, (max-width: 300px) 100vw, 300px\" \/><\/a><\/div>\n<div style=\"clear: both;float: left;width: 30%;margin-top: 20px;padding: 3%;border-style: OUTSET\" align=\"left\">\n<p><strong><a name=\"tercero\"><\/a>B\u00fasqueda del factor de impacto de una publicaci\u00f3n cient\u00edfica:<\/strong><\/p>\n<hr \/>\n<\/div>\n<div style=\"padding: 1%;float: right;width: 60%\">\n<p style=\"text-align: center\"><a name=\"cuarto\"><\/a><span style=\"font-size: x-large\">Art\u00edculos recomendados sobre infometr\u00eda<\/span><\/p>\n<div style=\"padding: 3%;float: left;width: 50%\"><a href=\"https:\/\/bibliotecaetsiibejar.nwcds.usal.es\/wp-content\/uploads\/sites\/111\/2016\/07\/f-Leydesdorff.pdf\" target=\"_blank\" rel=\"noopener\"><img loading=\"lazy\" decoding=\"async\" class=\"size-medium wp-image-1779 aligncenter\" src=\"https:\/\/bibliotecaetsiibejar.nwcds.usal.es\/wp-content\/uploads\/sites\/111\/2016\/07\/imagen-pdf2-188x300.png\" alt=\"imagen pdf2\" width=\"100\" height=\"200\" \/><\/a><br \/>\n<a href=\"https:\/\/bibliotecaetsiibejar.nwcds.usal.es\/wp-content\/uploads\/sites\/111\/2016\/07\/f-Leydesdorff.pdf\" target=\"_blank\" rel=\"noopener\">LEYDESDORFF, L., Moya-Aneg\u00f3n, F., Guerrero-Bote, V. Journal maps on the basis of Scopus Data: a comparison with the Journal Citation Reports of the ISI. [Recurso en l\u00ednea]. En: Journal of The American Society for Information Science and Technology (V61-2. pp352-369). DOI: 10.1002\/asi.21250<\/a><\/div>\n<div style=\"padding: 1%;float: left;width: 50%\"><a href=\"https:\/\/bibliotecaetsiibejar.nwcds.usal.es\/wp-content\/uploads\/sites\/111\/2016\/07\/e-SJR.pdf\" target=\"_blank\" rel=\"noopener\"><img loading=\"lazy\" decoding=\"async\" class=\"size-medium wp-image-1783 aligncenter\" src=\"https:\/\/bibliotecaetsiibejar.nwcds.usal.es\/wp-content\/uploads\/sites\/111\/2016\/07\/imagen-pdf3-188x300.png\" alt=\"imagen pdf3\" width=\"100\" height=\"200\" \/><\/a><br \/>\n<a href=\"https:\/\/bibliotecaetsiibejar.nwcds.usal.es\/wp-content\/uploads\/sites\/111\/2016\/07\/e-SJR.pdf\" target=\"_blank\" rel=\"noopener\">GUERRERO-Bote, V., Moya-Aneg\u00f3n, F. A further step forward in measuring journals\u2019 scientific prestige: The SJR2 indicator. [Recurso en l\u00ednea]. En: Journal of infometrics 6 (2012) pp. 674-688. http:\/\/dx.doi.org\/10.1016\/j.joi.2012.07.001<\/a><\/div>\n<\/div>\n<div style=\"width: 100%;clear: both;text-align: justify\">(Nota) La informaci\u00f3n de estas p\u00e1ginas no deja de ser general aunque tiene mayor hincapi\u00e9 para aquellos investigadores de estudios t\u00e9cnicos e ingenier\u00eda.<\/div>\n","protected":false},"excerpt":{"rendered":"<p>Indicadores a tener en cuenta y herramientas para encontrarlos Indicadores Recursos y herramientas para conocer los indicadores Busca una publicaci\u00f3n cient\u00edfica por ISSN Art\u00edculos recomendados sobre infometr\u00eda Indicadores Factor de impacto. Es un indicador que nos permite posicionar una revista &hellip; <a href=\"https:\/\/bibliotecaetsiibejar.usal.es\/en\/indice-de-citas-y-factor-de-impacto\/\">Continued<\/a><\/p>\n","protected":false},"author":134,"featured_media":0,"parent":0,"menu_order":0,"comment_status":"closed","ping_status":"closed","template":"","meta":{"footnotes":""},"class_list":["post-1702","page","type-page","status-publish","hentry"],"aioseo_notices":[],"_links":{"self":[{"href":"https:\/\/bibliotecaetsiibejar.usal.es\/en\/wp-json\/wp\/v2\/pages\/1702","targetHints":{"allow":["GET"]}}],"collection":[{"href":"https:\/\/bibliotecaetsiibejar.usal.es\/en\/wp-json\/wp\/v2\/pages"}],"about":[{"href":"https:\/\/bibliotecaetsiibejar.usal.es\/en\/wp-json\/wp\/v2\/types\/page"}],"author":[{"embeddable":true,"href":"https:\/\/bibliotecaetsiibejar.usal.es\/en\/wp-json\/wp\/v2\/users\/134"}],"replies":[{"embeddable":true,"href":"https:\/\/bibliotecaetsiibejar.usal.es\/en\/wp-json\/wp\/v2\/comments?post=1702"}],"version-history":[{"count":0,"href":"https:\/\/bibliotecaetsiibejar.usal.es\/en\/wp-json\/wp\/v2\/pages\/1702\/revisions"}],"wp:attachment":[{"href":"https:\/\/bibliotecaetsiibejar.usal.es\/en\/wp-json\/wp\/v2\/media?parent=1702"}],"curies":[{"name":"wp","href":"https:\/\/api.w.org\/{rel}","templated":true}]}}