{"id":18,"date":"2016-06-09T10:53:16","date_gmt":"2016-06-09T10:53:16","guid":{"rendered":"https:\/\/bibliotecaetsiibejar.usal.es\/?page_id=18"},"modified":"2016-06-09T10:53:16","modified_gmt":"2016-06-09T10:53:16","slug":"mas","status":"publish","type":"page","link":"https:\/\/bibliotecaetsiibejar.usal.es\/en\/mas\/","title":{"rendered":"Otros enlaces"},"content":{"rendered":"<p><a href=\"#primero\"><strong>Organismos Oficiales e Institucionales<\/strong><\/a><\/p>\n<p><a href=\"#segundo\"><strong>Noticias y Publicaciones<\/strong><\/a><\/p>\n<p><a href=\"#tercero\"><strong>Algunas Multinacionales &#8211; Empleo<\/strong><\/a><\/p>\n<p><a href=\"#cuarto\"><strong>Legislaci\u00f3n y Normas<\/strong><\/a><\/p>\n<p><a href=\"#quinto\"><strong>Empleo P\u00fablico<\/strong><\/a><\/p>\n<p><a href=\"#sexto\"><strong>Tu propio Empleo &#8211; Emprender<\/strong><\/a><\/p>\n<p><a href=\"#septimo\"><strong>De Bibliotecas<\/strong><\/a><\/p>\n<p>&nbsp;<\/p>\n<p><a name=\"primero\"><\/a><strong>Organismos Oficiales e Institucionales<\/strong><\/p>\n<p><a href=\"http:\/\/www.minetur.gob.es\/es-ES\/Paginas\/index.aspx\" target=\"_blank\" rel=\"noopener\">Ministerio de Industria, Energ\u00eda y Turismo<\/a><\/p>\n<p><a href=\"http:\/\/www.minetur.gob.es\/es-ES\/IndicadoresyEstadisticas\/Paginas\/datosTemp.aspx\" target=\"_blank\" rel=\"noopener\">Bolet\u00edn Estad\u00edstico del Ministerio de Industria<\/a><\/p>\n<p><a href=\"http:\/\/iies.es\/\" target=\"_blank\" rel=\"noopener\">Instituto de la Ingenier\u00eda de Espa\u00f1a<\/a><\/p>\n<p><a href=\"http:\/\/www.raing.es\/es\" target=\"_blank\" rel=\"noopener\">Real Academia de Ingenier\u00eda<\/a><\/p>\n<p><a href=\"http:\/\/www.wipo.int\/patents\/es\/\" target=\"_blank\" rel=\"noopener\">OMPI. Patentes<\/a><\/p>\n<p><a href=\"http:\/\/www.wipo.int\/trademarks\/es\/\" target=\"_blank\" rel=\"noopener\">OMPI. Marcas<\/a><\/p>\n<p><a href=\"http:\/\/www.wipo.int\/hague\/es\/\" target=\"_blank\" rel=\"noopener\">OMPI. Sistema Internacional de Dibujos y Modelos Industriales<\/a><\/p>\n<p><a href=\"http:\/\/www.wipo.int\/haguebulletin\/?locale=es_ES\" target=\"_blank\" rel=\"noopener\">OMPI. Bolet\u00edn de Dibujos y Modelos Internacionales<\/a><\/p>\n<p><a href=\"http:\/\/www.aenor.es\/aenor\/inicio\/home\/home.asp\" target=\"_blank\" rel=\"noopener\">AENOR<\/a>. Asociaci\u00f3n Espa\u00f1ola de Normalizaci\u00f3n y Certificaci\u00f3n<\/p>\n<p><a href=\"http:\/\/www.feani.org\/site\/index.php\" target=\"_blank\" rel=\"noopener\">FEANI. European Federation of National Engineering Associations<\/a><\/p>\n<p><a href=\"https:\/\/ingenierosindustriales.es\/\" target=\"_blank\" rel=\"noopener\">Consejo General de Colegios Oficiales de Ingenieros Industriales<\/a><\/p>\n<p><a href=\"http:\/\/www.cogiti.es\/Paginas\/Ficha.aspx?IdMenu=A2238BD0-3048-4D9D-AB8C-C91C6FDFD475&amp;Idioma=es-ES\" target=\"_blank\" rel=\"noopener\">COGITI. Consejo General de Graduados en Ingenier\u00eda Industrial e Ingenieros T\u00e9cnicos Industriales en Espa\u00f1a<\/a><\/p>\n<p><a href=\"http:\/\/www.cogiti.es\/Entidades\/Listado.aspx?IdMenu=48aff735-12fe-4642-903e-2087cc3e5a14&amp;Idioma=es-ES\" target=\"_blank\" rel=\"noopener\">COGITI. Colegios Oficiales<\/a><\/p>\n<p><a href=\"http:\/\/www.copitisalamanca.com\/\" target=\"_blank\" rel=\"noopener\">Colegio Oficial de Peritos e Ingenieros T\u00e9cnicos Industriales de Salamanca<\/a><\/p>\n<p><a href=\"http:\/\/www.upci.es\/\" target=\"_blank\" rel=\"noopener\">Uni\u00f3n Profesional de Colegios de Ingenieros<\/a><\/p>\n<p><a href=\"http:\/\/www.ingenieroindustrial.es\/\" target=\"_blank\" rel=\"noopener\">Federaci\u00f3n de Asociaciones de Ingenieros Industriales de Espa\u00f1a<\/a><\/p>\n<p><a href=\"http:\/\/www.tecniberia.es\/\" target=\"_blank\" rel=\"noopener\">TECNIBERIA<\/a>. Asociaci\u00f3n Espa\u00f1ola de Empresas de Ingenier\u00eda, Consultor\u00eda y Servicios Tecnol\u00f3gicos<\/p>\n<p><a href=\"http:\/\/www.ongawa.org\/\" target=\"_blank\" rel=\"noopener\">ONGAWA<\/a>. Ingenier\u00eda para el Desarrollo Humano. ONG<\/p>\n<p><a href=\"http:\/\/industriales.usal.es\/\" target=\"_blank\" rel=\"noopener\">Escuela T\u00e9cnica Superior de Ingenieros Industriales<\/a><\/p>\n<p>&nbsp;<\/p>\n<p><a name=\"segundo\"><\/a><strong>Noticias y Publicaciones<\/strong><\/p>\n<p><a href=\"http:\/\/www.expansion.com\/empresas\/industria.html\" target=\"_blank\" rel=\"noopener\">Peri\u00f3dico Expansi\u00f3n. Industria<\/a><\/p>\n<p><a href=\"http:\/\/www.expansion.com\/empresas\/tecnologia.html?intcmp=MENUHOM24101&amp;s_kw=tecnologicas\" target=\"_blank\" rel=\"noopener\">Expansi\u00f3n. Noticias empresas de tecnolog\u00eda<\/a><\/p>\n<p><a href=\"http:\/\/ariadna.elmundo.es\/buscador\/archivo.html?q=Ingenier%EDa+industrial&amp;b_avanzada=\" target=\"_blank\" rel=\"noopener\">El Mundo. B\u00fasqueda para ingenier\u00eda industrial<\/a><\/p>\n<p><a href=\"http:\/\/elpais.com\/buscador\/\" target=\"_blank\" rel=\"noopener\">El Pa\u00eds. Buscador de noticias<\/a>. Pon el t\u00e9rmino que te interese: industria, ingenier\u00eda industrial\u2026<\/p>\n<p><a href=\"http:\/\/www.gasnaturalfenosa.com\/es\/reputacion+y+responsabilidad+corporativa\/informes+y+publicaciones\/1285338472661\/otras+publicaciones.html\" target=\"_blank\" rel=\"noopener\">Publicaciones Gas Natural<\/a><\/p>\n<p><a href=\"https:\/\/www.meneame.net\/search?q=ingenieria+industrial\" target=\"_blank\" rel=\"noopener\">Men\u00e9ame<\/a><\/p>\n<p>&nbsp;<\/p>\n<p><a name=\"tercero\"><\/a><strong>Algunas Multinacionales &#8211; Empleo<\/strong><\/p>\n<p>Realizamos esta selecci\u00f3n entre las empresas del IBEX35 que podr\u00edan tener mayor incidencia en la industria.; Os dejamos el enlace a su WEB para insertar vuestro CV. En algunas tambi\u00e9n podr\u00e9is ver informaci\u00f3n de cada empresa como su perfil u otras recomendaciones. Las cotizaciones cambian de forma continua por lo que puedes mirar y realizar tu propia selecci\u00f3n. <a href=\"http:\/\/www.expansion.com\/mercados\/cotizaciones\/indices\/ibex35_I.IB.html\">Expansi\u00f3n. Ibex35<\/a><\/p>\n<p><a href=\"http:\/\/www.acerinox.com\/es\/contacto\/formulario\/Formulario-de-Contacto-Recursos-Humanos\/\" target=\"_blank\" rel=\"noopener\">Acerinox<\/a><\/p>\n<p>ArcelorMittal. <a href=\"https:\/\/jobs.arcelormittal.com\/StartSiteLanguage.aspx?ci=KiR5YPALV5E=&amp;slid=AuVKkBBv3fI=&amp;urltransfer=Login2.aspx\" target=\"_blank\" rel=\"noopener\">Buscador de empleo<\/a><\/p>\n<p>Enel \u2013 Grupo al que pertenece ENDESA tiene tambi\u00e9n un programa internacional de pr\u00e1cticas<\/p>\n<p><a href=\"https:\/\/www.enel.com\/es-ES\/Paginas\/career\/work-with-us.aspx\" target=\"_blank\" rel=\"noopener\">https:\/\/www.enel.com\/es-ES\/Paginas\/career\/work-with-us.aspx<\/a><\/p>\n<p>&nbsp;<\/p>\n<p>Ferrovial. <a href=\"http:\/\/www.ferrovial.com\/es\/nuestras-personas\/unete-a-nosotros\/\" target=\"_blank\" rel=\"noopener\">Buscador<\/a><\/p>\n<p>Gas Natural. <a href=\"http:\/\/www.gasnaturalfenosa.com\/es\/nuestra+gente\/unete+al+equipo\/1285338473811\/canal+empleo.html\" target=\"_blank\" rel=\"noopener\">Canal de empleo<\/a><\/p>\n<p>Iberdrola &#8211; <a href=\"https:\/\/www.iberdrola.com\/personas-talento\/canal-empleo\" target=\"_blank\" rel=\"noopener\">https:\/\/www.iberdrola.com\/personas-talento\/canal-empleo<\/a><\/p>\n<p>Inditex. <a href=\"https:\/\/www.inditexcareers.com\/portalweb\/es\/equipos\" target=\"_blank\" rel=\"noopener\">Talento<\/a><\/p>\n<p><a href=\"http:\/\/www.indraempleo.com\/es\" target=\"_blank\" rel=\"noopener\">Indra.<\/a> Con una secci\u00f3n para juniors<\/p>\n<p><a href=\"http:\/\/www.mercedes-benz.es\/content\/spain\/mpc\/mpc_spain_website\/es\/home_mpc\/passengercars\/home\/world\/MBE_practices.html#_int_passengercars:home:core-navi:MBE_practices\" target=\"_blank\" rel=\"noopener\">Mercedes-Benz<\/a><\/p>\n<p><a href=\"http:\/\/www.ree.es\/es\/trabaja-con-nosotros\" target=\"_blank\" rel=\"noopener\">Red El\u00e9ctrica de Espa\u00f1a<\/a><\/p>\n<p>Repsol. <a href=\"https:\/\/www.repsol.com\/es_es\/corporacion\/empleo\/te-buscamos\/estudiantes\/default.aspx\" target=\"_blank\" rel=\"noopener\">Perfil para el estudiante<\/a> Tienen un correo electr\u00f3nico al que dirigir las aplicaciones.<\/p>\n<p><a href=\"http:\/\/www.samsung.com\/es\/aboutsamsung\/newaboutsamsung\/samsung_oportunity.html\" target=\"_blank\" rel=\"noopener\">Samsung.<\/a> Apprentice Program<\/p>\n<p><a href=\"http:\/\/w5.siemens.com\/spain\/web\/es\/jobs\/Pages\/empleo.aspx\" target=\"_blank\" rel=\"noopener\">Siemens<\/a>. Con secci\u00f3n para estudiantes<\/p>\n<p><a href=\"http:\/\/www.tecnicasreunidas.es\/es\/recursos-humanos\/canal-de-empleo\/\" target=\"_blank\" rel=\"noopener\">T\u00e9cnicas reunidas<\/a><\/p>\n<p>&nbsp;<\/p>\n<p><a name=\"cuarto\"><\/a><strong>Legislaci\u00f3n y Normas<\/strong><\/p>\n<p><a href=\"http:\/\/www.coiig.com\/COIIG\/index.php?option=com_content&amp;task=blogcategory&amp;id=148&amp;Itemid=1062&amp;lang=es_ES\" target=\"_blank\" rel=\"noopener\">COIIG. \u00cdndice WEB<\/a> seg\u00fan \u00e1reas en relaci\u00f3n a la industria<\/p>\n<p>UPV. Biblioteca de Ingenieros industriales. <a href=\"https:\/\/www.upv.es\/contenidos\/BIBIND\/infoweb\/bibind\/info\/983733normalc.html\" target=\"_blank\" rel=\"noopener\">\u00cdndice WEB Legislaci\u00f3n<\/a><\/p>\n<p><a href=\"http:\/\/www.boe.es\/legislacion\/legislacion.php\" target=\"_blank\" rel=\"noopener\">Buscador BOE.<\/a><\/p>\n<p><a href=\"http:\/\/www.boe.es\/diario_boe\/\" target=\"_blank\" rel=\"noopener\">BOE b\u00fasqueda por calendario<\/a><\/p>\n<p>&nbsp;<\/p>\n<p><a name=\"quinto\"><\/a><strong>Empleo P\u00fablico<\/strong><\/p>\n<p><a href=\"http:\/\/www.minetur.gob.es\/es-ES\/servicios\/OposicionesyConcursos\/Paginas\/Empleo.aspx\" target=\"_blank\" rel=\"noopener\">Convocatorias Ministerio de Industria<\/a><\/p>\n<p>&nbsp;<\/p>\n<p><a name=\"sexto\"><\/a><strong>Tu propio Empleo &#8211; Emprender<\/strong><\/p>\n<p><a href=\"http:\/\/www.enisa.es\/es\/financiacion\" target=\"_blank\" rel=\"noopener\">L\u00ednea estatal<\/a><\/p>\n<p><a href=\"http:\/\/www.ceei.jcyl.es\/\" target=\"_blank\" rel=\"noopener\">Viveros empresa CyL<\/a><\/p>\n<p><a href=\"https:\/\/pcs.usal.es\/es\" target=\"_blank\" rel=\"noopener\">Parque Cient\u00edfico USAL<\/a><\/p>\n<p><a href=\"http:\/\/www.madridemprende.es\/Intranet\/images_load\/Manual%20Plan%20de%20Empresa%202010%20Madrid%20Emprende.pdf\" target=\"_blank\" rel=\"noopener\">Plan de Empresa<\/a><\/p>\n<p><a href=\"http:\/\/www.secot.org\/\" target=\"_blank\" rel=\"noopener\">SECOT<\/a>. Asesoramiento senior de forma desinteresada.<\/p>\n<p><a href=\"http:\/\/brumario.usal.es\/search~S6*spi?\/Xempresa+familiar&amp;SORT=D\/Xempresa+familiar&amp;SORT=D&amp;searchscope=&amp;Search=&amp;SUBKEY=empresa+familiar\/1,56,56,B\/frameset&amp;FF=Xempresa+familiar&amp;SORT=D&amp;2,2,#.V8frE5iLSUl\" target=\"_blank\" rel=\"noopener\">Empresas familiares<\/a><\/p>\n<p>&nbsp;<\/p>\n<p><a name=\"septimo\"><\/a><strong>De Bibliotecas<\/strong><\/p>\n<p><a href=\"https:\/\/bibliotecas.usal.es\/\" target=\"_blank\" rel=\"noopener\">Biblioteca Universidad de Salamanca<\/a><\/p>\n<p>Biblioteca ingenieros &#8211; U. de Sevilla. <a href=\"http:\/\/bibing.us.es\/vinci\/\" target=\"_blank\" rel=\"noopener\">VINCI-Recursos para ingenieros<\/a><\/p>\n<p>UPM. Blog animaci\u00f3n a la lectura. <a href=\"http:\/\/blogs.upm.es\/nosolotecnica\/\" target=\"_blank\" rel=\"noopener\">noS\u00d3LOt\u00e9cnica<\/a><\/p>\n","protected":false},"excerpt":{"rendered":"<p>Organismos Oficiales e Institucionales Noticias y Publicaciones Algunas Multinacionales &#8211; Empleo Legislaci\u00f3n y Normas Empleo P\u00fablico Tu propio Empleo &#8211; Emprender De Bibliotecas &nbsp; Organismos Oficiales e Institucionales Ministerio de Industria, Energ\u00eda y Turismo Bolet\u00edn Estad\u00edstico del Ministerio de Industria &hellip; <a href=\"https:\/\/bibliotecaetsiibejar.usal.es\/en\/mas\/\">Continued<\/a><\/p>\n","protected":false},"author":134,"featured_media":0,"parent":0,"menu_order":0,"comment_status":"closed","ping_status":"closed","template":"","meta":{"footnotes":""},"class_list":["post-18","page","type-page","status-publish","hentry"],"aioseo_notices":[],"_links":{"self":[{"href":"https:\/\/bibliotecaetsiibejar.usal.es\/en\/wp-json\/wp\/v2\/pages\/18","targetHints":{"allow":["GET"]}}],"collection":[{"href":"https:\/\/bibliotecaetsiibejar.usal.es\/en\/wp-json\/wp\/v2\/pages"}],"about":[{"href":"https:\/\/bibliotecaetsiibejar.usal.es\/en\/wp-json\/wp\/v2\/types\/page"}],"author":[{"embeddable":true,"href":"https:\/\/bibliotecaetsiibejar.usal.es\/en\/wp-json\/wp\/v2\/users\/134"}],"replies":[{"embeddable":true,"href":"https:\/\/bibliotecaetsiibejar.usal.es\/en\/wp-json\/wp\/v2\/comments?post=18"}],"version-history":[{"count":0,"href":"https:\/\/bibliotecaetsiibejar.usal.es\/en\/wp-json\/wp\/v2\/pages\/18\/revisions"}],"wp:attachment":[{"href":"https:\/\/bibliotecaetsiibejar.usal.es\/en\/wp-json\/wp\/v2\/media?parent=18"}],"curies":[{"name":"wp","href":"https:\/\/api.w.org\/{rel}","templated":true}]}}