{"id":1882,"date":"2016-08-29T11:51:46","date_gmt":"2016-08-29T09:51:46","guid":{"rendered":"https:\/\/bibliotecaetsiibejar.usal.es\/?page_id=1882"},"modified":"2016-08-29T11:51:46","modified_gmt":"2016-08-29T09:51:46","slug":"sobre-propiedad","status":"publish","type":"page","link":"https:\/\/bibliotecaetsiibejar.usal.es\/en\/sobre-propiedad\/","title":{"rendered":"Sobre propiedad"},"content":{"rendered":"<div style=\"padding: 10px;float: left;width: 70%;text-align: justify\">\n<p>Esta p\u00e1gina ofrece indicaciones para evitar y prevenir el <strong>plagio<\/strong>, siendo <strong>cualquier acci\u00f3n que implique apropiarse la autor\u00eda<\/strong> de cualquier manifestaci\u00f3n creativa o cient\u00edfica por peque\u00f1a que sea o formato que la contenga.<\/p>\n<p>Otro mecanismo para prevenir y evitar el mismo\u00a0es un aparato bibliogr\u00e1fico y citas realizadas de forma correcta. En este\u00a0<a href=\"https:\/\/bibliotecaetsiibejar.nwcds.usal.es\/wp-content\/uploads\/sites\/111\/2016\/07\/Como-citar-bibliografias.pdf\">enlace<\/a>\u00a0encontrar\u00e1 nuestra recomendaci\u00f3n sobre citas y bibliograf\u00eda.<\/p>\n<div>\n<p><strong><a href=\"#primero\">Propiedad Industrial e Intelectual<\/a><\/strong><\/p>\n<\/div>\n<p style=\"padding-left: 30px\"><a href=\"#segundo\">Sobre la propiedad intelectual: preguntas<\/a><br \/>\n<a href=\"#tercero\">Propiedad Intelectual y derechos de autor en el entorno digital<\/a><br \/>\n<a href=\"#cuarto\">Propiedad Intelectual y materiales docentes<\/a><br \/>\n<a href=\"#quinto\">Idea clave<\/a><\/p>\n<div>\n<p><a href=\"#sexto\"><strong>Otros tipos de licencias<\/strong><\/a><\/p>\n<\/div>\n<p style=\"padding-left: 30px\"><a href=\"#septimo\">Creative Commons<\/a><br \/>\n<a href=\"#octavo\">Copyleft, GNU y GFDL<\/a><br \/>\n<a href=\"#noveno\">ColorIURIS<\/a><\/p>\n<p><strong>Le invitamos a ver el documental<\/strong> emitido por TVE, <strong>\u00a1Copiad, malditos!.<\/strong> Descargar e incluir derecha final. Nos ofrece una vista muy actual de los contenidos que explicamos a continuaci\u00f3n.<\/p>\n<h3><a name=\"primero\"><\/a><strong>Propiedad Industrial e Intelectual<\/strong><\/h3>\n<p>Ambos t\u00e9rminos tienen dos vertientes ya que pertenecen al derecho internacional y nacional.<\/p>\n<p>Como derecho internacional, el organismo encargado de su desarrollo y establecimiento es la <a href=\"http:\/\/www.wipo.int\/portal\/es\/\">OMPI<\/a> (Organizaci\u00f3n Mundial de la Propiedad Intelectual). Es un organismo especializado de las Naciones Unidas que nace a pies de los Convenios de Par\u00eds en 1883 sobre propiedad industrial y el de Berna en 1886 para la protecci\u00f3n de obras literarias.<\/p>\n<p>En la parte derecha de la web podr\u00e1 leer documentos pertinentes a la informaci\u00f3n considerada.<\/p>\n<p>Espa\u00f1a es integrante de la OMPI desde 1970. Cada pa\u00eds integrante puede tener su propia legislaci\u00f3n como es el caso espa\u00f1ol.<\/p>\n<p>Firmado por Garrigues disponemos de una recopilaci\u00f3n de toda la legislaci\u00f3n en relaci\u00f3n a la propiedad intelectual editada como publicaci\u00f3n oficial de la Administraci\u00f3n General del Estado. Es un documento de codificaci\u00f3n electr\u00f3nica al d\u00eda tal como se\u00f1ala el recopilador: \u201c[es] la legislaci\u00f3n vigente que el especialista en derechos de autor debe tener al alcance de la mano para dar respuesta a los problemas que se le plantean en su d\u00eda a d\u00eda\u201d. Puede ver el PDF sobre estas l\u00edneas.<\/p>\n<p>En las pr\u00f3ximas l\u00edneas puede considerar respuestas sobre propiedad intelectual que encontramos en el RD Legislativo 1\/1996, de 12 de abril.<\/p>\n<h2><a name=\"segundo\"><\/a><strong>Sobre propiedad intelectual : preguntas<\/strong><\/h2>\n<p><a href=\"#a\"><strong>\u00bfQu\u00e9 podemos considerar como obra y qu\u00e9 tipos se\u00f1ala la ley?<\/strong><\/a><\/p>\n<p><a href=\"#b\"><strong>\u00bfQu\u00e9 es la propiedad intelectual?<\/strong><\/a><\/p>\n<p><a href=\"#c\"><strong>\u00bfQu\u00e9 son los derechos de autor?<\/strong><\/a><\/p>\n<p><a href=\"#d\"><strong>Diferencia entre derechos de autor y Copyright<\/strong><\/a><\/p>\n<p><a href=\"#e\"><strong>\u00bfQu\u00e9 duraci\u00f3n tienen los derechos de explotaci\u00f3n<\/strong><strong> y pasa a dominio p\u00fablico?<\/strong><\/a><\/p>\n<p><a href=\"#f\"><strong>\u00bfQui\u00e9n y con cu\u00e1les condiciones puede reproducirse una obra?<\/strong><\/a><\/p>\n<p><a href=\"#g\"><strong>\u00bfD\u00f3nde puedo averiguar sobre la transmisi\u00f3n de derechos?<\/strong><\/a><\/p>\n<p><a href=\"#h\"><strong>\u00bfEs necesario registrar las obras?<\/strong><\/a><\/p>\n<p><a href=\"#i\"><strong>Entidades de Gesti\u00f3n de Propiedad Intelectual<\/strong><\/a><\/p>\n<p>&nbsp;<\/p>\n<p><strong><a name=\"a\"><\/a>\u00bfQu\u00e9 podemos considerar como obra y qu\u00e9 tipos se\u00f1ala la ley?<\/strong><\/p>\n<p>Todas las creaciones originales literarias, art\u00edsticas o cient\u00edficas expresadas por cualquier medio o soporte, tangible o intangible, actualmente conocido o que se invente en el futuro. Art. 10<\/p>\n<p>Los tipos est\u00e1n en los art\u00edculos previos:<\/p>\n<p>Obra en colaboraci\u00f3n que desarrolla el art\u00edculo 7.<\/p>\n<p>Obra colectiva que desarrolla el art\u00edculo 8.<\/p>\n<p>Obra compuesta e independiente que desarrolla el art\u00edculo 9.<\/p>\n<p>Obras derivadas que desarrolla el art\u00edculo 11.<\/p>\n<p><strong><a name=\"b\"><\/a>\u00bfQu\u00e9 es la propiedad intelectual?<\/strong><\/p>\n<p>La propiedad intelectual est\u00e1 integrada por derechos de car\u00e1cter personal y patrimonial, que atribuyen al autor la plena disposici\u00f3n y el derecho exclusivo a la explotaci\u00f3n de la obra. Art.2; Seg\u00fan el art\u00edculo 5, autor es la persona natural que crea alguna obra literaria, art\u00edstica o cient\u00edfica y el art\u00edculo 6, Se presumir\u00e1 autor, salvo prueba en contrario, a quien aparezca como tal en la obra, mediante su nombre, firma o signo que lo identifique.<\/p>\n<p><strong><a name=\"c\"><\/a>\u00bfQu\u00e9 son los derechos de autor?<\/strong><\/p>\n<p>Corresponde, 1\u00ba al derecho moral, estos son seg\u00fan la ley irrenunciables e inalienables.\u00a0 V. Secci\u00f3n 1\u00aa, Cap\u00edtulo III. Y 2\u00ba a los derechos de explotaci\u00f3n de la obra que la ley considera a partir del art\u00edculo 17, reproducci\u00f3n, distribuci\u00f3n, comunicaci\u00f3n p\u00fablica y transformaci\u00f3n.<\/p>\n<p><strong><a name=\"d\"><\/a>Diferencia entre derechos de autor y Copyright<\/strong><\/p>\n<p>[Tenemos que hacer un par\u00e9ntesis para indicar que existe una diferencia entre derechos de autor y Copyright]. Aunque los dos t\u00e9rminos han ido convergiendo hasta casi ser sin\u00f3nimos el siguiente matiz los diferencia, los derechos de autor pueden ser morales o patrimoniales, mientas que el copyright se centra casi exclusivamente en el aspecto patrimonial.<\/p>\n<p><strong><a name=\"e\"><\/a>\u00bfQu\u00e9 duraci\u00f3n tienen los derechos de explotaci\u00f3n y pasa a dominio p\u00fablico?<\/strong><\/p>\n<p>Tal como estamos hablando de propiedad intelectual, la duraci\u00f3n y l\u00edmites los encontramos en el T\u00edtulo III. Como norma general durar\u00e1n toda la vida del autor y setenta a\u00f1os despu\u00e9s de su muerte o declaraci\u00f3n de fallecimiento. Art. 26. A partir de ese momento la obra pasa a dominio p\u00fablico que como indica el art\u00edculo 41 podr\u00e1n ser utilizadas por cualquiera, siempre que se respete la autor\u00eda y la integridad de la obra.<\/p>\n<p>En el tipo de obras vistas con anterioridad, obras en colaboraci\u00f3n los derechos corresponden a todos los autores en la proporci\u00f3n que ellos determinen.<\/p>\n<p>Si es una obra colectiva corresponder\u00e1n a la persona que la edite y divulgue bajo su nombre.<\/p>\n<p><strong><a name=\"f\"><\/a>\u00bfQui\u00e9n y con cu\u00e1les condiciones puede reproducirse una obra?<\/strong><\/p>\n<p>El art\u00edculo 37 que copiamos nos contesta: Libre reproducci\u00f3n y pr\u00e9stamo en determinadas instituciones.<\/p>\n<ol>\n<li>Los titulares de los derechos de autor no podr\u00e1n oponerse a las reproducciones de las obras, cuando aqu\u00e9llas se realicen sin finalidad lucrativa por los museos, bibliotecas, fonotecas, filmotecas, hemerotecas o archivos, de titularidad p\u00fablica o integradas en instituciones de car\u00e1cter cultural o cient\u00edfico, y la reproducci\u00f3n se realice exclusivamente para fines de investigaci\u00f3n.<\/li>\n<li>Asimismo, los museos, archivos, bibliotecas, hemerotecas, fonotecas o filmotecas de titularidad p\u00fablica o que pertenezcan a entidades de inter\u00e9s general de car\u00e1cter cultural, cient\u00edfico o educativo sin \u00e1nimo de lucro, o a instituciones docentes integradas en el sistema educativo espa\u00f1ol, no precisar\u00e1n autorizaci\u00f3n de los titulares de los derechos ni les satisfar\u00e1n remuneraci\u00f3n por los pr\u00e9stamos que realicen.<\/li>\n<\/ol>\n<p>Cualquier otro uso fraudulento de reproducci\u00f3n de obras que no est\u00e9 incluido en los art\u00edculos del 31 al 38 de esta ley podr\u00e1 ser inicio de acciones penales y\/o civiles previstas.<\/p>\n<p><strong><a name=\"g\"><\/a>\u00bfD\u00f3nde puedo averiguar sobre la transmisi\u00f3n de derechos?<\/strong><\/p>\n<p>En el T\u00edtulo V de la Ley puede leer la diversa casu\u00edstica que implica a la transmisi\u00f3n de derechos.<\/p>\n<p><strong><a name=\"h\"><\/a>\u00bfEs necesario registrar las obras?<\/strong><br \/>\nNo, la inscripci\u00f3n en el\u00a0<a href=\"http:\/\/www.mecd.gob.es\/cultura-mecd\/areas-cultura\/propiedadintelectual\/registro-de-la-propiedad-intelectual\/organizacion-y-direcciones.html\">Registro de la Propiedad Intelectual\u00a0<\/a>es voluntaria.<\/p>\n<p><strong><a name=\"i\"><\/a>Entidades de Gesti\u00f3n de Propiedad Intelectual<\/strong><\/p>\n<p>En esta p\u00e1gina<a href=\"http:\/\/www.mecd.gob.es\/cultura-mecd\/areas-cultura\/propiedadintelectual\/gestion-colectiva\/direcciones-y-tarifas.html\"> -enlace<\/a>&#8211; del Ministerio de Educaci\u00f3n, Ciencia y Deporte puede ver las Entidades de Gesti\u00f3n de Propiedad Intelectual de autor as\u00ed como las tarifas que establecen.<\/p>\n<h2><a name=\"tercero\"><\/a>Derechos de autor en el entorno digital<\/h2>\n<p>Con anterioridad vimos que es entendido por obra, cualquier manifestaci\u00f3n de autor en cualquier soporte, por tanto, la transmisi\u00f3n digital de una obra tendr\u00e1 un soporte legible por ordenador para la que quedan reservados los mismos derechos que vimos en p\u00e1rrafos anteriores.<\/p>\n<p><strong>Autoriza la difusi\u00f3n, \u00bflos contenidos de distribuci\u00f3n p\u00fablica de la WEB o de aquellos que pueda ver en internet al pagar una licencia?<\/strong><\/p>\n<p>No. Que podamos ver los contenidos no quiere decir que su autor haya renunciado a sus derechos. Si son plataformas de acceso a contenidos bajo pago tampoco estaremos autorizados, ya que ese pago es por el acceso y nunca para su reproducci\u00f3n salvo en los casos vistos con anterioridad en los art\u00edculos 31 al 38 de la Ley.<\/p>\n<p>Si ponemos una obra de otra persona en nuestro espacio web estamos infringiendo su derecho de comunicaci\u00f3n p\u00fablica.<\/p>\n<p>Leemos en el art\u00edculo 32.2: \u201cEn cualquier caso, la puesta a disposici\u00f3n del p\u00fablico por terceros de cualquier imagen, obra fotogr\u00e1fica o mera fotograf\u00eda divulgada en publicaciones peri\u00f3dicas o en sitios Web de actualizaci\u00f3n peri\u00f3dica estar\u00e1 sujeta a autorizaci\u00f3n\u201d.<\/p>\n<h2><a name=\"cuarto\"><\/a>Materiales docentes<\/h2>\n<p><strong>\u00bfC\u00f3mo puedo utilizar las obras de otros autores en actividades educativas?<\/strong><br \/>\nel art\u00edculo 32.1 se\u00f1ala que se pueden incluir fragmentos de obras ya divulgadas a t\u00edtulo de cita s\u00f3lo con fines para la docencia y la investigaci\u00f3n.<\/p>\n<p><strong>\u00bfPuedo subir a una plataforma de ense\u00f1anza u otra un documento escaneado?<\/strong><\/p>\n<p><strong>No. <\/strong>A no ser que tenga la autorizaci\u00f3n de su autor. Siempre puede referenciar ese trabajo en su lugar original o indicar d\u00f3nde pueden encontrarlo sus alumnos<\/p>\n<p><strong>\u2026pero siempre podr\u00e9 difundir en cualquier medio mis propios trabajos.<\/strong><\/p>\n<p>Como autor debe saber que derechos tiene su propia obra y no puede publicar como propios los trabajos, a\u00fan realizados por usted, de los que haya cedido los derechos con anterioridad.<\/p>\n<h2><a name=\"quinto\"><\/a><strong>Idea clave<\/strong><\/h2>\n<p>Respecto a cualquier documento en cualquier soporte o medio de distribuci\u00f3n solo es posible difundirlo si:<\/p>\n<ul>\n<li>Recibe directamente y de forma expresa la autorizaci\u00f3n de su autor y siempre que mantenga los derechos de explotaci\u00f3n.<\/li>\n<li>Si es un documento gestionado por una entidad de gesti\u00f3n y ha procedido al pago correspondiente.<\/li>\n<li>Respetando cualquier otro tipo de licencia existente que veremos a continuaci\u00f3n.<\/li>\n<\/ul>\n<h2><a name=\"sexto\"><\/a><strong>Otros tipos de licencias<\/strong><\/h2>\n<h3><strong><a name=\"septimo\"><\/a>Creative Commons<\/strong><\/h3>\n<p><strong>, \u00bfqu\u00e9 es?<\/strong>, respuestas, tipos, buscador CC.<\/p>\n<p>En los siguientes ep\u00edgrafes no indizar preguntas s\u00f3lo se\u00f1alarlas en otro color.<br \/>\nEs una corporaci\u00f3n sin fines de lucro orientada a darle al autor el poder de decidir los l\u00edmites de uso y explotaci\u00f3n de su trabajo en Internet. Fundada por James Boyle, Michael Carroll y Lawrence Lessig, Creative Commons naci\u00f3 en el 2002 en Estados Unidos, como un proyecto de licencias para trabajos art\u00edsticos que no limitara por completo el uso o reproducci\u00f3n de la obra. En poco tiempo se convirti\u00f3 en un proyecto internacional, llegando a Espa\u00f1a en el 2003 de la mano de la Universidad de Barcelona, que ofici\u00f3 en la adaptaci\u00f3n de las licencias al Estado Espa\u00f1ol (en castellano y catal\u00e1n). A partir de Octubre de 2004, se pusieron a disposici\u00f3n del p\u00fablico las licencias de CC adaptadas a la legislaci\u00f3n sobre propiedad intelectual del Estado Espa\u00f1ol. Informaci\u00f3n on line, en: <a href=\"http:\/\/www.neoteo.com\/que-es-creative-commons#prettyPhoto\">http:\/\/www.neoteo.com\/que-es-creative-commons#prettyPhoto<\/a>. [Consulta 25\/08\/2016]<\/p>\n<p><strong>\u00a0<\/strong><\/p>\n<p>Muchas de las preguntas que puedan plantearle el uso de las licencias Creative Commons (a partir de ahora CC) las puede resolver en el documento<u> pdf cc ra\u00fal<\/u> en la parte derecha de la p\u00e1gina \u201cpreguntas sobre Creative Commons\u201d. Este documento est\u00e1 alojado en HTML en la p\u00e1gina WEB para el blog de CC en Espa\u00f1a. Informaci\u00f3n on line, en http:\/\/es.creativecommons.org\/blog\/pmf\/\u00a0 [Consulta 25\/08\/2016].<\/p>\n<p>Destacamos las cuestiones que nos han parecido de mayor inter\u00e9s que puede consultar en el PDF adjunto.<strong>\u00a0<\/strong>En este documento tambi\u00e9n puede ver el tipo de licencias CC existentes.<\/p>\n<p>\u00bfQui\u00e9n da el permiso para usar obras con licencias CC?<\/p>\n<p>\u00bfC\u00f3mo a\u00f1ado correctamente la licencia a una obra?<\/p>\n<p>\u00bfMe va a costar algo usar vuestras licencias?<\/p>\n<p>\u00bfCreative Commons est\u00e1 en contra del copyright?<\/p>\n<p>\u00bfEst\u00e1 construyendo Creative Commons una base de datos de contenidos que est\u00e1n bajo licencia?<\/p>\n<p>\u00bfPor qu\u00e9 habr\u00eda de dejar mi obra para uso del dominio p\u00fablico, o ponerlo a disposici\u00f3n del p\u00fablico con una licencia a medida de Creative Commons, si el copyright me proporciona mayor protecci\u00f3n legal?<\/p>\n<p>\u00bfLas licencias CC afectan excepciones y limitaciones del copyright, como el trato justo y el uso justo?<\/p>\n<p>\u00bfQu\u00e9 significa \u201calgunos derechos reservados\u201d?<\/p>\n<p>\u00bfC\u00f3mo funcionan las licencias CC?<\/p>\n<p>\u00bfLas licencias CC se pueden usar en un juicio?<\/p>\n<p>\u00bfQu\u00e9 pasa si alguien aplica una licencia CC de mi obra sin mi permiso ni autorizaci\u00f3n?<\/p>\n<p><a href=\"http:\/\/es.creativecommons.org\/blog\/licencias\/\">Tipos de licencias<\/a> CC.<\/p>\n<p>Existe un buscador para recursos CC con una selecci\u00f3n de recursos que podr\u00e1 buscar por tipo de plataforma y t\u00e9rmino clave. <a href=\"http:\/\/search.creativecommons.org\/\">Enlace<\/a><\/p>\n<h3><a name=\"octavo\"><\/a>Copyleft<\/h3>\n<p>Toda la informaci\u00f3n que leer\u00e1 en este ep\u00edgrafe pertenece a la p\u00e1gina traducida de la p\u00e1gina original en ingl\u00e9s.<\/p>\n<p>El copyleft es un m\u00e9todo general para hacer un programa (u otro tipo de trabajo) libre, exigiendo que todas las versiones modificadas y extendidas del mismo sean tambi\u00e9n libres.<\/p>\n<p>Como se\u00f1ala en su p\u00e1gina no es en s\u00ed una licencia si no un \u201cun concepto general y, por lo tanto, no puede usarse de forma directa; solamente es posible utilizar una implementaci\u00f3n especifica del concepto. En el Proyecto GNU los t\u00e9rminos espec\u00edficos de distribuci\u00f3n que usamos para nuestro software est\u00e1n contenidas en la Licencia P\u00fablica GNU (disponible en formato <a href=\"https:\/\/www.gnu.org\/copyleft\/gpl.html\">HTML <\/a>, <a href=\"https:\/\/www.gnu.org\/copyleft\/gpl.txt\">texto plano<\/a> y <a href=\"https:\/\/www.gnu.org\/copyleft\/gpl.texi\">Texinfo<\/a>)\u201d.<\/p>\n<p>La forma m\u00e1s simple de hacer que un programa sea libre es ponerlo bajo <a href=\"https:\/\/www.gnu.org\/philosophy\/categories.es.html#PublicDomainSoftware\">dominio p\u00fablico<\/a>, sin derechos de autor. Esto permite a la gente compartir el programa y sus mejoras si as\u00ed lo desean. Pero tambi\u00e9n permite que gente no tan cooperativa convierta el programa en <a href=\"https:\/\/www.gnu.org\/philosophy\/categories.es.html#ProprietarySoftware\">software privativo<\/a>. Pueden realizarse tantos cambios como se quiera y distribuir el resultado como un producto privativo.<\/p>\n<p>La siguiente p\u00e1gina aclara muchas m\u00e1s preguntas que pueda realizarse. <a href=\"https:\/\/www.gnu.org\/licenses\/gpl-faq.es.html#GPLOtherThanSoftware\">Enlace<\/a>.<\/p>\n<p>Una de ellas nos ha interesado particularmente:<\/p>\n<p>\u00bfPuedo utilizar la GPL para algo que no sea software?<\/p>\n<p>Puede aplicar la GPL a obras de cualquier tipo, siempre que quede claro qu\u00e9 constituye el \u00abc\u00f3digo fuente\u00bb de la obra. La GPL lo define como la forma de la obra m\u00e1s id\u00f3nea para operar cambios en ella. No obstante, para manuales y libros de texto, o en general cualquier tipo de obra pensada para instruir en cierta materia, recomendamos el uso de la GFDL antes que la GPL.<\/p>\n<p>GFDL (GNU Free Document License).<\/p>\n<p>En la p\u00e1gina traducida para la versi\u00f3n 1.2 se\u00f1ala: \u201cEl prop\u00f3sito de esta licencia es permitir que un manual, libro de texto, u otro documento escrito sea &#8220;libre&#8221; en el sentido de libertad: asegurar a todo el mundo la libertad efectiva de copiarlo y redistribuirlo, con o sin modificaciones, de manera comercial o no. En segundo t\u00e9rmino, esta licencia preserva para el autor o para quien publica una manera de obtener reconocimiento por su trabajo, al tiempo que no se consideran responsables de las modificaciones realizadas por terceros\u201d.<\/p>\n<p>Puede leer el documento completo en el PDF adjunto a la derecha de esta p\u00e1gina.<\/p>\n<h3><a name=\"noveno\"><\/a>ColorIURIS<\/h3>\n<p>En su p\u00e1gina leemos: \u201c\u2026 es un sistema mixto de autogesti\u00f3n y cesi\u00f3n de derechos de autor en l\u00ednea a partir del modelo continental; a partir del <strong>art\u00edculo 27<\/strong> de la Declaraci\u00f3n Universal de Derechos Humanos, y con respeto al Convenio de Berna, los Tratados Internet de la O.M.P.I. de 1996, la normativa de U.E. y la legislaci\u00f3n nacional de los respectivos Estados. \u201c<\/p>\n<p>Es un sistema que nace en Zaragoza (Espa\u00f1a), en 2005, iniciado por Pedro Canut. Ser\u00eda un mecanismo <em>&#8220;que respondiese a las inquietudes de la Sociedad Red; desde la perspectiva del derecho continental; con respeto a los derechos morales de los autores y con vocaci\u00f3n de fomentar la libre circulaci\u00f3n de la cultura&#8221;<\/em>. Hoy en 2016 <strong>ColorIURIS<\/strong> es un sistema internacional de gesti\u00f3n y cesi\u00f3n de derechos de autor, con validez legal mundial y con efectos legales de registro en 25 pa\u00edses.<\/p>\n<p>Es un c\u00f3digo de color que informan sobre las pol\u00edticas de cesi\u00f3n de derechos de transformaci\u00f3n, reproducci\u00f3n, distribuci\u00f3n y comunicaci\u00f3n p\u00fablica. Puedes ver este c\u00f3digo en el siguiente <a href=\"https:\/\/www.coloriuris.net\/es:codigo_colores\">enlace.<\/a><\/p>\n<p>En este <a href=\"https:\/\/www.coloriuris.net\/es:info#por_que_coloriuris\">enlace<\/a> responde en la p\u00e1gina de ColorIUIS las siguientes preguntas: \u00bfPor qu\u00e9 ColorIURIS?, \u00bfC\u00f3mo funciona?, \u00bfPara qui\u00e9n?, \u00bfPara qu\u00e9 tipo de obras?<\/p>\n<p><a href=\"https:\/\/www.coloriuris.net\/es:contenidos\">Aqu\u00ed<\/a> puedes considerar la clase de contenidos ColorIURIS sea, sitios web, en l\u00ednea, en servidores o para contenidos tangibles.<\/p>\n<\/div>\n<div style=\"padding: 10px;float: left;width: 25%;text-align: justify\"><a href=\"https:\/\/bibliotecaetsiibejar.nwcds.usal.es\/wp-content\/uploads\/sites\/111\/2016\/08\/a_Codigo_de__Propiedad_Intelectual_-1.pdf\" target=\"_blank\" rel=\"noopener\"><img loading=\"lazy\" decoding=\"async\" class=\"size-medium wp-image-1900 aligncenter\" src=\"https:\/\/bibliotecaetsiibejar.nwcds.usal.es\/wp-content\/uploads\/sites\/111\/2016\/08\/prop-int-1-213x300.png\" alt=\"prop int 1\" width=\"172\" height=\"242\" srcset=\"https:\/\/bibliotecaetsiibejar.usal.es\/wp-content\/uploads\/sites\/111\/2016\/08\/prop-int-1-213x300.png 213w, https:\/\/bibliotecaetsiibejar.usal.es\/wp-content\/uploads\/sites\/111\/2016\/08\/prop-int-1.png 640w\" sizes=\"auto, (max-width: 172px) 100vw, 172px\" \/><\/a>\u00a0 \u00a0 \u00a0 \u00a0 \u00a0<span style=\"font-family: arial;font-size: small\">C\u00f3digo P. Intelectual<\/span><\/div>\n<div style=\"padding: 10px;float: left;width: 25%;text-align: justify\"><a href=\"https:\/\/bibliotecaetsiibejar.nwcds.usal.es\/wp-content\/uploads\/sites\/111\/2016\/08\/b-BOE-067_Propiedad_INDUSTRIAL-1.pdf\" target=\"_blank\" rel=\"noopener\"><img loading=\"lazy\" decoding=\"async\" class=\"size-medium wp-image-1902 aligncenter\" src=\"https:\/\/bibliotecaetsiibejar.nwcds.usal.es\/wp-content\/uploads\/sites\/111\/2016\/08\/prop-int-2-213x300.png\" alt=\"prop int 2\" width=\"172\" height=\"242\" \/><\/a><span style=\"font-family: arial;font-size: small\">\u00a0 \u00a0 \u00a0 \u00a0 \u00a0 \u00a0C\u00f3digo P. Intelectual<\/span><br \/>\n<a href=\"https:\/\/bibliotecaetsiibejar.nwcds.usal.es\/wp-content\/uploads\/sites\/111\/2016\/08\/c-creativecommons-definitivo-1.pdf\" target=\"_blank\" rel=\"noopener\"><img loading=\"lazy\" decoding=\"async\" class=\"size-medium wp-image-1905 aligncenter\" src=\"https:\/\/bibliotecaetsiibejar.nwcds.usal.es\/wp-content\/uploads\/sites\/111\/2016\/08\/prop-int-3-213x300.png\" alt=\"prop int 3\" width=\"172\" height=\"242\" srcset=\"https:\/\/bibliotecaetsiibejar.usal.es\/wp-content\/uploads\/sites\/111\/2016\/08\/prop-int-3-213x300.png 213w, https:\/\/bibliotecaetsiibejar.usal.es\/wp-content\/uploads\/sites\/111\/2016\/08\/prop-int-3.png 640w\" sizes=\"auto, (max-width: 172px) 100vw, 172px\" \/><\/a><span style=\"font-family: arial;font-size: small\">\u00a0 \u00a0 \u00a0 \u00a0 \u00a0 \u00a0 \u00a0 \u00a0Preguntas CC<\/span><\/div>\n<div style=\"padding: 10px;float: left;width: 25%;text-align: justify\"><a href=\"https:\/\/bibliotecaetsiibejar.nwcds.usal.es\/wp-content\/uploads\/sites\/111\/2016\/08\/d-gfdl-1.2-2002.pdf\" target=\"_blank\" rel=\"noopener\"><img loading=\"lazy\" decoding=\"async\" class=\"size-medium wp-image-1909 aligncenter\" src=\"https:\/\/bibliotecaetsiibejar.nwcds.usal.es\/wp-content\/uploads\/sites\/111\/2016\/08\/prop-int-4-213x300.png\" alt=\"prop int 4\" width=\"172\" height=\"242\" srcset=\"https:\/\/bibliotecaetsiibejar.usal.es\/wp-content\/uploads\/sites\/111\/2016\/08\/prop-int-4-213x300.png 213w, https:\/\/bibliotecaetsiibejar.usal.es\/wp-content\/uploads\/sites\/111\/2016\/08\/prop-int-4.png 640w\" sizes=\"auto, (max-width: 172px) 100vw, 172px\" \/><\/a><span style=\"font-family: arial;font-size: small\">\u00a0 \u00a0 \u00a0 \u00a0 \u00a0 \u00a0 \u00a0 Preguntas GNU<\/span><\/div>\n<div style=\"padding: 10px;float: left;width: 25%;text-align: justify\"><a href=\"http:\/\/mvod1.akcdn.rtve.es\/resources\/TE_NGVA\/mp4\/5\/1\/1302903087815.mp4\" target=\"_blank\" rel=\"noopener\"><img loading=\"lazy\" decoding=\"async\" class=\"size-medium wp-image-1921 aligncenter\" src=\"https:\/\/bibliotecaetsiibejar.nwcds.usal.es\/wp-content\/uploads\/sites\/111\/2016\/08\/prop-int-5-213x300.png\" alt=\"prop int 5\" width=\"172\" height=\"242\" srcset=\"https:\/\/bibliotecaetsiibejar.usal.es\/wp-content\/uploads\/sites\/111\/2016\/08\/prop-int-5-213x300.png 213w, https:\/\/bibliotecaetsiibejar.usal.es\/wp-content\/uploads\/sites\/111\/2016\/08\/prop-int-5.png 640w\" sizes=\"auto, (max-width: 172px) 100vw, 172px\" \/><\/a><span style=\"font-family: arial;font-size: small\">\u00a0 \u00a0 \u00a0 \u00a0 \u00a0 \u00a0 \u00a0Documental TVE<\/span><\/div>\n","protected":false},"excerpt":{"rendered":"<p>Esta p\u00e1gina ofrece indicaciones para evitar y prevenir el plagio, siendo cualquier acci\u00f3n que implique apropiarse la autor\u00eda de cualquier manifestaci\u00f3n creativa o cient\u00edfica por peque\u00f1a que sea o formato que la contenga. Otro mecanismo para prevenir y evitar el &hellip; <a href=\"https:\/\/bibliotecaetsiibejar.usal.es\/en\/sobre-propiedad\/\">Continued<\/a><\/p>\n","protected":false},"author":134,"featured_media":0,"parent":0,"menu_order":0,"comment_status":"closed","ping_status":"closed","template":"","meta":{"footnotes":""},"class_list":["post-1882","page","type-page","status-publish","hentry"],"aioseo_notices":[],"_links":{"self":[{"href":"https:\/\/bibliotecaetsiibejar.usal.es\/en\/wp-json\/wp\/v2\/pages\/1882","targetHints":{"allow":["GET"]}}],"collection":[{"href":"https:\/\/bibliotecaetsiibejar.usal.es\/en\/wp-json\/wp\/v2\/pages"}],"about":[{"href":"https:\/\/bibliotecaetsiibejar.usal.es\/en\/wp-json\/wp\/v2\/types\/page"}],"author":[{"embeddable":true,"href":"https:\/\/bibliotecaetsiibejar.usal.es\/en\/wp-json\/wp\/v2\/users\/134"}],"replies":[{"embeddable":true,"href":"https:\/\/bibliotecaetsiibejar.usal.es\/en\/wp-json\/wp\/v2\/comments?post=1882"}],"version-history":[{"count":0,"href":"https:\/\/bibliotecaetsiibejar.usal.es\/en\/wp-json\/wp\/v2\/pages\/1882\/revisions"}],"wp:attachment":[{"href":"https:\/\/bibliotecaetsiibejar.usal.es\/en\/wp-json\/wp\/v2\/media?parent=1882"}],"curies":[{"name":"wp","href":"https:\/\/api.w.org\/{rel}","templated":true}]}}