{"id":232,"date":"2016-07-01T12:38:07","date_gmt":"2016-07-01T10:38:07","guid":{"rendered":"https:\/\/bibliotecaetsiibejar.usal.es\/?page_id=232"},"modified":"2023-02-02T12:07:59","modified_gmt":"2023-02-02T12:07:59","slug":"como-empezar","status":"publish","type":"page","link":"https:\/\/bibliotecaetsiibejar.usal.es\/en\/como-empezar\/","title":{"rendered":"\u00bfC\u00f3mo empezar?"},"content":{"rendered":"<p><\/p>\n<div style=\"padding: 10px;float: left;width: 30%;text-align: center\">\n<h2 style=\"text-align: center\">PDF<\/h2>\n<p><a href=\"https:\/\/bibliotecaetsiibejar.nwcds.usal.es\/wp-content\/uploads\/sites\/111\/2016\/07\/PDF2-manejar-la-informacion.pdf\" target=\"_blank\" rel=\"noopener\"><img loading=\"lazy\" decoding=\"async\" class=\"wp-image-457 aligncenter\" src=\"https:\/\/bibliotecaetsiibejar.nwcds.usal.es\/wp-content\/uploads\/sites\/111\/2016\/07\/pdf2-300x200.png\" alt=\"pdf2\" width=\"233\" height=\"155\" srcset=\"https:\/\/bibliotecaetsiibejar.usal.es\/wp-content\/uploads\/sites\/111\/2016\/07\/pdf2-300x200.png 300w, https:\/\/bibliotecaetsiibejar.usal.es\/wp-content\/uploads\/sites\/111\/2016\/07\/pdf2-768x512.png 768w, https:\/\/bibliotecaetsiibejar.usal.es\/wp-content\/uploads\/sites\/111\/2016\/07\/pdf2.png 900w\" sizes=\"auto, (max-width: 233px) 100vw, 233px\" \/><\/a><\/p>\n<p style=\"text-align: center\">Manejar la informaci\u00f3n. Algunos trucos que te van a ayudar a que seas t\u00fa quien controle la informaci\u00f3n.<\/p>\n<p style=\"text-align: center\"><a href=\"https:\/\/bibliotecaetsiibejar.nwcds.usal.es\/wp-content\/uploads\/sites\/111\/2016\/07\/pdf3-biblioteca.pdf\" target=\"_blank\" rel=\"noopener noreferrer\"><img loading=\"lazy\" decoding=\"async\" class=\"wp-image-460 aligncenter\" src=\"https:\/\/bibliotecaetsiibejar.nwcds.usal.es\/wp-content\/uploads\/sites\/111\/2016\/07\/pdf3-244x300.png\" alt=\"pdf3\" width=\"230\" height=\"283\" srcset=\"https:\/\/bibliotecaetsiibejar.usal.es\/wp-content\/uploads\/sites\/111\/2016\/07\/pdf3-244x300.png 244w, https:\/\/bibliotecaetsiibejar.usal.es\/wp-content\/uploads\/sites\/111\/2016\/07\/pdf3.png 650w\" sizes=\"auto, (max-width: 230px) 100vw, 230px\" \/><\/a>Tu biblioteca es m\u00e1s\u2026s\u00e1cale partido<\/p>\n<p><a href=\"https:\/\/bibliotecaetsiibejar.nwcds.usal.es\/wp-content\/uploads\/sites\/111\/2017\/09\/201610sesion-alumnos-primero.pdf\" target=\"_blank\" rel=\"noopener\"><img loading=\"lazy\" decoding=\"async\" class=\"alignnone size-medium wp-image-2581\" src=\"https:\/\/bibliotecaetsiibejar.nwcds.usal.es\/wp-content\/uploads\/sites\/111\/2017\/09\/201610sesion-alumnos-primero_Pagina_01-300x225.png\" alt=\"\" width=\"300\" height=\"225\" srcset=\"https:\/\/bibliotecaetsiibejar.usal.es\/wp-content\/uploads\/sites\/111\/2017\/09\/201610sesion-alumnos-primero_Pagina_01-300x225.png 300w, https:\/\/bibliotecaetsiibejar.usal.es\/wp-content\/uploads\/sites\/111\/2017\/09\/201610sesion-alumnos-primero_Pagina_01-1024x768.png 1024w, https:\/\/bibliotecaetsiibejar.usal.es\/wp-content\/uploads\/sites\/111\/2017\/09\/201610sesion-alumnos-primero_Pagina_01-768x576.png 768w, https:\/\/bibliotecaetsiibejar.usal.es\/wp-content\/uploads\/sites\/111\/2017\/09\/201610sesion-alumnos-primero_Pagina_01-1200x900.png 1200w, https:\/\/bibliotecaetsiibejar.usal.es\/wp-content\/uploads\/sites\/111\/2017\/09\/201610sesion-alumnos-primero_Pagina_01.png 1500w\" sizes=\"auto, (max-width: 300px) 100vw, 300px\" \/><\/a><\/p>\n<p style=\"text-align: center\">Sesi\u00f3n informativa para alumnos de primero<\/p>\n<\/div>\n<div style=\"padding: 10px;float: left;width: 30%;text-align: center\">\n<h2 style=\"text-align: center\">INFOGRAF\u00cdAS<\/h2>\n<p><a href=\"https:\/\/bibliotecaetsiibejar.nwcds.usal.es\/wp-content\/uploads\/sites\/111\/2016\/07\/INF1-pdf-como-empezar.pdf\" target=\"_blank\" rel=\"noopener noreferrer\"><img loading=\"lazy\" decoding=\"async\" class=\"aligncenter wp-image-248 size-medium\" src=\"https:\/\/bibliotecaetsiibejar.nwcds.usal.es\/wp-content\/uploads\/sites\/111\/2016\/07\/1-como-empezar-1-232x300.jpg\" alt=\"1-como empezar\" width=\"232\" height=\"300\" \/><\/a><\/p>\n<div>C\u00f3mo empezar<\/div>\n<div style=\"padding: 40px\"><a href=\"https:\/\/bibliotecaetsiibejar.nwcds.usal.es\/wp-content\/uploads\/sites\/111\/2016\/07\/INF4-4-separalibros.pdf\" target=\"_blank\" rel=\"noopener noreferrer\"><img loading=\"lazy\" decoding=\"async\" class=\"alignnone size-medium wp-image-503\" src=\"https:\/\/bibliotecaetsiibejar.nwcds.usal.es\/wp-content\/uploads\/sites\/111\/2016\/07\/Inf3-300x200.png\" alt=\"Inf3\" width=\"300\" height=\"200\" srcset=\"https:\/\/bibliotecaetsiibejar.usal.es\/wp-content\/uploads\/sites\/111\/2016\/07\/Inf3-300x200.png 300w, https:\/\/bibliotecaetsiibejar.usal.es\/wp-content\/uploads\/sites\/111\/2016\/07\/Inf3-768x512.png 768w, https:\/\/bibliotecaetsiibejar.usal.es\/wp-content\/uploads\/sites\/111\/2016\/07\/Inf3.png 900w\" sizes=\"auto, (max-width: 300px) 100vw, 300px\" \/><\/a><\/div>\n<div>Sube con tu biblioteca. Breve gr\u00e1fico que te muestra cu\u00e1ndo eres un usuario de biblioteca complet@.<\/div>\n<div style=\"padding: 40px\"><a href=\"https:\/\/bibliotecaetsiibejar.nwcds.usal.es\/wp-content\/uploads\/sites\/111\/2016\/07\/INF4-4-separalibros.pdf\" target=\"_blank\" rel=\"noopener noreferrer\"><img loading=\"lazy\" decoding=\"async\" class=\"alignnone size-medium wp-image-505\" src=\"https:\/\/bibliotecaetsiibejar.nwcds.usal.es\/wp-content\/uploads\/sites\/111\/2016\/07\/Inf4-1-300x200.png\" alt=\"Inf4\" width=\"300\" height=\"200\" \/><\/a><\/div>\n<div>Separalibros \u2013 ll\u00e9vanos siempre comntigo<\/div>\n<div style=\"padding: 40px\"><a href=\"https:\/\/bibliotecaetsiibejar.nwcds.usal.es\/wp-content\/uploads\/sites\/111\/2016\/11\/INF3-pdf-REFWorks.pdf\"><img loading=\"lazy\" decoding=\"async\" class=\"alignnone wp-image-2269 size-medium\" src=\"https:\/\/bibliotecaetsiibejar.nwcds.usal.es\/wp-content\/uploads\/sites\/111\/2016\/11\/INF3-pdf-REFWorks-232x300.jpg\" width=\"232\" height=\"300\" srcset=\"https:\/\/bibliotecaetsiibejar.usal.es\/wp-content\/uploads\/sites\/111\/2016\/11\/INF3-pdf-REFWorks-232x300.jpg 232w, https:\/\/bibliotecaetsiibejar.usal.es\/wp-content\/uploads\/sites\/111\/2016\/11\/INF3-pdf-REFWorks-791x1024.jpg 791w, https:\/\/bibliotecaetsiibejar.usal.es\/wp-content\/uploads\/sites\/111\/2016\/11\/INF3-pdf-REFWorks-768x994.jpg 768w, https:\/\/bibliotecaetsiibejar.usal.es\/wp-content\/uploads\/sites\/111\/2016\/11\/INF3-pdf-REFWorks-1187x1536.jpg 1187w, https:\/\/bibliotecaetsiibejar.usal.es\/wp-content\/uploads\/sites\/111\/2016\/11\/INF3-pdf-REFWorks-1583x2048.jpg 1583w, https:\/\/bibliotecaetsiibejar.usal.es\/wp-content\/uploads\/sites\/111\/2016\/11\/INF3-pdf-REFWorks-1200x1553.jpg 1200w, https:\/\/bibliotecaetsiibejar.usal.es\/wp-content\/uploads\/sites\/111\/2016\/11\/INF3-pdf-REFWorks.jpg 1700w\" sizes=\"auto, (max-width: 232px) 100vw, 232px\" \/><\/a><br \/>\nRefWorks: Controla la informaci\u00f3n que manejas<\/div>\n<p><a href=\"https:\/\/bibliotecaetsiibejar.nwcds.usal.es\/wp-content\/uploads\/sites\/111\/2018\/06\/INF4-pdf-PATENTES.pdf\"><img loading=\"lazy\" decoding=\"async\" class=\"alignnone wp-image-2692 size-medium\" src=\"https:\/\/bibliotecaetsiibejar.nwcds.usal.es\/wp-content\/uploads\/sites\/111\/2018\/06\/PATENTES-232x300-1-232x300.jpg\" alt=\"\" width=\"232\" height=\"300\" \/><\/a><\/p>\n<div>Encontrar una patente<\/div>\n<div style=\"padding: 40px\"><a href=\"https:\/\/bibliotecaetsiibejar.nwcds.usal.es\/wp-content\/uploads\/sites\/111\/2018\/01\/TFG.pdf\"><img loading=\"lazy\" decoding=\"async\" class=\"alignnone wp-image-2269 size-medium\" src=\"https:\/\/bibliotecaetsiibejar.nwcds.usal.es\/wp-content\/uploads\/sites\/111\/2018\/01\/TFG-001.jpg\" width=\"232\" height=\"300\" \/><\/a><br \/>\nTrabajos Fin de Grado<\/div>\n<p><a href=\"https:\/\/bibliotecaetsiibejar.nwcds.usal.es\/wp-content\/uploads\/sites\/111\/2016\/07\/INF2-pdf-esencia-biblioteca.pdf\" target=\"_blank\" rel=\"noopener noreferrer\"><img loading=\"lazy\" decoding=\"async\" class=\"alignnone size-medium wp-image-497\" src=\"https:\/\/bibliotecaetsiibejar.nwcds.usal.es\/wp-content\/uploads\/sites\/111\/2016\/07\/Inf2-244x300.png\" alt=\"Inf2\" width=\"244\" height=\"300\" srcset=\"https:\/\/bibliotecaetsiibejar.usal.es\/wp-content\/uploads\/sites\/111\/2016\/07\/Inf2-244x300.png 244w, https:\/\/bibliotecaetsiibejar.usal.es\/wp-content\/uploads\/sites\/111\/2016\/07\/Inf2.png 650w\" sizes=\"auto, (max-width: 244px) 100vw, 244px\" \/><\/a><\/p>\n<div>Separalibros- esencia biblioteca ETSII-ll\u00e9vanos siempre contigo<\/div>\n<\/div>\n<div style=\"padding: 10px;float: left;width: 30%;text-align: center\">\n<h2 style=\"text-align: center\">V\u00cdDEOS<\/h2>\n<\/div>\n<p><\/p>","protected":false},"excerpt":{"rendered":"<p>PDF Manejar la informaci\u00f3n. Algunos trucos que te van a ayudar a que seas t\u00fa quien controle la informaci\u00f3n. Tu biblioteca es m\u00e1s\u2026s\u00e1cale partido Sesi\u00f3n informativa para alumnos de primero INFOGRAF\u00cdAS C\u00f3mo empezar Sube con tu biblioteca. Breve gr\u00e1fico que &hellip; <a href=\"https:\/\/bibliotecaetsiibejar.usal.es\/en\/como-empezar\/\">Continued<\/a><\/p>\n","protected":false},"author":134,"featured_media":0,"parent":0,"menu_order":0,"comment_status":"closed","ping_status":"closed","template":"","meta":{"footnotes":""},"class_list":["post-232","page","type-page","status-publish","hentry"],"aioseo_notices":[],"_links":{"self":[{"href":"https:\/\/bibliotecaetsiibejar.usal.es\/en\/wp-json\/wp\/v2\/pages\/232","targetHints":{"allow":["GET"]}}],"collection":[{"href":"https:\/\/bibliotecaetsiibejar.usal.es\/en\/wp-json\/wp\/v2\/pages"}],"about":[{"href":"https:\/\/bibliotecaetsiibejar.usal.es\/en\/wp-json\/wp\/v2\/types\/page"}],"author":[{"embeddable":true,"href":"https:\/\/bibliotecaetsiibejar.usal.es\/en\/wp-json\/wp\/v2\/users\/134"}],"replies":[{"embeddable":true,"href":"https:\/\/bibliotecaetsiibejar.usal.es\/en\/wp-json\/wp\/v2\/comments?post=232"}],"version-history":[{"count":3,"href":"https:\/\/bibliotecaetsiibejar.usal.es\/en\/wp-json\/wp\/v2\/pages\/232\/revisions"}],"predecessor-version":[{"id":2831,"href":"https:\/\/bibliotecaetsiibejar.usal.es\/en\/wp-json\/wp\/v2\/pages\/232\/revisions\/2831"}],"wp:attachment":[{"href":"https:\/\/bibliotecaetsiibejar.usal.es\/en\/wp-json\/wp\/v2\/media?parent=232"}],"curies":[{"name":"wp","href":"https:\/\/api.w.org\/{rel}","templated":true}]}}