{"id":2556,"date":"2017-09-21T16:30:22","date_gmt":"2017-09-21T14:30:22","guid":{"rendered":"https:\/\/bibliotecaetsiibejar.usal.es\/?page_id=2556"},"modified":"2017-09-21T16:30:22","modified_gmt":"2017-09-21T14:30:22","slug":"investigacion-sin-limites","status":"publish","type":"page","link":"https:\/\/bibliotecaetsiibejar.usal.es\/en\/investigacion-sin-limites\/","title":{"rendered":"Investigaci\u00f3n sin l\u00edmites"},"content":{"rendered":"<div style=\"float: left;width: 80%;padding: 2%\" align=\"justify\">\n<p><span style=\"font-size: large\">Investigaci\u00f3n sin l\u00edmites recoge la producci\u00f3n en abierto de los investigadores de la Escuela T\u00e9cnica Superior de Ingenier\u00eda Industrial de B\u00e9jar (Universidad de Salamanca).<\/span><\/p>\n<\/div>\n<div style=\"float: left;width: 80%;padding: 2%\" align=\"justify\">\n<p><img loading=\"lazy\" decoding=\"async\" class=\"aligncenter size-full wp-image-2548\" src=\"https:\/\/bibliotecaetsiibejar.nwcds.usal.es\/wp-content\/uploads\/sites\/111\/2017\/09\/Mario-Francisco-Sutil.jpg\" alt=\"\" width=\"125\" height=\"125\" \/><\/p>\n<p style=\"text-align: center\"><strong>Mario Francisco Sutil<\/strong><\/p>\n<p style=\"text-align: center\">Doctor en Ingenier\u00eda de Sistemas y Autom\u00e1tica<\/p>\n<p style=\"text-align: center\">Licenciado en Ciencias F\u00edsicas (especialidad Electr\u00f3nica), por la Universidad de Salamanca (Espa\u00f1a)<\/p>\n<p>Desde el a\u00f1o 2000 es profesor del Departamento de Inform\u00e1tica y Autom\u00e1tica en la Escuela T\u00e9cnica Superior de Ingenier\u00eda Industrial de B\u00e9jar (Universidad de Salamanca), siendo profesor Contratado Doctor desde 2015, e impartiendo tambi\u00e9n docencia en la Facultad de Ciencias de dicha universidad desde 2007.<\/p>\n<p>Sus \u00e1reas de inter\u00e9s e investigaci\u00f3n incluyen fundamentalmente el control avanzado y la optimizaci\u00f3n de procesos, particularmente control predictivo basado en modelos, control distribuido, control auto-optimizado y control mediante sistemas multiagente, aplicados a procesos qu\u00edmicos y sistemas de gran escala, en particular a plantas de tratamiento de aguas residuales. Ha trabajado ininterrumpidamente desde el inicio de su carrera en proyectos de investigaci\u00f3n competitivos financiados por el gobierno espa\u00f1ol (proyectos MINECO), as\u00ed como en otros proyectos de \u00e1mbito auton\u00f3mico y local. Ha realizado estancias de investigaci\u00f3n en centros extranjeros como la Ecole Superieure d&#8217;Ingenieurs en Electrotechnique et Electronique (ESIEE) de Paris, la Universidad Nacional de Colombia, la Universidad Sim\u00f3n Bol\u00edvar de Venezuela y la Norwegian University of Science and Technology (NTNU).<\/p>\n<p>Su producci\u00f3n cient\u00edfica consta de art\u00edculos cient\u00edficos publicados en revistas indexadas en el SCI (Science Citation Index), as\u00ed como numerosas comunicaciones en congresos internacionales.<\/p>\n<p>A continuaci\u00f3n compartimos de su producci\u00f3n cient\u00edfica sus art\u00edculos publicados en acceso abierto.<\/p>\n<ul>\n<li><a href=\"https:\/\/gredos.usal.es\/jspui\/handle\/10366\/135284\" target=\"_blank\" rel=\"noopener\">Robust integrated design of processes with terminal penalty model predictive controllers<\/a><\/li>\n<li><a href=\"https:\/\/gredos.usal.es\/jspui\/handle\/10366\/135290\" target=\"_blank\" rel=\"noopener\">Integration of set point optimization techniques into nonlinear MPC for Improving the operation of WWTPs<\/a><\/li>\n<li><a href=\"https:\/\/gredos.usal.es\/jspui\/handle\/10366\/135286\" target=\"_blank\" rel=\"noopener\">Integrated design and control of chemical processes : part I : revision and clasification<\/a><\/li>\n<li><a href=\"https:\/\/gredos.usal.es\/jspui\/handle\/10366\/135288\" target=\"_blank\" rel=\"noopener\">Integrated design and control of chemical processes : Part II: an illustrative example<\/a><\/li>\n<li><a href=\"https:\/\/gredos.usal.es\/jspui\/handle\/10366\/135289\" target=\"_blank\" rel=\"noopener\">Model predictive control for the self-optimized operation in wastewater treatment plant : analysis of dynamic issues<\/a><\/li>\n<li><a href=\"https:\/\/gredos.usal.es\/jspui\/handle\/10366\/137180\" target=\"_blank\" rel=\"noopener\">Optimal control of wastewater treatment plants using economic-oriented model predictive dynamic strategies<\/a><\/li>\n<li><a href=\"https:\/\/gredos.usal.es\/jspui\/handle\/10366\/137179\" target=\"_blank\" rel=\"noopener\">One layer nonlinear economic closed-loop generalized predictive control for a wastewater treatment plant<\/a><\/li>\n<\/ul>\n<\/div>\n","protected":false},"excerpt":{"rendered":"<p>Investigaci\u00f3n sin l\u00edmites recoge la producci\u00f3n en abierto de los investigadores de la Escuela T\u00e9cnica Superior de Ingenier\u00eda Industrial de B\u00e9jar (Universidad de Salamanca). Mario Francisco Sutil Doctor en Ingenier\u00eda de Sistemas y Autom\u00e1tica Licenciado en Ciencias F\u00edsicas (especialidad Electr\u00f3nica), &hellip; <a href=\"https:\/\/bibliotecaetsiibejar.usal.es\/en\/investigacion-sin-limites\/\">Continued<\/a><\/p>\n","protected":false},"author":134,"featured_media":0,"parent":0,"menu_order":0,"comment_status":"closed","ping_status":"closed","template":"","meta":{"footnotes":""},"class_list":["post-2556","page","type-page","status-publish","hentry"],"aioseo_notices":[],"_links":{"self":[{"href":"https:\/\/bibliotecaetsiibejar.usal.es\/en\/wp-json\/wp\/v2\/pages\/2556","targetHints":{"allow":["GET"]}}],"collection":[{"href":"https:\/\/bibliotecaetsiibejar.usal.es\/en\/wp-json\/wp\/v2\/pages"}],"about":[{"href":"https:\/\/bibliotecaetsiibejar.usal.es\/en\/wp-json\/wp\/v2\/types\/page"}],"author":[{"embeddable":true,"href":"https:\/\/bibliotecaetsiibejar.usal.es\/en\/wp-json\/wp\/v2\/users\/134"}],"replies":[{"embeddable":true,"href":"https:\/\/bibliotecaetsiibejar.usal.es\/en\/wp-json\/wp\/v2\/comments?post=2556"}],"version-history":[{"count":0,"href":"https:\/\/bibliotecaetsiibejar.usal.es\/en\/wp-json\/wp\/v2\/pages\/2556\/revisions"}],"wp:attachment":[{"href":"https:\/\/bibliotecaetsiibejar.usal.es\/en\/wp-json\/wp\/v2\/media?parent=2556"}],"curies":[{"name":"wp","href":"https:\/\/api.w.org\/{rel}","templated":true}]}}