{"id":2734,"date":"2016-06-09T08:30:42","date_gmt":"2016-06-09T08:30:42","guid":{"rendered":"https:\/\/bibliotecaetsiibejar.usal.es\/?page_id=2"},"modified":"2023-02-02T12:20:04","modified_gmt":"2023-02-02T12:20:04","slug":"pagina-ejemplo","status":"publish","type":"page","link":"https:\/\/bibliotecaetsiibejar.usal.es\/en\/pagina-ejemplo\/","title":{"rendered":"Buscar y Encontrar"},"content":{"rendered":"<p><\/p>\n<div style=\"float: left;width: 50%;padding: 3%\" align=\"left\">\n<p style=\"text-align: justify\">La Universidad de Salamanca implementa distintos buscadores para encontrar todos los recursos. Desde una <span style=\"color: #800000\"><strong>b\u00fasqueda integrada<\/strong><\/span> a su buscador para libros electr\u00f3nicos o enlace a <span style=\"color: #800000\"><strong>bases de datos<\/strong><\/span> con licencia o aquellos documentos en <span style=\"color: #800000\"><strong>acceso abierto<\/strong><\/span>. Tambi\u00e9n aqu\u00ed os dejamos los enlaces para que ve\u00e1is la <strong><span style=\"color: #800000\">bibliograf\u00eda recomendada<\/span><\/strong> por un <a href=\"http:\/\/brumario.usal.es\/search*spi~S1\/p\"><span style=\"color: #800000\">profesor<\/span><\/a> o para una <a href=\"http:\/\/brumario.usal.es\/search*spi~S1\/r\">asignatura<\/a>, novedades y m\u00e1s&#8230;<\/p>\n<p><a href=\"#segundo\">USAL<\/a>\u00a0 \u00a0&#8211; \u00a0<a href=\"#tercero\">Acceso Abierto<\/a>\u00a0 &#8211; \u00a0<a href=\"#cuarto\">Bases de Datos<\/a> &#8211;\u00a0<a href=\"#primero\">Otros<\/a><\/p>\n<h1><span style=\"color: #000000\"><strong>USAL<\/strong><\/span><\/h1>\n<p><a name=\"segundo\"><\/a><\/p>\n<p style=\"text-align: justify\" align=\"left\"><a href=\"https:\/\/usal.on.worldcat.org\/discovery\" target=\"_blank\" rel=\"noopener\"><img decoding=\"async\" class=\"alignnone wp-image-667\" src=\"https:\/\/bibliotecaetsiibejar.nwcds.usal.es\/wp-content\/uploads\/sites\/111\/2016\/06\/WORLDCAT-1-300x39.jpg\" alt=\"WORLDCAT\" width=\"60%\" \/><\/a><br \/>\n<a href=\"https:\/\/usal.on.worldcat.org\/discovery\" target=\"_blank\" rel=\"noopener\">Discovery One<\/a>. Todos los recursos en un buscador integrado. Una vez realizada la b\u00fasqueda podr\u00e1s filtar por biblioteca, contenido, formato, base de datos, autor o a\u00f1os.<\/p>\n<p>&nbsp;<\/p>\n<p style=\"text-align: justify\" align=\"left\"><a href=\"http:\/\/brumario.usal.es\/\" target=\"_blank\" rel=\"noopener\"><img decoding=\"async\" class=\"alignnone wp-image-844\" src=\"https:\/\/bibliotecaetsiibejar.nwcds.usal.es\/wp-content\/uploads\/sites\/111\/2016\/07\/catalogo-1-300x40.jpg\" alt=\"cat\u00e1logo\" width=\"60%\" \/><\/a><br \/>\n<a href=\"http:\/\/brumario.usal.es\/\" target=\"_blank\" rel=\"noopener\">BRUMARIO<\/a>. Libros en formato f\u00edsico o electr\u00f3nico que encontrar\u00e1s en las bibliotecas de la Universidad de Salamanca.<\/p>\n<p>&nbsp;<\/p>\n<p style=\"text-align: justify\" align=\"left\"><a href=\"http:\/\/usal.worldcat.org\/\" target=\"_blank\" rel=\"noopener\"><img decoding=\"async\" class=\"alignnone wp-image-843\" src=\"https:\/\/bibliotecaetsiibejar.nwcds.usal.es\/wp-content\/uploads\/sites\/111\/2016\/07\/BUCLE-300x40.jpg\" alt=\"BUCLE\" width=\"60%\" srcset=\"https:\/\/bibliotecaetsiibejar.usal.es\/wp-content\/uploads\/sites\/111\/2016\/07\/BUCLE-300x40.jpg 300w, https:\/\/bibliotecaetsiibejar.usal.es\/wp-content\/uploads\/sites\/111\/2016\/07\/BUCLE.jpg 641w\" sizes=\"(max-width: 300px) 100vw, 300px\" \/><\/a><br \/>\n<a href=\"http:\/\/usal.worldcat.org\/\" target=\"_blank\" rel=\"noopener\">BUCLE<\/a>. Si el libro que quieres no est\u00e1 en la USAL, mira en otras bibliotecas universitarias de Castilla y Le\u00f3n. Puedes pedirlo como un <a href=\"https:\/\/bibliotecaetsiibejar.usal.es\/?page_id=425\/\" target=\"_blank\" rel=\"noopener\">pr\u00e9stamo interbibliotecario<\/a><\/p>\n<p>&nbsp;<\/p>\n<p style=\"text-align: justify\" align=\"left\"><a href=\"https:\/\/bibliotecas.usal.es\/rebiunform\" target=\"_blank\" rel=\"noopener\"><img decoding=\"async\" class=\"alignnone wp-image-846\" src=\"https:\/\/bibliotecaetsiibejar.nwcds.usal.es\/wp-content\/uploads\/sites\/111\/2016\/07\/REBIUN-1-300x40.jpg\" alt=\"REBIUN\" width=\"60%\" \/><\/a><br \/>\n<a href=\"https:\/\/bibliotecas.usal.es\/rebiunform\" target=\"_blank\" rel=\"noopener\">REBIUN<\/a>. Cat\u00e1logo que re\u00fane los fondos bibliogr\u00e1ficos de todas las universidades de Espa\u00f1a<\/p>\n<p>&nbsp;<\/p>\n<p style=\"text-align: justify\" align=\"left\"><a href=\"http:\/\/cielo.usal.es\/\" target=\"_blank\" rel=\"noopener\"><img decoding=\"async\" class=\"alignnone wp-image-845\" src=\"https:\/\/bibliotecaetsiibejar.nwcds.usal.es\/wp-content\/uploads\/sites\/111\/2016\/07\/cielo-1-300x40.jpg\" alt=\"cielo\" width=\"60%\" \/><\/a><br \/>\n<a href=\"http:\/\/cielo.usal.es\/\" target=\"_blank\" rel=\"noopener\">CIELO<\/a>. Plataforma de libros electr\u00f3nicos USAL. Puedes cogerlos en pr\u00e9stamo y leerlos en l\u00ednea o en tu dispositivo seg\u00fan la licencia de cada libro.<\/p>\n<h1><span style=\"color: #000000\"><strong>Bases de Datos<a href=\"https:\/\/bibliotecaetsiibejar.usal.es\/?page_id=2172\"><img loading=\"lazy\" decoding=\"async\" class=\"alignright wp-image-2153\" src=\"https:\/\/bibliotecaetsiibejar.nwcds.usal.es\/wp-content\/uploads\/sites\/111\/2016\/09\/boton1-300x91.png\" alt=\"boton1\" width=\"165\" height=\"50\" srcset=\"https:\/\/bibliotecaetsiibejar.usal.es\/wp-content\/uploads\/sites\/111\/2016\/09\/boton1-300x91.png 300w, https:\/\/bibliotecaetsiibejar.usal.es\/wp-content\/uploads\/sites\/111\/2016\/09\/boton1.png 674w\" sizes=\"auto, (max-width: 165px) 100vw, 165px\" \/><\/a><\/strong><\/span><\/h1>\n<p><a name=\"cuarto\"><\/a>\u00a0<a href=\"https:\/\/bibliotecas.usal.es\/basesdatosform\" target=\"_blank\" rel=\"noopener\">Enlace Bases de datos<\/a>\u00a0USAL<\/p>\n<p><a href=\"https:\/\/bibliotecaetsiibejar.nwcds.usal.es\/wp-content\/uploads\/sites\/111\/2017\/11\/BD-Ingenieria.pdf\" target=\"_blank\" rel=\"noopener\">PDF<\/a> recomendada para Ingenier\u00eda.<\/p>\n<p style=\"text-align: justify\" align=\"left\">Buscar bibliograf\u00eda por <a href=\"http:\/\/brumario.usal.es\/search*spi~S1\/r\" target=\"_blank\" rel=\"noopener\">asignatura<\/a> o <a href=\"http:\/\/brumario.usal.es\/search*spi~S1\/p\" target=\"_blank\" rel=\"noopener\">profesor<\/a>. Mira los libros que te recomiendan los tutores de cada asignatura y rec\u00f3gelos en la biblioteca.<\/p>\n<p style=\"text-align: justify\" align=\"left\"><a href=\"http:\/\/brumario.usal.es\/ftlist*spi~S6\/\" target=\"_blank\" rel=\"noopener\">Novedades<\/a>:\u00a0\u00faltimas adquisiciones e incorporaciones bibliogr\u00e1ficas realizadas por la USAL<\/p>\n<p style=\"text-align: justify\" align=\"left\"><a href=\"https:\/\/bibliotecaetsiibejar.usal.es\/?page_id=966\">Boletines bibliogr\u00e1ficos Biblioteca ETSII B\u00e9jar<\/a>. Documento que creamos con los nuevos ingresos en Biblioteca ETSII con \u00edndices escaneados.<\/p>\n<\/div>\n<div style=\"float: left;width: 50%;padding: 3%\" align=\"left\">\n<div style=\"clear: both;width: 100%;padding: 3%;border-style: OUTSET\" align=\"left\">\n<h1><span style=\"color: #000000\">B\u00fasqueda en Worldcat USAL<\/span><\/h1>\n<p>Metabuscador<br \/>\nLibros<br \/>\nArt\u00edculos<\/p>\n<div style=\"margin-top: 0.6em;text-align: left\"><\/div>\n<\/div>\n<h1><span style=\"color: #000000\"><strong>Acceso abierto:<\/strong><\/span><\/h1>\n<p><a name=\"tercero\"><\/a><\/p>\n<p style=\"text-align: justify;cursor: pointer\" align=\"left\"><a href=\"http:\/\/gredos.usal.es\/jspui\/\" target=\"_blank\" rel=\"noopener\"><img decoding=\"async\" class=\"alignnone wp-image-839\" src=\"https:\/\/bibliotecaetsiibejar.nwcds.usal.es\/wp-content\/uploads\/sites\/111\/2016\/06\/gredos-300x40.png\" alt=\"gredos\" width=\"60%\" srcset=\"https:\/\/bibliotecaetsiibejar.usal.es\/wp-content\/uploads\/sites\/111\/2016\/06\/gredos-300x40.png 300w, https:\/\/bibliotecaetsiibejar.usal.es\/wp-content\/uploads\/sites\/111\/2016\/06\/gredos.png 641w\" sizes=\"(max-width: 300px) 100vw, 300px\" \/><\/a><br \/>\n<a href=\"http:\/\/gredos.usal.es\/jspui\/\" target=\"_blank\" rel=\"noopener\">GREDOS<\/a>. Producci\u00f3n cient\u00edfica USAL. Encontrar\u00e1s solo los mejores trabajos presentados siempre que el autor nos permita difundirlos.<\/p>\n<p>&nbsp;<\/p>\n<p style=\"text-align: justify\" align=\"left\"><a href=\"https:\/\/scholar.google.es\/\" target=\"_blank\" rel=\"noopener\"><img decoding=\"async\" class=\"alignnone wp-image-840\" src=\"https:\/\/bibliotecaetsiibejar.nwcds.usal.es\/wp-content\/uploads\/sites\/111\/2016\/06\/google-300x40.png\" alt=\"google\" width=\"60%\" srcset=\"https:\/\/bibliotecaetsiibejar.usal.es\/wp-content\/uploads\/sites\/111\/2016\/06\/google-300x40.png 300w, https:\/\/bibliotecaetsiibejar.usal.es\/wp-content\/uploads\/sites\/111\/2016\/06\/google.png 641w\" sizes=\"(max-width: 300px) 100vw, 300px\" \/><\/a><br \/>\n<a href=\"https:\/\/scholar.google.es\/\" target=\"_blank\" rel=\"noopener\">Google Acad\u00e9mico<\/a>.\u00a0Producci\u00f3n cient\u00edfica mundial de universidades, instituciones dedicadas a la investigaci\u00f3n a texto libre y completo. Si utilizas estos trabajos para los tuyos no olvides <a href=\"https:\/\/bibliotecaetsiibejar.usal.es\/?page_id=352\/\" target=\"_blank\" rel=\"noopener\">citarlos.<\/a><\/p>\n<p>&nbsp;<\/p>\n<p style=\"text-align: justify\" align=\"left\"><img decoding=\"async\" class=\"alignnone wp-image-841\" src=\"https:\/\/bibliotecaetsiibejar.nwcds.usal.es\/wp-content\/uploads\/sites\/111\/2016\/06\/doaj-300x40.png\" alt=\"doaj\" width=\"60%\" srcset=\"https:\/\/bibliotecaetsiibejar.usal.es\/wp-content\/uploads\/sites\/111\/2016\/06\/doaj-300x40.png 300w, https:\/\/bibliotecaetsiibejar.usal.es\/wp-content\/uploads\/sites\/111\/2016\/06\/doaj.png 641w\" sizes=\"(max-width: 300px) 100vw, 300px\" \/><br \/>\n<a href=\"https:\/\/doaj.org\/\" target=\"_blank\" rel=\"noopener\">DOAJ<\/a>.\u00a0Ojea los temas entre 9,111 Journals; 6,279 searchable at Article level; 130 Countries; 2,230,911 Articles, tal como indica la WEB del Directorio de Acceso Abierto. Datos a mediados de 2016.<\/p>\n<h1 align=\"left\"><span style=\"color: #000000\"><strong>Otros:<\/strong><\/span><\/h1>\n<p><a name=\"primero\"><\/a><\/p>\n<p style=\"text-align: justify\" align=\"left\"><a href=\"http:\/\/catalogo.bne.es\/uhtbin\/webcat\" target=\"_blank\" rel=\"noopener\"><img decoding=\"async\" class=\"alignnone wp-image-861\" src=\"https:\/\/bibliotecaetsiibejar.nwcds.usal.es\/wp-content\/uploads\/sites\/111\/2016\/07\/nacional-300x40.jpg\" alt=\"nacional\" width=\"60%\" \/><\/a><br \/>\n<a href=\"http:\/\/catalogo.bne.es\/uhtbin\/webcat\" target=\"_blank\" rel=\"noopener\">Biblioteca Nacional de Espa\u00f1a<\/a>. La Biblioteca Nacional de Espa\u00f1a es la encargada de recoger toda la producci\u00f3n en nuestro pa\u00eds.<\/p>\n<p style=\"text-align: justify\" align=\"left\"><a href=\"http:\/\/www.bne.es\/es\/Catalogos\/BibliotecaDigitalHispanica\/Inicio\/\"><img decoding=\"async\" class=\"alignnone wp-image-850\" src=\"https:\/\/bibliotecaetsiibejar.nwcds.usal.es\/wp-content\/uploads\/sites\/111\/2016\/07\/hispanica-300x40.jpg\" alt=\"hispanica\" width=\"60%\" srcset=\"https:\/\/bibliotecaetsiibejar.usal.es\/wp-content\/uploads\/sites\/111\/2016\/07\/hispanica-300x40.jpg 300w, https:\/\/bibliotecaetsiibejar.usal.es\/wp-content\/uploads\/sites\/111\/2016\/07\/hispanica.jpg 641w\" sizes=\"(max-width: 300px) 100vw, 300px\" \/><\/a><br \/>\n<a href=\"http:\/\/www.bne.es\/es\/Catalogos\/BibliotecaDigitalHispanica\/Inicio\/\" target=\"_blank\" rel=\"noopener\">Biblioteca Digital Hisp\u00e1nica<\/a>. Portal libre y gratuito de documentos digitalizados de la Biblioteca.<\/p>\n<p style=\"text-align: justify\" align=\"left\"><a href=\"https:\/\/www.wdl.org\/es\/\" target=\"_blank\" rel=\"noopener\"><img decoding=\"async\" class=\"alignnone wp-image-852\" src=\"https:\/\/bibliotecaetsiibejar.nwcds.usal.es\/wp-content\/uploads\/sites\/111\/2016\/07\/mundial-300x40.jpg\" alt=\"mundial\" width=\"60%\" srcset=\"https:\/\/bibliotecaetsiibejar.usal.es\/wp-content\/uploads\/sites\/111\/2016\/07\/mundial-300x40.jpg 300w, https:\/\/bibliotecaetsiibejar.usal.es\/wp-content\/uploads\/sites\/111\/2016\/07\/mundial.jpg 641w\" sizes=\"(max-width: 300px) 100vw, 300px\" \/><\/a><br \/>\n<a href=\"https:\/\/www.wdl.org\/es\/\" target=\"_blank\" rel=\"noopener\">Biblioteca Digital Mundial<\/a>. Curiosear o encontrar documentos digitalizados sobre cualquier tema en todo el mundo.<\/p>\n<\/div>\n<p><\/p>","protected":false},"excerpt":{"rendered":"<p>La Universidad de Salamanca implementa distintos buscadores para encontrar todos los recursos. Desde una b\u00fasqueda integrada a su buscador para libros electr\u00f3nicos o enlace a bases de datos con licencia o aquellos documentos en acceso abierto. Tambi\u00e9n aqu\u00ed os dejamos &hellip; <a href=\"https:\/\/bibliotecaetsiibejar.usal.es\/en\/pagina-ejemplo\/\">Continued<\/a><\/p>\n","protected":false},"author":134,"featured_media":0,"parent":0,"menu_order":0,"comment_status":"closed","ping_status":"open","template":"","meta":{"footnotes":""},"class_list":["post-2734","page","type-page","status-publish","hentry"],"aioseo_notices":[],"_links":{"self":[{"href":"https:\/\/bibliotecaetsiibejar.usal.es\/en\/wp-json\/wp\/v2\/pages\/2734","targetHints":{"allow":["GET"]}}],"collection":[{"href":"https:\/\/bibliotecaetsiibejar.usal.es\/en\/wp-json\/wp\/v2\/pages"}],"about":[{"href":"https:\/\/bibliotecaetsiibejar.usal.es\/en\/wp-json\/wp\/v2\/types\/page"}],"author":[{"embeddable":true,"href":"https:\/\/bibliotecaetsiibejar.usal.es\/en\/wp-json\/wp\/v2\/users\/134"}],"replies":[{"embeddable":true,"href":"https:\/\/bibliotecaetsiibejar.usal.es\/en\/wp-json\/wp\/v2\/comments?post=2734"}],"version-history":[{"count":1,"href":"https:\/\/bibliotecaetsiibejar.usal.es\/en\/wp-json\/wp\/v2\/pages\/2734\/revisions"}],"predecessor-version":[{"id":2841,"href":"https:\/\/bibliotecaetsiibejar.usal.es\/en\/wp-json\/wp\/v2\/pages\/2734\/revisions\/2841"}],"wp:attachment":[{"href":"https:\/\/bibliotecaetsiibejar.usal.es\/en\/wp-json\/wp\/v2\/media?parent=2734"}],"curies":[{"name":"wp","href":"https:\/\/api.w.org\/{rel}","templated":true}]}}