{"id":350,"date":"2016-07-04T12:32:27","date_gmt":"2016-07-04T10:32:27","guid":{"rendered":"https:\/\/bibliotecaetsiibejar.usal.es\/?page_id=350"},"modified":"2016-07-04T12:32:27","modified_gmt":"2016-07-04T10:32:27","slug":"utilizar-los-buscadores","status":"publish","type":"page","link":"https:\/\/bibliotecaetsiibejar.usal.es\/en\/utilizar-los-buscadores\/","title":{"rendered":"Utilizar buscadores"},"content":{"rendered":"<div style=\"float: left;width: 45%;padding: 1% 1% 1% 1%\" align=\"left\">\n<p style=\"text-align: justify\"><strong>Cat\u00e1logos Worldcat y Rebiun<\/strong>. Con el OPAC (Cat\u00e1logo en l\u00ednea) de Worldcat puedes consultar los fondos bibliogr\u00e1ficos de la Universidades de Salamanca y de Castilla y Le\u00f3n, as\u00ed como\u00a0fondos en bibliotecas del resto del mundo. En el OPAC Rebiun puedes consultar los fondos de las bibliotecas de todas las Universidades de Espa\u00f1a. <em>Obt\u00e9n mayor rendimiento de ellos viendo este breve v\u00eddeo.<\/em><\/p>\n<\/div>\n<div style=\"float: left;width: 45%;padding: 1% 1% 1% 1%\" align=\"left\"><\/div>\n<div style=\"float: left;width: 45%;padding: 1% 1% 1% 1%\" align=\"left\">\n<p style=\"text-align: justify\"><strong>Buscador acad\u00e9mico de GOOGLE.<\/strong> Para tus trabajos cient\u00edficos este buscador recoge los mejores trabajos en acceso abierto de la mayor\u00eda de las instituciones acad\u00e9micas alrededor del mundo. Ve en este\u00a0v\u00eddeo ver\u00e1s las diferencias entre el m\u00e1s usado Google y el m\u00e1s espec\u00edfico en ciencia abierta.<\/p>\n<\/div>\n<div style=\"float: left;width: 45%;padding: 1% 1% 1% 1%\" align=\"left\"><\/div>\n<div style=\"float: left;width: 45%;padding: 1% 1% 1% 1%\" align=\"left\">\n<p style=\"text-align: justify\"><strong>Hacemos una b\u00fasqueda en Proquest<\/strong>. Hoy, las bases de datos son muy intuitivas, con poco tiempo que dediques vas a obtener muy buenos resultados. Mira este ejemplo en Proquest y luego elige<a href=\"https:\/\/bibliotecas.usal.es\/basesdatosform\" target=\"_blank\" rel=\"noopener\"> la base de datos \u00a0USAL<\/a> que mejor vaya a tu tema estilo.<\/p>\n<\/div>\n<div style=\"float: left;width: 45%;padding: 1% 1% 1% 1%\" align=\"left\"><\/div>\n<div style=\"float: left;width: 45%;padding: 1% 1% 1% 1%\" align=\"left\">\n<p style=\"text-align: justify\"><strong>Buscar patentes en bases de datos USAL<\/strong>. Utilizamos dos buscadores: <a>SCOPUS<\/a> y <a>DERWENT INNOVATION INDEX<\/a>.<\/p>\n<\/div>\n<div style=\"float: left;width: 45%;padding: 1% 1% 1% 1%\" align=\"left\"><a href=\"https:\/\/bibliotecaetsiibejar.nwcds.usal.es\/wp-content\/uploads\/sites\/111\/2017\/11\/INF4-pdf-PATENTES.pdf\" target=\"_blank\" rel=\"noopener\"><img loading=\"lazy\" decoding=\"async\" class=\"alignnone size-medium wp-image-2655\" src=\"https:\/\/bibliotecaetsiibejar.nwcds.usal.es\/wp-content\/uploads\/sites\/111\/2017\/11\/INF4-pdf-PATENTES-212x300.jpg\" alt=\"\" width=\"212\" height=\"300\" srcset=\"https:\/\/bibliotecaetsiibejar.usal.es\/wp-content\/uploads\/sites\/111\/2017\/11\/INF4-pdf-PATENTES-212x300.jpg 212w, https:\/\/bibliotecaetsiibejar.usal.es\/wp-content\/uploads\/sites\/111\/2017\/11\/INF4-pdf-PATENTES-724x1024.jpg 724w, https:\/\/bibliotecaetsiibejar.usal.es\/wp-content\/uploads\/sites\/111\/2017\/11\/INF4-pdf-PATENTES-768x1086.jpg 768w, https:\/\/bibliotecaetsiibejar.usal.es\/wp-content\/uploads\/sites\/111\/2017\/11\/INF4-pdf-PATENTES-1086x1536.jpg 1086w, https:\/\/bibliotecaetsiibejar.usal.es\/wp-content\/uploads\/sites\/111\/2017\/11\/INF4-pdf-PATENTES-1449x2048.jpg 1449w, https:\/\/bibliotecaetsiibejar.usal.es\/wp-content\/uploads\/sites\/111\/2017\/11\/INF4-pdf-PATENTES-1200x1697.jpg 1200w, https:\/\/bibliotecaetsiibejar.usal.es\/wp-content\/uploads\/sites\/111\/2017\/11\/INF4-pdf-PATENTES-scaled.jpg 1811w\" sizes=\"auto, (max-width: 212px) 100vw, 212px\" \/><\/a><\/div>\n","protected":false},"excerpt":{"rendered":"<p>Cat\u00e1logos Worldcat y Rebiun. Con el OPAC (Cat\u00e1logo en l\u00ednea) de Worldcat puedes consultar los fondos bibliogr\u00e1ficos de la Universidades de Salamanca y de Castilla y Le\u00f3n, as\u00ed como\u00a0fondos en bibliotecas del resto del mundo. En el OPAC Rebiun puedes &hellip; <a href=\"https:\/\/bibliotecaetsiibejar.usal.es\/en\/utilizar-los-buscadores\/\">Continued<\/a><\/p>\n","protected":false},"author":134,"featured_media":0,"parent":0,"menu_order":0,"comment_status":"closed","ping_status":"closed","template":"","meta":{"footnotes":""},"class_list":["post-350","page","type-page","status-publish","hentry"],"aioseo_notices":[],"_links":{"self":[{"href":"https:\/\/bibliotecaetsiibejar.usal.es\/en\/wp-json\/wp\/v2\/pages\/350","targetHints":{"allow":["GET"]}}],"collection":[{"href":"https:\/\/bibliotecaetsiibejar.usal.es\/en\/wp-json\/wp\/v2\/pages"}],"about":[{"href":"https:\/\/bibliotecaetsiibejar.usal.es\/en\/wp-json\/wp\/v2\/types\/page"}],"author":[{"embeddable":true,"href":"https:\/\/bibliotecaetsiibejar.usal.es\/en\/wp-json\/wp\/v2\/users\/134"}],"replies":[{"embeddable":true,"href":"https:\/\/bibliotecaetsiibejar.usal.es\/en\/wp-json\/wp\/v2\/comments?post=350"}],"version-history":[{"count":0,"href":"https:\/\/bibliotecaetsiibejar.usal.es\/en\/wp-json\/wp\/v2\/pages\/350\/revisions"}],"wp:attachment":[{"href":"https:\/\/bibliotecaetsiibejar.usal.es\/en\/wp-json\/wp\/v2\/media?parent=350"}],"curies":[{"name":"wp","href":"https:\/\/api.w.org\/{rel}","templated":true}]}}