{"id":425,"date":"2016-07-05T12:15:07","date_gmt":"2016-07-05T10:15:07","guid":{"rendered":"https:\/\/bibliotecaetsiibejar.usal.es\/?page_id=425"},"modified":"2023-02-03T08:10:24","modified_gmt":"2023-02-03T08:10:24","slug":"prestamo-2","status":"publish","type":"page","link":"https:\/\/bibliotecaetsiibejar.usal.es\/en\/prestamo-2\/","title":{"rendered":"Pr\u00e9stamo"},"content":{"rendered":"<p><\/p>\n<div style=\"width: 100%;text-align: justify\">La biblioteca, hoy, se adapta a los cambios constantes del mundo de la informaci\u00f3n. Hemos pasado del impreso al bit y la tecnolog\u00eda cambia de forma constante. A nuestros usuarios esto les afecta a la hora de realizar b\u00fasquedas de informaci\u00f3n y utilizar aplicaciones para obtener rendimiento de esa informaci\u00f3n.<br \/>\nDesde biblioteca tenemos soluciones desde las m\u00e1s cl\u00e1sicas como el pr\u00e9stamo y estudio en sala a las m\u00e1s novedosas para dar respuesta a las necesidades de lo m\u00e1s importante para nosotros, nuestro usuario.<\/div>\n<p>&nbsp;<\/p>\n<div style=\"width: 50%;float: left\">\n<ul>\n<li style=\"text-align: justify\"><span style=\"text-decoration: underline\"><span style=\"color: #000000\"><strong>Pr\u00e9stamo<\/strong><\/span><\/span>. Puedes pasar a nuestra sala de fondos bibliogr\u00e1ficos y sacar en pr\u00e9stamo la gran mayor\u00eda de los libros en las estanter\u00edas si son de tu inter\u00e9s. Para localizarlo es mejor que sepas su signatura que encontrar\u00e1s en el cat\u00e1logo.<\/li>\n<li style=\"text-align: justify\"><strong><span style=\"text-decoration: underline\">Pr\u00e9stamo intercentro<\/span><\/strong>. Si necesitas un libro que no est\u00e1 en tu biblioteca de referencia puedes solicitar su env\u00edo a la misma. Es f\u00e1cil, una vez hayas encontrado el registro del libro que quieras en nuestro cat\u00e1logo y veas que no hay fondos existentes en tu biblioteca comienza su petici\u00f3n con el bot\u00f3n PETICI\u00d3N\/RESERVAR de ese registro.<\/li>\n<li style=\"text-align: justify\"><strong><span style=\"text-decoration: underline\">Pr\u00e9stamo interbibliotecario<\/span><\/strong>. No tenemos todos los fondos bibliogr\u00e1ficos que se publican. Uno de los beneficios de trabajar en red es que los podemos pedir en pr\u00e9stamo a otras bibliotecas con las que tenemos acuerdos. Si la biblioteca a la que pidamos el libro est\u00e1 fuera de Castilla y Le\u00f3n aplicamos <a href=\"http:\/\/www.rebiun.org\/prestamoInterbibliotecario\/Paginas\/Tarifas-de-Pr%C3%A9stamo-Interbibliotecario-2015.aspx\" target=\"_blank\" rel=\"noopener\">la tarifa Rebiun<\/a> (Red de Bibliotecas Universitarias Espa\u00f1olas).<br \/>\nAntes de solicitar un pr\u00e9stamo interbibliotecario confirma que el documento que quieras no est\u00e1 en la USAL y date de alta en el <a href=\"http:\/\/sod.usal.es\/menu_usuario.php?centro=%24USAG&amp;tipo=interno&amp;d=1\" target=\"_blank\" rel=\"noopener\">siguiente enlace<\/a>.<\/li>\n<li style=\"text-align: justify\"><strong><span style=\"text-decoration: underline\">Pr\u00e9stamo electr\u00f3nico<\/span><\/strong>. Tiene el mismo trato y tiempo que un libro f\u00edsico. Puedes buscar en los \u00edndices de CIELO, la plataforma USAL de libros electr\u00f3nicos. Existen fondos que podr\u00e1s descargar en <a href=\"http:\/\/cielo.usal.es\/\" target=\"_blank\" rel=\"noopener\">cualquier<\/a> equipo y otros que tendr\u00e1s que leer desde el servidor. Mira aqu\u00ed <a href=\"https:\/\/bibliotecas.usal.es\/noticia\/cielo-prestamo-bibliotecario-de-libros-electronicos\" target=\"_blank\" rel=\"noopener\">m\u00e1s informaci\u00f3n sobre CIELO<\/a><\/li>\n<li style=\"text-align: justify\"><strong><span style=\"text-decoration: underline\">Pr\u00e9stamo de Proyectos y Trabajos final de carrera<\/span><\/strong>.\u00a0Si quieres consultar un proyecto de la ETSII en formato f\u00edsico puedes pedirlo en biblioteca. Este trabajo es \u00fanico y s\u00f3lo podr\u00e1s consultarlo en nuestra sala de lectura. En el cat\u00e1logo de bibliotecas USAL puedes encontrar<a href=\"http:\/\/brumario.usal.es\/search~S1*spi?\/dUniversidad+de+Salamanca-tesis+y+disertaciones+acad{226}emicas\/duniversidad+de+salamanca+tesis+y+disertaciones+academicas\/-3%2C0%2C0%2CB\/exact&amp;FF=duniversidad+de+salamanca+espana+tesis+y+disertaciones+academicas&amp;1%2C8831%2C\/limit?\"> los registros de cerca de 700 proyectos<\/a> de la \u00faltima d\u00e9cada, tambi\u00e9n en la biblioteca tenemos una lista impresa que puedes consultar y pedirnos el que desees consultar. En acceso abierto ponemos a texto completo aquellos trabajos con una nota superior a 9 (si los autores nos permiten que difundamos su trabajo). Consulta y busca <a href=\"http:\/\/gredos.usal.es\/jspui\/handle\/10366\/4843\" target=\"_blank\" rel=\"noopener\">aqu\u00ed.<\/a><\/li>\n<\/ul>\n<\/div>\n<div style=\"width: 40%;float: right\">\n<p><img loading=\"lazy\" decoding=\"async\" class=\"wp-image-782 aligncenter\" src=\"https:\/\/bibliotecaetsiibejar.nwcds.usal.es\/wp-content\/uploads\/sites\/111\/2016\/07\/S1-2-1-300x233.jpg\" alt=\"S1\" width=\"357\" height=\"278\" \/><\/p>\n<div style=\"width: 100%\"><a href=\"#primero\">Tabla con indicaci\u00f3n de pr\u00e9stamo por tipo de usuario abajo.<\/a><\/div>\n<\/div>\n<div style=\"clear: both\">\n<table width=\"100%\">\n<tbody>\n<tr>\n<td width=\"22%\"><\/td>\n<td style=\"text-align: center\" width=\"42%\"><strong><a name=\"primero\"><\/a>Libros<\/strong><\/td>\n<td style=\"text-align: center\" width=\"17%\"><strong>Ordenadores port\u00e1tiles y libros electr\u00f3nicos<\/strong><\/td>\n<td style=\"text-align: center\" width=\"17%\"><strong>Pr\u00e9stamo intercampus e interbibliotecario<\/strong><\/td>\n<\/tr>\n<tr>\n<td width=\"22%\"><strong>Estudiantes de Grados y Titulaciones<\/strong><\/td>\n<td width=\"42%\">\n<p style=\"text-align: center\">En OPAC pr\u00e9stamo normal incluido pr\u00e9stamo electr\u00f3nico CIELO<\/p>\n<p style=\"text-align: center\">&#8211;\u00a0\u00a0 7 d\u00edas, 4 libros renovable una\u00a0vez<\/p>\n<\/td>\n<td style=\"text-align: center\" width=\"17%\">SI<\/td>\n<td style=\"text-align: center\" width=\"17%\">SI<\/td>\n<\/tr>\n<tr>\n<td width=\"22%\"><strong>Estudiantes de Posgrado, M\u00e1steres Oficiales, Doctorados<\/strong><\/td>\n<td width=\"42%\">\n<p style=\"text-align: center\">En OPAC Pr\u00e9stamo Normal y Docente incluido pr\u00e9stamo electr\u00f3nico CIELO<\/p>\n<p style=\"text-align: center\">: 30 d\u00edas, 15 libros renovable una vez<\/p>\n<\/td>\n<td style=\"text-align: center\" width=\"17%\">SI<\/td>\n<td style=\"text-align: center\" width=\"17%\">SI<\/td>\n<\/tr>\n<tr>\n<td width=\"22%\"><strong>Estudiantes de T\u00edtulos Propios de m\u00e1s de un trimestre<\/strong><\/td>\n<td width=\"42%\">\n<p style=\"text-align: center\">En OPAC pr\u00e9stamo normal incluido pr\u00e9stamo electr\u00f3nico CIELO<\/p>\n<p style=\"text-align: center\">&#8211;\u00a0 7 d\u00edas, 4 libros renovable una vez<\/p>\n<\/td>\n<td style=\"text-align: center\" width=\"17%\">SI<\/td>\n<td style=\"text-align: center\" width=\"17%\">SI<\/td>\n<\/tr>\n<tr>\n<td width=\"22%\"><strong>Estudiantes de T\u00edtulos Propios de menos de un trimestre<\/strong><\/td>\n<td width=\"42%\">\n<p style=\"text-align: center\">(Deben solicitar el carn\u00e9 temporal de pr\u00e9stamo) En OPAC pr\u00e9stamo normal incluido pr\u00e9stamo electr\u00f3nico CIELO<\/p>\n<p style=\"text-align: center\">&#8211;\u00a0 7 d\u00edas, 4 libros renovable\u00a0una\u00a0vez<\/p>\n<\/td>\n<td style=\"text-align: center\" width=\"17%\">SI<\/td>\n<td style=\"text-align: center\" width=\"17%\">SI<\/td>\n<\/tr>\n<tr>\n<td width=\"22%\"><strong>Estudiantes con discapacidad<\/strong><\/td>\n<td width=\"42%\">\n<p style=\"text-align: center\">(Deben acreditar la discapacidad al Servicio de Bibliotecas) En OPAC pr\u00e9stamo normal incluido pr\u00e9stamo electr\u00f3nico CIELO<\/p>\n<p style=\"text-align: center\">&#8211;\u00a0 15 d\u00edas, m\u00e1ximo 4 libros renovable una vez<\/p>\n<\/td>\n<td style=\"text-align: center\" width=\"17%\">SI<\/td>\n<td style=\"text-align: center\" width=\"17%\">SI<\/td>\n<\/tr>\n<tr>\n<td width=\"22%\"><strong>Personal Docente e Investigador<\/strong><\/td>\n<td width=\"42%\">\n<p style=\"text-align: center\">En OPAC Pr\u00e9stamo Normal y Docente, incluido pr\u00e9stamo electr\u00f3nico CIELO<\/p>\n<p style=\"text-align: center\">30 d\u00edas, 15 libros renovable una vez<\/p>\n<\/td>\n<td style=\"text-align: center\" width=\"17%\">SI<\/td>\n<td style=\"text-align: center\" width=\"17%\">SI<\/td>\n<\/tr>\n<tr>\n<td width=\"22%\"><strong>Personal de Administraci\u00f3n y Servicios<\/strong><\/td>\n<td width=\"42%\">En OPAC pr\u00e9stamo normal incluido pr\u00e9stamo electr\u00f3nico CIELO<\/p>\n<p style=\"text-align: center\">&#8211;\u00a0 7 d\u00edas, m\u00e1ximo 4 libros renovable una vez<\/p>\n<\/td>\n<td style=\"text-align: center\" width=\"17%\"><\/td>\n<td style=\"text-align: center\" width=\"17%\">SI<\/td>\n<\/tr>\n<tr>\n<td width=\"22%\"><strong>Personas ajenas a la Universidad de Salamanca<\/strong><\/td>\n<td style=\"text-align: center\" width=\"42%\">Pueden consultar los fondos, pero no tomarlos en pr\u00e9stamo (para el pr\u00e9stamo deben solicitar el carn\u00e9 temporal de pr\u00e9stamo del Servicio de Bibliotecas)<\/td>\n<td style=\"text-align: center\" width=\"17%\">NO (para el pr\u00e9stamo deben solicitar el carn\u00e9 temporal de pr\u00e9stamo del Servicio de Bibliotecas).<\/td>\n<td width=\"17%\">\n<p style=\"text-align: center\">SI<\/p>\n<p style=\"text-align: center\">(sin necesidad de carnet temporal de pr\u00e9stamo)<\/p>\n<\/td>\n<\/tr>\n<\/tbody>\n<\/table>\n<\/div>\n<p><\/p>","protected":false},"excerpt":{"rendered":"<p>La biblioteca, hoy, se adapta a los cambios constantes del mundo de la informaci\u00f3n. Hemos pasado del impreso al bit y la tecnolog\u00eda cambia de forma constante. A nuestros usuarios esto les afecta a la hora de realizar b\u00fasquedas de &hellip; <a href=\"https:\/\/bibliotecaetsiibejar.usal.es\/en\/prestamo-2\/\">Continued<\/a><\/p>\n","protected":false},"author":134,"featured_media":0,"parent":0,"menu_order":0,"comment_status":"closed","ping_status":"closed","template":"","meta":{"footnotes":""},"class_list":["post-425","page","type-page","status-publish","hentry"],"aioseo_notices":[],"_links":{"self":[{"href":"https:\/\/bibliotecaetsiibejar.usal.es\/en\/wp-json\/wp\/v2\/pages\/425","targetHints":{"allow":["GET"]}}],"collection":[{"href":"https:\/\/bibliotecaetsiibejar.usal.es\/en\/wp-json\/wp\/v2\/pages"}],"about":[{"href":"https:\/\/bibliotecaetsiibejar.usal.es\/en\/wp-json\/wp\/v2\/types\/page"}],"author":[{"embeddable":true,"href":"https:\/\/bibliotecaetsiibejar.usal.es\/en\/wp-json\/wp\/v2\/users\/134"}],"replies":[{"embeddable":true,"href":"https:\/\/bibliotecaetsiibejar.usal.es\/en\/wp-json\/wp\/v2\/comments?post=425"}],"version-history":[{"count":1,"href":"https:\/\/bibliotecaetsiibejar.usal.es\/en\/wp-json\/wp\/v2\/pages\/425\/revisions"}],"predecessor-version":[{"id":2843,"href":"https:\/\/bibliotecaetsiibejar.usal.es\/en\/wp-json\/wp\/v2\/pages\/425\/revisions\/2843"}],"wp:attachment":[{"href":"https:\/\/bibliotecaetsiibejar.usal.es\/en\/wp-json\/wp\/v2\/media?parent=425"}],"curies":[{"name":"wp","href":"https:\/\/api.w.org\/{rel}","templated":true}]}}