{"id":469,"date":"2016-07-06T10:17:24","date_gmt":"2016-07-06T08:17:24","guid":{"rendered":"https:\/\/bibliotecaetsiibejar.usal.es\/?page_id=469"},"modified":"2023-02-03T08:14:02","modified_gmt":"2023-02-03T08:14:02","slug":"espacios-y-equipos","status":"publish","type":"page","link":"https:\/\/bibliotecaetsiibejar.usal.es\/en\/espacios-y-equipos\/","title":{"rendered":"Espacios y equipos"},"content":{"rendered":"<p><strong>2\u00aa planta de la ETSII<\/strong><\/p>\n<p style=\"text-align: justify\"><u>Hall de entrada<\/u>\u00a0con acceso a la sala de estudio y la sala destinada a los fondos bibliogr\u00e1ficos.\u00a0En este hall estar\u00e1 el personal que atender\u00e1 las necesidades que demandes de nuestro servicio.<br \/>\n<u>Sala de estudio.<\/u>\u00a0Una sala de 210 metros cuadrados con 83 puestos individuales.<br \/>\n<u>Sala de fondos bibliogr\u00e1ficos<\/u>\u00a0\u00a0colocados seg\u00fan materias correspondientes a la CDU.<img loading=\"lazy\" decoding=\"async\" class=\" wp-image-786 alignright\" src=\"https:\/\/bibliotecaetsiibejar.nwcds.usal.es\/wp-content\/uploads\/sites\/111\/2016\/07\/S2-1-1-300x227.jpg\" alt=\"S2\" width=\"401\" height=\"303\" \/><\/p>\n<p style=\"text-align: justify\">Las dos salas anteriores tienen acceso al despacho del responsable de biblioteca que atender\u00e1 necesidades de servicio y dudas m\u00e1s espec\u00edficas, tambi\u00e9n\u00a0 puede asesorarte en b\u00fasquedas bibliogr\u00e1ficas concretas.<\/p>\n<p style=\"text-align: justify\"><u>En la cuarta planta<\/u>\u00a0la ETSII B\u00e9jar ha destinado un espacio con\u00a0<u>16 puestos para el estudio en grupo<\/u>\u00a0y para uso\u00a0individual en periodos de ex\u00e1menes.\u00a0<u>Puedes reservar este aula para un grupo de trabajo<\/u>\u00a0con un m\u00e1ximo de 3 horas cada d\u00eda ampliable a una hora m\u00e1s seg\u00fan las necesidades del grupo y posibilidades de la\u00a0biblioteca. Debes realizar tu petici\u00f3n con un m\u00ednimo de 36 horas con el objeto de advertir que este aula estar\u00e1 cerrada para uso p\u00fablico en el periodo solicitado.<\/p>\n<p><a href=\"https:\/\/bibliotecaetsiibejar.usal.es\/?page_id=752\">Formulario petici\u00f3n<\/a> aula de estudio individual, tienes que indicarnos el d\u00eda, hora y tiempo preciso aproximado.<\/p>\n<p><strong>EQUIPAMIENTO<\/strong><\/p>\n<p style=\"text-align: justify\">En el hall existe un ordenador que enlaza a los cat\u00e1logos y plataformas de b\u00fasquedas de informaci\u00f3n o documento USAL. En nuestro fondo bibliogr\u00e1fico, en fondos externos o electr\u00f3nicos. Es de uso r\u00e1pido.<\/p>\n<p>En la sala de estudio tienes tres ordenadores de trabajo con uso de internet para usuarios USAL.<\/p>\n<p>Disponemos de 10 port\u00e1tiles de pr\u00e9stamo y dos lectores electr\u00f3nicos que puedes solicitar en pr\u00e9stamo.<\/p>","protected":false},"excerpt":{"rendered":"<p>2\u00aa planta de la ETSII Hall de entrada\u00a0con acceso a la sala de estudio y la sala destinada a los fondos bibliogr\u00e1ficos.\u00a0En este hall estar\u00e1 el personal que atender\u00e1 las necesidades que demandes de nuestro servicio. Sala de estudio.\u00a0Una sala &hellip; <a href=\"https:\/\/bibliotecaetsiibejar.usal.es\/en\/espacios-y-equipos\/\">Continued<\/a><\/p>\n","protected":false},"author":134,"featured_media":0,"parent":0,"menu_order":0,"comment_status":"closed","ping_status":"closed","template":"","meta":{"footnotes":""},"class_list":["post-469","page","type-page","status-publish","hentry"],"aioseo_notices":[],"_links":{"self":[{"href":"https:\/\/bibliotecaetsiibejar.usal.es\/en\/wp-json\/wp\/v2\/pages\/469","targetHints":{"allow":["GET"]}}],"collection":[{"href":"https:\/\/bibliotecaetsiibejar.usal.es\/en\/wp-json\/wp\/v2\/pages"}],"about":[{"href":"https:\/\/bibliotecaetsiibejar.usal.es\/en\/wp-json\/wp\/v2\/types\/page"}],"author":[{"embeddable":true,"href":"https:\/\/bibliotecaetsiibejar.usal.es\/en\/wp-json\/wp\/v2\/users\/134"}],"replies":[{"embeddable":true,"href":"https:\/\/bibliotecaetsiibejar.usal.es\/en\/wp-json\/wp\/v2\/comments?post=469"}],"version-history":[{"count":2,"href":"https:\/\/bibliotecaetsiibejar.usal.es\/en\/wp-json\/wp\/v2\/pages\/469\/revisions"}],"predecessor-version":[{"id":2845,"href":"https:\/\/bibliotecaetsiibejar.usal.es\/en\/wp-json\/wp\/v2\/pages\/469\/revisions\/2845"}],"wp:attachment":[{"href":"https:\/\/bibliotecaetsiibejar.usal.es\/en\/wp-json\/wp\/v2\/media?parent=469"}],"curies":[{"name":"wp","href":"https:\/\/api.w.org\/{rel}","templated":true}]}}