{"id":650,"date":"2016-07-07T12:18:55","date_gmt":"2016-07-07T10:18:55","guid":{"rendered":"https:\/\/bibliotecaetsiibejar.usal.es\/?page_id=650"},"modified":"2016-07-07T12:18:55","modified_gmt":"2016-07-07T10:18:55","slug":"tecnologia-2","status":"publish","type":"page","link":"https:\/\/bibliotecaetsiibejar.usal.es\/en\/tecnologia-2\/","title":{"rendered":"Tecnolog\u00eda"},"content":{"rendered":"<p style=\"text-align: justify\"><a href=\"https:\/\/usal.on.worldcat.org\/discovery\" target=\"_blank\" rel=\"noopener\">Buscador integrado<\/a>. Herramienta para encontrar cualquier documento (libro, monograf\u00eda, revista o art\u00edculo) en cualquier formato impreso o electr\u00f3nico, dentro de la USAL, en la Universidades de Castilla y Le\u00f3n, en el resto de bibliotecas universitarias de Espa\u00f1a, en la Biblioteca Nacional o incluso en el resto del mundo.<br \/>\nPuedes usarlo para localizar el recurso que necesites o como una herramienta para conocer lo publicado en un tema o por un autor. Si necesitaras alg\u00fan libro que no est\u00e9 entre nuestro fondo bibliogr\u00e1fico, USAL y Castilla y Le\u00f3n, puedes hacer petici\u00f3n de un pr\u00e9stamo interbibliotecario o realizar una desiderata.<img loading=\"lazy\" decoding=\"async\" class=\" wp-image-774 alignright\" src=\"https:\/\/bibliotecaetsiibejar.nwcds.usal.es\/wp-content\/uploads\/sites\/111\/2016\/07\/S4-300x248.png\" alt=\"S4\" width=\"321\" height=\"265\" srcset=\"https:\/\/bibliotecaetsiibejar.usal.es\/wp-content\/uploads\/sites\/111\/2016\/07\/S4-300x248.png 300w, https:\/\/bibliotecaetsiibejar.usal.es\/wp-content\/uploads\/sites\/111\/2016\/07\/S4.png 743w\" sizes=\"auto, (max-width: 321px) 100vw, 321px\" \/><br \/>\n<a href=\"https:\/\/usal.on.worldcat.org\/discovery\" target=\"_blank\" rel=\"noopener\">Enlace<\/a>\u00a0\u00a0\u00a0\u00a0\u00a0\u00a0\u00a0\u00a0\u00a0\u00a0\u00a0\u00a0 <a href=\"https:\/\/bibliotecas.usal.es\/buscador\" target=\"_blank\" rel=\"noopener\">M\u00e1s informaci\u00f3n<\/a><\/p>\n<p><a href=\"https:\/\/bibliotecas.usal.es\/en\/acceso-remoto\" target=\"_blank\" rel=\"noopener\">Acceso remoto<\/a><br \/>\nSi no est\u00e1s utilizando un ordenador con IP USAL, \u00a0y quieres consultar los recursos suscritos por la Universidad desde cualquier lugar, tienes dos formas de acceso:<\/p>\n<ul>\n<li style=\"text-align: justify\"><u>Utilizar tu ID-Usal<\/u>. Una vez que selecciones el recurso que quieras consultar desde la <a href=\"https:\/\/bibliotecas.usal.es\/basesdatosform\" target=\"_blank\" rel=\"noopener\">WEB de bibliotecas USAL<\/a> te enlazar\u00e1 directamente con tu ID-Usal. Introduciendo tu usuario y contrase\u00f1a de correo podr\u00e1s acceder a los documentos de tu inter\u00e9s sin problemas siempre que est\u00e9n suscritos por la Universidad de Salamanca.<\/li>\n<li style=\"text-align: justify\"><u>Conexi\u00f3n LAN.<\/u> Es una forma alternativa de acceso que depende del dispositivo y navegador que utilices. Puedes tener una orientaci\u00f3n de configuraci\u00f3n con este <a href=\"http:\/\/sabus.usal.es\/pdf\/lan_conex.pdf\" target=\"_blank\" rel=\"noopener\">PDF<\/a>. Una vez configurado al acceder a los recursos suscritos por la USAL te pedir\u00e1 tu nombre y apellidos y c\u00f3digo de barras de tu tarjeta USAL como autenticaci\u00f3n. Si tuvieras alg\u00fan problema ponte en contacto con nosotros.<br \/>\n<a href=\"http:\/\/lazarillo.usal.es\/wifi\" target=\"_blank\" rel=\"noopener\">Wifi USAL<\/a><br \/>\n<a href=\"https:\/\/bibliotecas.usal.es\/aplicaciones-moviles-0\" target=\"_blank\" rel=\"noopener\">BiblioUSAL.<\/a>\u00a0Aplicaci\u00f3n para dispositivos m\u00f3viles que te permitir\u00e1 estar siempre conextado a los servicios de biblioteca.<\/li>\n<\/ul>\n<p><span style=\"text-decoration: underline\"><span style=\"color: #0000ff;text-decoration: underline\">Recursos y servicios de biblioteca<\/span><\/span><\/p>\n<p><a href=\"https:\/\/bibliotecaetsiibejar.usal.es\/?page_id=645\">Mi Biblioteca<\/a>. Tu espacio personal en la Biblioteca USAL<\/p>\n<p><a href=\"https:\/\/bibliotecaetsiibejar.usal.es\/?page_id=1246\">GREDOS.<\/a> Repositorio OPEN SOURCE para difundir los trabajos cient\u00edficos USAL y con los est\u00e1ndares para ser recolectado y difundido de forma nacional e internacional.<\/p>\n<p><a href=\"https:\/\/bibliotecaetsiibejar.usal.es\/?page_id=2\">CIELO.<\/a> Plataforma de libros electr\u00f3nicos con posibilidad de realizar pr\u00e9stamos personales.<\/p>\n<p>&nbsp;<\/p>\n","protected":false},"excerpt":{"rendered":"<p>Buscador integrado. Herramienta para encontrar cualquier documento (libro, monograf\u00eda, revista o art\u00edculo) en cualquier formato impreso o electr\u00f3nico, dentro de la USAL, en la Universidades de Castilla y Le\u00f3n, en el resto de bibliotecas universitarias de Espa\u00f1a, en la Biblioteca &hellip; <a href=\"https:\/\/bibliotecaetsiibejar.usal.es\/en\/tecnologia-2\/\">Continued<\/a><\/p>\n","protected":false},"author":134,"featured_media":0,"parent":0,"menu_order":0,"comment_status":"closed","ping_status":"closed","template":"","meta":{"footnotes":""},"class_list":["post-650","page","type-page","status-publish","hentry"],"aioseo_notices":[],"_links":{"self":[{"href":"https:\/\/bibliotecaetsiibejar.usal.es\/en\/wp-json\/wp\/v2\/pages\/650","targetHints":{"allow":["GET"]}}],"collection":[{"href":"https:\/\/bibliotecaetsiibejar.usal.es\/en\/wp-json\/wp\/v2\/pages"}],"about":[{"href":"https:\/\/bibliotecaetsiibejar.usal.es\/en\/wp-json\/wp\/v2\/types\/page"}],"author":[{"embeddable":true,"href":"https:\/\/bibliotecaetsiibejar.usal.es\/en\/wp-json\/wp\/v2\/users\/134"}],"replies":[{"embeddable":true,"href":"https:\/\/bibliotecaetsiibejar.usal.es\/en\/wp-json\/wp\/v2\/comments?post=650"}],"version-history":[{"count":0,"href":"https:\/\/bibliotecaetsiibejar.usal.es\/en\/wp-json\/wp\/v2\/pages\/650\/revisions"}],"wp:attachment":[{"href":"https:\/\/bibliotecaetsiibejar.usal.es\/en\/wp-json\/wp\/v2\/media?parent=650"}],"curies":[{"name":"wp","href":"https:\/\/api.w.org\/{rel}","templated":true}]}}