{"id":656,"date":"2016-07-07T12:24:35","date_gmt":"2016-07-07T10:24:35","guid":{"rendered":"https:\/\/bibliotecaetsiibejar.usal.es\/?page_id=656"},"modified":"2016-07-07T12:24:35","modified_gmt":"2016-07-07T10:24:35","slug":"servicio-de-informacion-y-referencia","status":"publish","type":"page","link":"https:\/\/bibliotecaetsiibejar.usal.es\/en\/servicio-de-informacion-y-referencia\/","title":{"rendered":"Servicio de informaci\u00f3n y referencia"},"content":{"rendered":"<p style=\"text-align: justify\"><img loading=\"lazy\" decoding=\"async\" class=\" wp-image-775 alignright\" src=\"https:\/\/bibliotecaetsiibejar.nwcds.usal.es\/wp-content\/uploads\/sites\/111\/2016\/07\/S5-300x216.jpg\" alt=\"S5\" width=\"361\" height=\"260\" srcset=\"https:\/\/bibliotecaetsiibejar.usal.es\/wp-content\/uploads\/sites\/111\/2016\/07\/S5-300x216.jpg 300w, https:\/\/bibliotecaetsiibejar.usal.es\/wp-content\/uploads\/sites\/111\/2016\/07\/S5-768x552.jpg 768w, https:\/\/bibliotecaetsiibejar.usal.es\/wp-content\/uploads\/sites\/111\/2016\/07\/S5.jpg 790w\" sizes=\"auto, (max-width: 361px) 100vw, 361px\" \/><strong>Somos profesionales de la informaci\u00f3n.<\/strong> <span style=\"text-decoration: underline\">Nuestra premisa es darte siempre una respuesta<\/span> o dirigirte a quien pueda ofrec\u00e9rtela. Informaci\u00f3n general, informaci\u00f3n sobre los estudios o nuestra Escuela, sobre los fondos bibliogr\u00e1ficos sean f\u00edsicos o electr\u00f3nicos, \u00a0informaci\u00f3n de Universidades distintas; o datos concretos y resoluci\u00f3n de b\u00fasquedas documentales y bibliogr\u00e1ficas.<\/p>\n<p style=\"text-align: justify\">El personal de primera atenci\u00f3n puede ayudarte en primer lugar. Si tu b\u00fasqueda de informaci\u00f3n requiere de personal especializado los auxiliares de biblioteca te pondr\u00e1n en contacto con la persona que pueda ayudarte.<\/p>\n<p style=\"text-align: justify\">Puedes escribirnos un correo electr\u00f3nico &#8211;<a href=\"https:\/\/bibliotecaetsiibejar.usal.es\/?page_id=10\">link<\/a>-. Utilizar el chat del Messenger, el tel\u00e9fono o el siguiente <a href=\"https:\/\/bibliotecaetsiibejar.usal.es\/?page_id=752\">formulario.<\/a><\/p>\n<p style=\"text-align: justify\">La mayor\u00eda de las dudas ser\u00e1n de soluci\u00f3n pr\u00e1cticamente inmediata. Si se tratara de buscar informaci\u00f3n puedes plantearnos tu necesidad informativa y quedaremos contigo en breve.<\/p>\n","protected":false},"excerpt":{"rendered":"<p>Somos profesionales de la informaci\u00f3n. Nuestra premisa es darte siempre una respuesta o dirigirte a quien pueda ofrec\u00e9rtela. Informaci\u00f3n general, informaci\u00f3n sobre los estudios o nuestra Escuela, sobre los fondos bibliogr\u00e1ficos sean f\u00edsicos o electr\u00f3nicos, \u00a0informaci\u00f3n de Universidades distintas; o &hellip; <a href=\"https:\/\/bibliotecaetsiibejar.usal.es\/en\/servicio-de-informacion-y-referencia\/\">Continued<\/a><\/p>\n","protected":false},"author":134,"featured_media":0,"parent":0,"menu_order":0,"comment_status":"closed","ping_status":"closed","template":"","meta":{"footnotes":""},"class_list":["post-656","page","type-page","status-publish","hentry"],"aioseo_notices":[],"_links":{"self":[{"href":"https:\/\/bibliotecaetsiibejar.usal.es\/en\/wp-json\/wp\/v2\/pages\/656","targetHints":{"allow":["GET"]}}],"collection":[{"href":"https:\/\/bibliotecaetsiibejar.usal.es\/en\/wp-json\/wp\/v2\/pages"}],"about":[{"href":"https:\/\/bibliotecaetsiibejar.usal.es\/en\/wp-json\/wp\/v2\/types\/page"}],"author":[{"embeddable":true,"href":"https:\/\/bibliotecaetsiibejar.usal.es\/en\/wp-json\/wp\/v2\/users\/134"}],"replies":[{"embeddable":true,"href":"https:\/\/bibliotecaetsiibejar.usal.es\/en\/wp-json\/wp\/v2\/comments?post=656"}],"version-history":[{"count":0,"href":"https:\/\/bibliotecaetsiibejar.usal.es\/en\/wp-json\/wp\/v2\/pages\/656\/revisions"}],"wp:attachment":[{"href":"https:\/\/bibliotecaetsiibejar.usal.es\/en\/wp-json\/wp\/v2\/media?parent=656"}],"curies":[{"name":"wp","href":"https:\/\/api.w.org\/{rel}","templated":true}]}}