{"id":754,"date":"2016-07-12T09:44:04","date_gmt":"2016-07-12T07:44:04","guid":{"rendered":"https:\/\/bibliotecaetsiibejar.usal.es\/?page_id=754"},"modified":"2023-02-03T08:17:50","modified_gmt":"2023-02-03T08:17:50","slug":"estar-informado-2","status":"publish","type":"page","link":"https:\/\/bibliotecaetsiibejar.usal.es\/en\/estar-informado-2\/","title":{"rendered":"Estar informado"},"content":{"rendered":"<p><\/p>\n<p style=\"text-align: right\"><span style=\"font-size: xx-large\">BLOGS<\/span><\/p>\n<table style=\"height: 316px\" width=\"748\">\n<tbody>\n<tr>\n<td width=\"142\"><a href=\"http:\/\/diarium.usal.es\/bibliotecas\/\" target=\"_blank\" rel=\"noopener\"><img loading=\"lazy\" decoding=\"async\" class=\"wp-image-853 aligncenter\" src=\"https:\/\/bibliotecaetsiibejar.nwcds.usal.es\/wp-content\/uploads\/sites\/111\/2016\/07\/astronauta-300x225.png\" alt=\"astronauta\" width=\"140\" height=\"105\" \/><\/a><\/td>\n<td width=\"142\"><a href=\"http:\/\/diarium.usal.es\/gredos\/\" target=\"_blank\" rel=\"noopener\"><img loading=\"lazy\" decoding=\"async\" class=\"wp-image-857 aligncenter\" src=\"https:\/\/bibliotecaetsiibejar.nwcds.usal.es\/wp-content\/uploads\/sites\/111\/2016\/07\/gredos-300x225.png\" alt=\"gredos\" width=\"140\" height=\"105\" \/><\/a><\/td>\n<td width=\"142\"><a href=\"http:\/\/diarium.usal.es\/gredos\/\" target=\"_blank\" rel=\"noopener\"><img loading=\"lazy\" decoding=\"async\" class=\"size-medium wp-image-856 aligncenter\" src=\"https:\/\/bibliotecaetsiibejar.nwcds.usal.es\/wp-content\/uploads\/sites\/111\/2016\/07\/CRAI-300x225.png\" alt=\"CRAI\" width=\"140\" height=\"225\" \/><\/a><\/td>\n<td width=\"142\"><a href=\"http:\/\/cid.edunomia.es\/\" target=\"_blank\" rel=\"noopener\"><img loading=\"lazy\" decoding=\"async\" class=\"size-medium wp-image-855 aligncenter\" src=\"https:\/\/bibliotecaetsiibejar.nwcds.usal.es\/wp-content\/uploads\/sites\/111\/2016\/07\/CID-300x225.png\" alt=\"CID\" width=\"140\" height=\"225\" \/><\/a><\/td>\n<\/tr>\n<tr>\n<td style=\"text-align: center\" width=\"142\"><a href=\"http:\/\/diarium.usal.es\/bibliotecas\/\" target=\"_blank\" rel=\"noopener\">\u00a0El Astronauta<\/a>. Todas las noticias de Bibliotecas USAL<\/td>\n<td style=\"text-align: center\" width=\"142\">Todo sobre OA y sobre la ciencia en abierto USAL<\/td>\n<td style=\"text-align: center\" width=\"142\">Noticias desde un CRAI.\u00a0Centro de recursos de aprendizaje e investigaci\u00f3n<\/td>\n<td style=\"text-align: center\" width=\"142\">Herramientas para la innovaci\u00f3n docente desde la biblioteca USAL de Biolog\u00eda<\/td>\n<\/tr>\n<tr>\n<td width=\"142\"><a href=\"https:\/\/usalbiomedica.wordpress.com\/\" target=\"_blank\" rel=\"noopener\"><img loading=\"lazy\" decoding=\"async\" class=\"size-medium wp-image-860 aligncenter\" src=\"https:\/\/bibliotecaetsiibejar.nwcds.usal.es\/wp-content\/uploads\/sites\/111\/2016\/07\/USAL-biomedica-300x203.png\" alt=\"USAL biomedica\" width=\"140\" height=\"203\" \/><\/a><\/td>\n<td width=\"142\"><a href=\"http:\/\/diarium.usal.es\/pibejar\/\" target=\"_blank\" rel=\"noopener\"><img loading=\"lazy\" decoding=\"async\" class=\"size-medium wp-image-854 aligncenter\" src=\"https:\/\/bibliotecaetsiibejar.nwcds.usal.es\/wp-content\/uploads\/sites\/111\/2016\/07\/BINDusal-300x203.png\" alt=\"BINDusal\" width=\"140\" height=\"203\" \/><\/a><\/td>\n<td width=\"142\"><a href=\"https:\/\/universoabierto.com\/\" target=\"_blank\" rel=\"noopener\"><img loading=\"lazy\" decoding=\"async\" class=\"size-medium wp-image-879 aligncenter\" src=\"https:\/\/bibliotecaetsiibejar.nwcds.usal.es\/wp-content\/uploads\/sites\/111\/2016\/07\/Universo-abierto-1-300x203.png\" alt=\"Universo abierto\" width=\"140\" height=\"203\" \/><\/a><\/td>\n<td width=\"142\"><a href=\"http:\/\/diarium.usal.es\/vito\/\" target=\"_blank\" rel=\"noopener\"><img loading=\"lazy\" decoding=\"async\" class=\"size-medium wp-image-858 aligncenter\" src=\"https:\/\/bibliotecaetsiibejar.nwcds.usal.es\/wp-content\/uploads\/sites\/111\/2016\/07\/InVito-300x203.png\" alt=\"InVito\" width=\"140\" height=\"203\" \/><\/a><\/td>\n<\/tr>\n<tr>\n<td style=\"text-align: center\" width=\"142\">Desde la bibliotecaria de la Facultad de Medicina USAL<\/td>\n<td style=\"text-align: center\" width=\"142\">Nuestro favorito porque es nuestro y va de ingenier\u00eda<\/td>\n<td style=\"text-align: center\" width=\"142\">Todas las tendencias para nuestros usuarios.<\/td>\n<td style=\"text-align: center\" width=\"142\">\u00a0Para no decir que nos queda algo por SABER<\/td>\n<\/tr>\n<\/tbody>\n<\/table>\n<p>&nbsp;<\/p>\n<p>&nbsp;<\/p>\n<p style=\"text-align: right\"><span style=\"font-size: xx-large\"><a><img loading=\"lazy\" decoding=\"async\" class=\"size-full wp-image-902 alignleft\" src=\"https:\/\/bibliotecaetsiibejar.nwcds.usal.es\/wp-content\/uploads\/sites\/111\/2016\/07\/Rana.png\" alt=\"Rana\" width=\"197\" height=\"73\" \/><\/a>\u00a0Radio<\/span><\/p>\n<p style=\"text-align: right\"><a href=\"http:\/\/radio.usal.es\/programa\/planeta-biblioteca\" target=\"_blank\" rel=\"noopener\">Planeta Biblioteca<\/a><\/p>\n<p>&nbsp;<\/p>\n<p>&nbsp;<\/p>\n<p style=\"text-align: right\"><span style=\"font-size: xx-large\">Revistas-online<\/span><span style=\"font-size: xx-large\">e<\/span><\/p>\n<table style=\"height: 63px\" width=\"190\">\n<tbody>\n<tr>\n<td width=\"142\"><a href=\"https:\/\/issuu.com\/vasodeleche\" target=\"_blank\" rel=\"noopener\"><img loading=\"lazy\" decoding=\"async\" class=\"wp-image-869 aligncenter\" src=\"https:\/\/bibliotecaetsiibejar.nwcds.usal.es\/wp-content\/uploads\/sites\/111\/2016\/07\/Vaso-de-leche-240x300.png\" alt=\"Vaso de leche\" width=\"195\" height=\"244\" srcset=\"https:\/\/bibliotecaetsiibejar.usal.es\/wp-content\/uploads\/sites\/111\/2016\/07\/Vaso-de-leche-240x300.png 240w, https:\/\/bibliotecaetsiibejar.usal.es\/wp-content\/uploads\/sites\/111\/2016\/07\/Vaso-de-leche.png 428w\" sizes=\"auto, (max-width: 195px) 100vw, 195px\" \/><\/a><\/td>\n<td width=\"142\"><a href=\"https:\/\/issuu.com\/bibliotecabiologia\/docs\" target=\"_blank\" rel=\"noopener\"><img loading=\"lazy\" decoding=\"async\" class=\"wp-image-868 aligncenter\" src=\"https:\/\/bibliotecaetsiibejar.nwcds.usal.es\/wp-content\/uploads\/sites\/111\/2016\/07\/Bionoticias-240x300.png\" alt=\"Bionoticias\" width=\"195\" height=\"244\" srcset=\"https:\/\/bibliotecaetsiibejar.usal.es\/wp-content\/uploads\/sites\/111\/2016\/07\/Bionoticias-240x300.png 240w, https:\/\/bibliotecaetsiibejar.usal.es\/wp-content\/uploads\/sites\/111\/2016\/07\/Bionoticias.png 428w\" sizes=\"auto, (max-width: 195px) 100vw, 195px\" \/><\/a><\/td>\n<\/tr>\n<tr>\n<td width=\"142\">\n<p style=\"text-align: center\">Revista de oferta cultural<\/p>\n<\/td>\n<td width=\"142\">\n<p style=\"text-align: center\">Si te interesa la biolog\u00eda<\/p>\n<\/td>\n<\/tr>\n<\/tbody>\n<\/table>\n<p>&nbsp;<\/p>\n<p style=\"text-align: right\"><span style=\"font-size: xx-large\">En-redados<\/span><\/p>\n<div style=\"padding: 10px;float: left;width: 30%;text-align: center\">\n<p>Bibliotecas USAL<\/p>\n<p><a href=\"https:\/\/twitter.com\/bibliotecasusal\" target=\"_blank\" rel=\"noopener\"><span style=\"text-decoration: underline\"><em>Twitter<\/em><\/span><\/a><br \/>\n<a href=\"http:\/\/telegram.me\/bibliousal\" target=\"_blank\" rel=\"noopener\"><span style=\"text-decoration: underline\"><em>Telegram<\/em><\/span><\/a><br \/>\n<a href=\"https:\/\/vimeo.com\/bibliotecasusal\" target=\"_blank\" rel=\"noopener\"><span style=\"text-decoration: underline\"><em>VIMEO<\/em><\/span><\/a><\/p>\n<\/div>\n<div style=\"padding: 10px;float: right;width: 65%;text-align: justify\">\n<p style=\"text-align: right\"><span style=\"text-decoration: underline\"><em>Facebook<\/em><\/span><\/p>\n<p style=\"text-align: right\"><a href=\"https:\/\/www.facebook.com\/bibliotecasusal\" target=\"_blank\" rel=\"noopener\">Bibliotecas USAL<\/a><\/p>\n<p style=\"text-align: right\"><a href=\"https:\/\/www.facebook.com\/bibliotecadebiologia\" target=\"_blank\" rel=\"noopener\">Biblioteca biolog\u00eda USAL<\/a><\/p>\n<p style=\"text-align: right\"><a href=\"https:\/\/www.facebook.com\/soyBibliotecaBejar\/\" target=\"_blank\" rel=\"noopener\">Soy biblioteca B\u00e9jar<\/a><\/p>\n<p style=\"text-align: right\"><a href=\"https:\/\/es-la.facebook.com\/pages\/Biblioteca-Abraham-Zacut\/115063431897873\" target=\"_blank\" rel=\"noopener\">Grupo abierto. Biblioteca Zacut<\/a><\/p>\n<p style=\"text-align: right\"><a href=\"https:\/\/www.facebook.com\/Biblioteca-de-la-Escuela-Universitaria-de-Educaci%C3%B3n-y-Turismo-de-%C3%81vila-958951017454764\/\" target=\"_blank\" rel=\"noopener\">Biblioteca Escuela Universitaria de Educaci\u00f3n y Turismo<\/a><\/p>\n<p style=\"text-align: right\"><a href=\"https:\/\/es-es.facebook.com\/bibliofarusal\" target=\"_blank\" rel=\"noopener\">Biblioteca Facultad de Farmacia. Universidad de Salamanca<\/a><\/p>\n<p>&nbsp;<\/p>\n<\/div>\n<p><\/p>","protected":false},"excerpt":{"rendered":"<p>BLOGS \u00a0El Astronauta. Todas las noticias de Bibliotecas USAL Todo sobre OA y sobre la ciencia en abierto USAL Noticias desde un CRAI.\u00a0Centro de recursos de aprendizaje e investigaci\u00f3n Herramientas para la innovaci\u00f3n docente desde la biblioteca USAL de Biolog\u00eda &hellip; <a href=\"https:\/\/bibliotecaetsiibejar.usal.es\/en\/estar-informado-2\/\">Continued<\/a><\/p>\n","protected":false},"author":134,"featured_media":0,"parent":0,"menu_order":0,"comment_status":"closed","ping_status":"closed","template":"","meta":{"footnotes":""},"class_list":["post-754","page","type-page","status-publish","hentry"],"aioseo_notices":[],"_links":{"self":[{"href":"https:\/\/bibliotecaetsiibejar.usal.es\/en\/wp-json\/wp\/v2\/pages\/754","targetHints":{"allow":["GET"]}}],"collection":[{"href":"https:\/\/bibliotecaetsiibejar.usal.es\/en\/wp-json\/wp\/v2\/pages"}],"about":[{"href":"https:\/\/bibliotecaetsiibejar.usal.es\/en\/wp-json\/wp\/v2\/types\/page"}],"author":[{"embeddable":true,"href":"https:\/\/bibliotecaetsiibejar.usal.es\/en\/wp-json\/wp\/v2\/users\/134"}],"replies":[{"embeddable":true,"href":"https:\/\/bibliotecaetsiibejar.usal.es\/en\/wp-json\/wp\/v2\/comments?post=754"}],"version-history":[{"count":1,"href":"https:\/\/bibliotecaetsiibejar.usal.es\/en\/wp-json\/wp\/v2\/pages\/754\/revisions"}],"predecessor-version":[{"id":2847,"href":"https:\/\/bibliotecaetsiibejar.usal.es\/en\/wp-json\/wp\/v2\/pages\/754\/revisions\/2847"}],"wp:attachment":[{"href":"https:\/\/bibliotecaetsiibejar.usal.es\/en\/wp-json\/wp\/v2\/media?parent=754"}],"curies":[{"name":"wp","href":"https:\/\/api.w.org\/{rel}","templated":true}]}}