{"id":966,"date":"2016-07-14T10:12:52","date_gmt":"2016-07-14T08:12:52","guid":{"rendered":"https:\/\/bibliotecaetsiibejar.usal.es\/?page_id=966"},"modified":"2016-07-14T10:12:52","modified_gmt":"2016-07-14T08:12:52","slug":"boletin-bibliografico","status":"publish","type":"page","link":"https:\/\/bibliotecaetsiibejar.usal.es\/en\/boletin-bibliografico\/","title":{"rendered":"Nuestros documentos"},"content":{"rendered":"<div style=\"float: left;width: 25%;padding: 1% 1% 1% 1%\" align=\"left\">\n<h2 style=\"text-align: center\">Boletines bibliogr\u00e1ficos<\/h2>\n<p align=\"center\"><img loading=\"lazy\" decoding=\"async\" class=\"alignnone wp-image-981\" src=\"https:\/\/bibliotecaetsiibejar.nwcds.usal.es\/wp-content\/uploads\/sites\/111\/2016\/07\/boletin-300x187.png\" alt=\"bolet\u00edn\" width=\"132\" height=\"83\" srcset=\"https:\/\/bibliotecaetsiibejar.usal.es\/wp-content\/uploads\/sites\/111\/2016\/07\/boletin-300x187.png 300w, https:\/\/bibliotecaetsiibejar.usal.es\/wp-content\/uploads\/sites\/111\/2016\/07\/boletin-768x479.png 768w, https:\/\/bibliotecaetsiibejar.usal.es\/wp-content\/uploads\/sites\/111\/2016\/07\/boletin.png 960w\" sizes=\"auto, (max-width: 132px) 100vw, 132px\" \/><\/p>\n<p align=\"center\"><a href=\"https:\/\/bibliotecaetsiibejar.nwcds.usal.es\/wp-content\/uploads\/sites\/111\/2016\/07\/2015-Abril-gd-1.pdf\" target=\"_blank\" rel=\"noopener\">Abril\/2015<\/a><\/p>\n<p align=\"center\"><a href=\"https:\/\/bibliotecaetsiibejar.nwcds.usal.es\/wp-content\/uploads\/sites\/111\/2016\/07\/2015-Mayo-gd-1.pdf\" target=\"_blank\" rel=\"noopener\">Mayo\/2015<\/a><\/p>\n<p align=\"center\"><a href=\"https:\/\/bibliotecaetsiibejar.nwcds.usal.es\/wp-content\/uploads\/sites\/111\/2016\/07\/2015-Junio-gd.pdf\" target=\"_blank\" rel=\"noopener\">Junio\/2015<\/a><\/p>\n<p align=\"center\"><a href=\"https:\/\/bibliotecaetsiibejar.nwcds.usal.es\/wp-content\/uploads\/sites\/111\/2016\/07\/2015-Octubre-gd.pdf\" target=\"_blank\" rel=\"noopener\">Octubre\/2015<\/a><\/p>\n<p align=\"center\"><a href=\"https:\/\/bibliotecaetsiibejar.nwcds.usal.es\/wp-content\/uploads\/sites\/111\/2016\/07\/2015-Noviembre-gd.pdf\" target=\"_blank\" rel=\"noopener\">Noviembre\/2015<\/a><\/p>\n<p align=\"center\"><a href=\"https:\/\/bibliotecaetsiibejar.nwcds.usal.es\/wp-content\/uploads\/sites\/111\/2016\/07\/2015-Diciembre-gd-1.pdf\" target=\"_blank\" rel=\"noopener\">Diciembre\/2015<\/a><\/p>\n<p align=\"center\"><a href=\"https:\/\/bibliotecaetsiibejar.nwcds.usal.es\/wp-content\/uploads\/sites\/111\/2016\/07\/2016-Enero-gd.pdf\" target=\"_blank\" rel=\"noopener\">Enero\/2016<\/a><\/p>\n<p align=\"center\"><a href=\"https:\/\/bibliotecaetsiibejar.nwcds.usal.es\/wp-content\/uploads\/sites\/111\/2016\/07\/2016-Febrero-gd.pdf\" target=\"_blank\" rel=\"noopener\">Febrero\/2016<\/a><\/p>\n<p align=\"center\"><a href=\"https:\/\/bibliotecaetsiibejar.nwcds.usal.es\/wp-content\/uploads\/sites\/111\/2016\/07\/2016-Marzo-gd.pdf\" target=\"_blank\" rel=\"noopener\">Marzo\/2016<\/a><\/p>\n<p align=\"center\"><a href=\"https:\/\/bibliotecaetsiibejar.nwcds.usal.es\/wp-content\/uploads\/sites\/111\/2016\/07\/2016-Abril-Mayo-gd.pdf\" target=\"_blank\" rel=\"noopener\">Abril-Mayo\/2016<\/a><\/p>\n<p align=\"center\"><a href=\"https:\/\/bibliotecaetsiibejar.nwcds.usal.es\/wp-content\/uploads\/sites\/111\/2016\/09\/boletin-bibliografico-Septiembre-2016.pdf\">Junio-Septiembre\/2016<\/a><\/p>\n<p align=\"center\"><a href=\"https:\/\/bibliotecaetsiibejar.nwcds.usal.es\/wp-content\/uploads\/sites\/111\/2017\/01\/Boletin-Octubre-Diciembre-2016.pdf\">Octubre-Diciembre\/2016 <\/a><\/p>\n<p align=\"center\"><a href=\"https:\/\/bibliotecaetsiibejar.nwcds.usal.es\/wp-content\/uploads\/sites\/111\/2017\/02\/Boletin-Febrero-2017.pdf\">Enero-Febrero\/2017 <\/a><\/p>\n<p align=\"center\"><a href=\"https:\/\/bibliotecaetsiibejar.nwcds.usal.es\/wp-content\/uploads\/sites\/111\/2017\/04\/Boletin-Marzo-2017.pdf\">Marzo\/2017 <\/a><\/p>\n<p align=\"center\"><a href=\"https:\/\/bibliotecaetsiibejar.nwcds.usal.es\/wp-content\/uploads\/sites\/111\/2017\/05\/Boletin-Abril-2017.pdf\">Abril\/2017 <\/a><\/p>\n<p align=\"center\"><a href=\"https:\/\/bibliotecaetsiibejar.nwcds.usal.es\/wp-content\/uploads\/sites\/111\/2017\/06\/Boletin-Mayo-2017.pdf\">Mayo\/2017 <\/a><\/p>\n<p align=\"center\"><a href=\"https:\/\/bibliotecaetsiibejar.nwcds.usal.es\/wp-content\/uploads\/sites\/111\/2017\/07\/Boletin-Junio-2017.pdf\">Junio\/2017 <\/a><\/p>\n<p align=\"center\"><a href=\"https:\/\/bibliotecaetsiibejar.nwcds.usal.es\/wp-content\/uploads\/sites\/111\/2017\/09\/Boletin-Agosto-Septiembre.pdf\">Agosto-Septiembre\/2017 <\/a><\/p>\n<p align=\"center\"><a href=\"https:\/\/bibliotecaetsiibejar.nwcds.usal.es\/wp-content\/uploads\/sites\/111\/2017\/12\/Boletin-Noviembre-2017.pdf\">Noviembre\/2017 <\/a><\/p>\n<p align=\"center\"><a href=\"https:\/\/bibliotecaetsiibejar.nwcds.usal.es\/wp-content\/uploads\/sites\/111\/2018\/01\/Boletin-Enero-2018.pdf\">Enero\/2018 <\/a><\/p>\n<p align=\"center\"><a href=\"https:\/\/bibliotecaetsiibejar.nwcds.usal.es\/wp-content\/uploads\/sites\/111\/2018\/05\/Boletin-Mayo-2018.pdf\">Mayo\/2018 <\/a><\/p>\n<\/div>\n<div style=\"float: left;width: 15%;padding: 1%;text-align: center\" align=\"left\">\n<h2 style=\"text-align: center\">Carteles<\/h2>\n<p align=\"center\"><a href=\"https:\/\/bibliotecaetsiibejar.nwcds.usal.es\/wp-content\/uploads\/sites\/111\/2016\/09\/Cartel_sala_estudio_A3.pdf\" target=\"_blank\" rel=\"noopener\">Sala de estudios<\/a><\/p>\n<p align=\"center\"><a href=\"https:\/\/bibliotecaetsiibejar.nwcds.usal.es\/wp-content\/uploads\/sites\/111\/2016\/09\/CARTEL-CIELO.pdf\" target=\"_blank\" rel=\"noopener\">Cielo<\/a><\/p>\n<p align=\"center\"><a href=\"https:\/\/bibliotecaetsiibejar.nwcds.usal.es\/wp-content\/uploads\/sites\/111\/2016\/09\/bookcrossing.pdf\" target=\"_blank\" rel=\"noopener\">Bookcrossing<\/a><\/p>\n<p align=\"center\"><a href=\"https:\/\/bibliotecaetsiibejar.nwcds.usal.es\/wp-content\/uploads\/sites\/111\/2016\/09\/Doc1.pdf\" target=\"_blank\" rel=\"noopener\">T\u00e9<\/a><\/p>\n<p align=\"center\"><a href=\"https:\/\/bibliotecaetsiibejar.nwcds.usal.es\/wp-content\/uploads\/sites\/111\/2016\/09\/cartel2.pdf\" target=\"_blank\" rel=\"noopener\">Ingenier\u00eda B\u00e9jar<\/a><\/p>\n<p align=\"center\"><a href=\"https:\/\/bibliotecaetsiibejar.nwcds.usal.es\/wp-content\/uploads\/sites\/111\/2016\/09\/cartel1.pdf\" target=\"_blank\" rel=\"noopener\">Universidad de la Experiencia<\/a><\/p>\n<p align=\"center\"><a href=\"https:\/\/bibliotecaetsiibejar.nwcds.usal.es\/wp-content\/uploads\/sites\/111\/2016\/09\/cartel.pdf\" target=\"_blank\" rel=\"noopener\">Exposici\u00f3n 164 a\u00f1os de vida<\/a><\/p>\n<p align=\"center\"><a href=\"https:\/\/bibliotecaetsiibejar.nwcds.usal.es\/wp-content\/uploads\/sites\/111\/2016\/09\/Cartel-redes-sociales.pdf\" target=\"_blank\" rel=\"noopener\">Redes sociales<\/a><\/p>\n<p align=\"center\"><a href=\"https:\/\/bibliotecaetsiibejar.nwcds.usal.es\/wp-content\/uploads\/sites\/111\/2016\/09\/pasa-sep2015A3.pdf\" target=\"_blank\" rel=\"noopener\">El que lee mucho&#8230;<\/a><\/p>\n<\/div>\n<div style=\"float: left;width: 25%;padding: 1%;text-align: center\" align=\"left\">\n<h2 style=\"text-align: center\">Exposiciones<\/h2>\n<p align=\"center\"><a href=\"https:\/\/bibliotecaetsiibejar.nwcds.usal.es\/wp-content\/uploads\/sites\/111\/2016\/09\/164anosEscuelaIngenierosBejar-.pdf\" target=\"_blank\" rel=\"noopener\">164 a\u00f1os de la Escuela de Ingenieros de B\u00e9jar<\/a><\/p>\n<p align=\"center\"><a href=\"https:\/\/bibliotecaetsiibejar.nwcds.usal.es\/wp-content\/uploads\/sites\/111\/2017\/03\/exposicion-finalizada.pdf\" target=\"_blank\" rel=\"noopener\">Un ingeniero para un Rey<\/a><\/p>\n<\/div>\n<div style=\"float: left;width: 25%;padding: 1%;text-align: center\" align=\"left\">\n<h2 style=\"text-align: center\">Memorias<\/h2>\n<p align=\"center\"><a href=\"https:\/\/bibliotecaetsiibejar.nwcds.usal.es\/wp-content\/uploads\/sites\/111\/2016\/09\/memoria-ene-jun-2015.pdf\" target=\"_blank\" rel=\"noopener\">Memoria ene-jun 2015<\/a><\/p>\n<p align=\"center\"><a href=\"https:\/\/bibliotecaetsiibejar.nwcds.usal.es\/wp-content\/uploads\/sites\/111\/2016\/09\/Memoria-Bib.-ETSII-Bejar-2016.pdf\" target=\"_blank\" rel=\"noopener\">Memoria 2016<\/a><\/p>\n<p align=\"center\"><a href=\"https:\/\/bibliotecaetsiibejar.nwcds.usal.es\/wp-content\/uploads\/sites\/111\/2018\/01\/Memoria-Bib.-ETSII-Bejar-2017.pdf\" target=\"_blank\" rel=\"noopener\">Memoria 2017<\/a><\/p>\n<\/div>\n","protected":false},"excerpt":{"rendered":"<p>Boletines bibliogr\u00e1ficos Abril\/2015 Mayo\/2015 Junio\/2015 Octubre\/2015 Noviembre\/2015 Diciembre\/2015 Enero\/2016 Febrero\/2016 Marzo\/2016 Abril-Mayo\/2016 Junio-Septiembre\/2016 Octubre-Diciembre\/2016 Enero-Febrero\/2017 Marzo\/2017 Abril\/2017 Mayo\/2017 Junio\/2017 Agosto-Septiembre\/2017 Noviembre\/2017 Enero\/2018 Mayo\/2018 Carteles Sala de estudios Cielo Bookcrossing T\u00e9 Ingenier\u00eda B\u00e9jar Universidad de la Experiencia Exposici\u00f3n 164 a\u00f1os de &hellip; <a href=\"https:\/\/bibliotecaetsiibejar.usal.es\/en\/boletin-bibliografico\/\">Continued<\/a><\/p>\n","protected":false},"author":134,"featured_media":0,"parent":0,"menu_order":0,"comment_status":"closed","ping_status":"closed","template":"","meta":{"footnotes":""},"class_list":["post-966","page","type-page","status-publish","hentry"],"aioseo_notices":[],"_links":{"self":[{"href":"https:\/\/bibliotecaetsiibejar.usal.es\/en\/wp-json\/wp\/v2\/pages\/966","targetHints":{"allow":["GET"]}}],"collection":[{"href":"https:\/\/bibliotecaetsiibejar.usal.es\/en\/wp-json\/wp\/v2\/pages"}],"about":[{"href":"https:\/\/bibliotecaetsiibejar.usal.es\/en\/wp-json\/wp\/v2\/types\/page"}],"author":[{"embeddable":true,"href":"https:\/\/bibliotecaetsiibejar.usal.es\/en\/wp-json\/wp\/v2\/users\/134"}],"replies":[{"embeddable":true,"href":"https:\/\/bibliotecaetsiibejar.usal.es\/en\/wp-json\/wp\/v2\/comments?post=966"}],"version-history":[{"count":0,"href":"https:\/\/bibliotecaetsiibejar.usal.es\/en\/wp-json\/wp\/v2\/pages\/966\/revisions"}],"wp:attachment":[{"href":"https:\/\/bibliotecaetsiibejar.usal.es\/en\/wp-json\/wp\/v2\/media?parent=966"}],"curies":[{"name":"wp","href":"https:\/\/api.w.org\/{rel}","templated":true}]}}